{"id":2493,"date":"2025-05-14T10:53:59","date_gmt":"2025-05-14T10:53:59","guid":{"rendered":"https:\/\/caviar-de-neuvic.com\/produits\/bougie-odorante\/"},"modified":"2025-11-27T14:48:58","modified_gmt":"2025-11-27T13:48:58","slug":"bougie-odorante","status":"publish","type":"product","link":"https:\/\/caviar-de-neuvic.com\/fr\/p\/accueil\/accompagner-le-caviar\/bougie-odorante\/","title":{"rendered":"Bougie odorante"},"content":{"rendered":"","protected":false},"excerpt":{"rendered":"<p>Apportez une touche de s\u00e9r\u00e9nit\u00e9 \u00e0 votre int\u00e9rieur avec notre bougie parfum\u00e9e au c\u00e8dre. \u00c9labor\u00e9e avec soin, elle allie savoir-faire artisanal et parfums raffin\u00e9s pour vous offrir un v\u00e9ritable voyage olfactif.<\/p>\n<p>Compos\u00e9e de cire 100 % v\u00e9g\u00e9tale et naturelle, cette bougie respecte l\u2019environnement et ne contient aucun additif chimique, assurant ainsi une combustion propre et saine. Son parfum captivant de c\u00e8dre diffuse une atmosph\u00e8re chaleureuse et authentique, id\u00e9ale pour cr\u00e9er un cocon de bien-\u00eatre.<\/p>\n<p>Chaque bougie est pens\u00e9e pour sublimer votre espace tout en y insufflant \u00e9l\u00e9gance et apaisement.<\/p>\n<ul style=\"list-style-type: circle;\">\n<li>Notes de t\u00eate : Eucalyptus, Thym<\/li>\n<li>Notes de c\u0153ur : Noix de muscade, Rose<\/li>\n<li>Notes de fond : C\u00e8dre, \u00c9pices<\/li>\n<\/ul>\n<p>Conseils d\u2019utilisation : Lors de la premi\u00e8re utilisation, laissez la bougie br\u00fbler 2 \u00e0 3 heures afin que la cire fonde uniform\u00e9ment, \u00e9vitant ainsi la formation d\u2019un creux. Coupez r\u00e9guli\u00e8rement la m\u00e8che \u00e0 une longueur de 3 \u00e0 5 mm pour une flamme stable et une combustion homog\u00e8ne. Assurez-vous que la m\u00e8che reste droite et centr\u00e9e avant d\u2019\u00e9teindre la bougie. A\u00e9rez votre pi\u00e8ce apr\u00e8s chaque utilisation pour pr\u00e9server la puret\u00e9 du parfum.<\/p>\n","protected":false},"featured_media":2492,"template":"","meta":{"_acf_changed":false,"ocean_post_layout":"","ocean_both_sidebars_style":"","ocean_both_sidebars_content_width":0,"ocean_both_sidebars_sidebars_width":0,"ocean_sidebar":"0","ocean_second_sidebar":"0","ocean_disable_margins":"enable","ocean_add_body_class":"","ocean_shortcode_before_top_bar":"","ocean_shortcode_after_top_bar":"","ocean_shortcode_before_header":"","ocean_shortcode_after_header":"","ocean_has_shortcode":"","ocean_shortcode_after_title":"","ocean_shortcode_before_footer_widgets":"","ocean_shortcode_after_footer_widgets":"","ocean_shortcode_before_footer_bottom":"","ocean_shortcode_after_footer_bottom":"","ocean_display_top_bar":"default","ocean_display_header":"default","ocean_header_style":"","ocean_center_header_left_menu":"0","ocean_custom_header_template":"0","ocean_custom_logo":0,"ocean_custom_retina_logo":0,"ocean_custom_logo_max_width":0,"ocean_custom_logo_tablet_max_width":0,"ocean_custom_logo_mobile_max_width":0,"ocean_custom_logo_max_height":0,"ocean_custom_logo_tablet_max_height":0,"ocean_custom_logo_mobile_max_height":0,"ocean_header_custom_menu":"0","ocean_menu_typo_font_family":"0","ocean_menu_typo_font_subset":"","ocean_menu_typo_font_size":0,"ocean_menu_typo_font_size_tablet":0,"ocean_menu_typo_font_size_mobile":0,"ocean_menu_typo_font_size_unit":"px","ocean_menu_typo_font_weight":"","ocean_menu_typo_font_weight_tablet":"","ocean_menu_typo_font_weight_mobile":"","ocean_menu_typo_transform":"","ocean_menu_typo_transform_tablet":"","ocean_menu_typo_transform_mobile":"","ocean_menu_typo_line_height":0,"ocean_menu_typo_line_height_tablet":0,"ocean_menu_typo_line_height_mobile":0,"ocean_menu_typo_line_height_unit":"","ocean_menu_typo_spacing":0,"ocean_menu_typo_spacing_tablet":0,"ocean_menu_typo_spacing_mobile":0,"ocean_menu_typo_spacing_unit":"","ocean_menu_link_color":"","ocean_menu_link_color_hover":"","ocean_menu_link_color_active":"","ocean_menu_link_background":"","ocean_menu_link_hover_background":"","ocean_menu_link_active_background":"","ocean_menu_social_links_bg":"","ocean_menu_social_hover_links_bg":"","ocean_menu_social_links_color":"","ocean_menu_social_hover_links_color":"","ocean_disable_title":"default","ocean_disable_heading":"default","ocean_post_title":"","ocean_post_subheading":"","ocean_post_title_style":"","ocean_post_title_background_color":"","ocean_post_title_background":0,"ocean_post_title_bg_image_position":"","ocean_post_title_bg_image_attachment":"","ocean_post_title_bg_image_repeat":"","ocean_post_title_bg_image_size":"","ocean_post_title_height":0,"ocean_post_title_bg_overlay":0.5,"ocean_post_title_bg_overlay_color":"","ocean_disable_breadcrumbs":"default","ocean_breadcrumbs_color":"","ocean_breadcrumbs_separator_color":"","ocean_breadcrumbs_links_color":"","ocean_breadcrumbs_links_hover_color":"","ocean_display_footer_widgets":"default","ocean_display_footer_bottom":"default","ocean_custom_footer_template":"0","omw_enable_modal_window":"enable"},"product_brand":[],"product_cat":[21],"product_tag":[],"class_list":{"0":"post-2493","1":"product","2":"type-product","3":"status-publish","4":"has-post-thumbnail","6":"product_cat-accompagner-le-caviar","7":"product_shipping_class-sec","8":"pa_livraison-sec","10":"entry","11":"has-media","13":"first","14":"instock","15":"taxable","16":"shipping-taxable","17":"purchasable","18":"product-type-simple","19":"has-product-nav","20":"col","21":"span_1_of_3","22":"owp-content-center","23":"item-entry","24":"owp-thumbs-layout-vertical","25":"owp-btn-normal","26":"owp-tabs-layout-horizontal"},"acf":[],"yoast_head":"<!-- This site is optimized with the Yoast SEO plugin v27.5 - https:\/\/yoast.com\/product\/yoast-seo-wordpress\/ -->\n<title>Bougie odorante - Caviar de Neuvic<\/title>\n<meta name=\"description\" content=\"Apportez une touche de s\u00e9r\u00e9nit\u00e9 \u00e0 votre int\u00e9rieur avec notre bougie parfum\u00e9e au c\u00e8dre. \u00c9labor\u00e9e avec soin, elle allie savoir-faire artisanal et parfums raffin\u00e9s pour vous offrir un v\u00e9ritable voyage olfactif.\" \/>\n<meta name=\"robots\" content=\"index, follow, max-snippet:-1, max-image-preview:large, max-video-preview:-1\" \/>\n<link rel=\"canonical\" href=\"https:\/\/caviar-de-neuvic.com\/fr\/p\/accueil\/accompagner-le-caviar\/bougie-odorante\/\" \/>\n<meta property=\"og:locale\" content=\"fr_FR\" \/>\n<meta property=\"og:type\" content=\"article\" \/>\n<meta property=\"og:title\" content=\"Bougie odorante - Caviar de Neuvic\" \/>\n<meta property=\"og:description\" content=\"Apportez une touche de s\u00e9r\u00e9nit\u00e9 \u00e0 votre int\u00e9rieur avec notre bougie parfum\u00e9e au c\u00e8dre. \u00c9labor\u00e9e avec soin, elle allie savoir-faire artisanal et parfums raffin\u00e9s pour vous offrir un v\u00e9ritable voyage olfactif.\" \/>\n<meta property=\"og:url\" content=\"https:\/\/caviar-de-neuvic.com\/fr\/p\/accueil\/accompagner-le-caviar\/bougie-odorante\/\" \/>\n<meta property=\"og:site_name\" content=\"Producteur Fran\u00e7ais De Caviar\" \/>\n<meta property=\"article:modified_time\" content=\"2025-11-27T13:48:58+00:00\" \/>\n<meta property=\"og:image\" content=\"https:\/\/caviar-de-neuvic.com\/wp-content\/uploads\/2025\/05\/2950-Bougie-odorante.jpg\" \/>\n\t<meta property=\"og:image:width\" content=\"1100\" \/>\n\t<meta property=\"og:image:height\" content=\"1422\" \/>\n\t<meta property=\"og:image:type\" content=\"image\/jpeg\" \/>\n<meta name=\"twitter:card\" content=\"summary_large_image\" \/>\n<meta name=\"twitter:label1\" content=\"Dur\u00e9e de lecture estim\u00e9e\" \/>\n\t<meta name=\"twitter:data1\" content=\"1 minute\" \/>\n<script type=\"application\/ld+json\" class=\"yoast-schema-graph\">{\"@context\":\"https:\\\/\\\/schema.org\",\"@graph\":[{\"@type\":\"WebPage\",\"@id\":\"https:\\\/\\\/caviar-de-neuvic.com\\\/p\\\/accueil\\\/accompagner-le-caviar\\\/bougie-odorante\\\/\",\"url\":\"https:\\\/\\\/caviar-de-neuvic.com\\\/p\\\/accueil\\\/accompagner-le-caviar\\\/bougie-odorante\\\/\",\"name\":\"Bougie odorante - Caviar de Neuvic\",\"isPartOf\":{\"@id\":\"http:\\\/\\\/caviar-de-neuvic.com\\\/fr\\\/#website\"},\"primaryImageOfPage\":{\"@id\":\"https:\\\/\\\/caviar-de-neuvic.com\\\/p\\\/accueil\\\/accompagner-le-caviar\\\/bougie-odorante\\\/#primaryimage\"},\"image\":{\"@id\":\"https:\\\/\\\/caviar-de-neuvic.com\\\/p\\\/accueil\\\/accompagner-le-caviar\\\/bougie-odorante\\\/#primaryimage\"},\"thumbnailUrl\":\"https:\\\/\\\/caviar-de-neuvic.com\\\/wp-content\\\/uploads\\\/2025\\\/05\\\/2950-Bougie-odorante.jpg\",\"datePublished\":\"2025-05-14T10:53:59+00:00\",\"dateModified\":\"2025-11-27T13:48:58+00:00\",\"description\":\"Apportez une touche de s\u00e9r\u00e9nit\u00e9 \u00e0 votre int\u00e9rieur avec notre bougie parfum\u00e9e au c\u00e8dre. \u00c9labor\u00e9e avec soin, elle allie savoir-faire artisanal et parfums raffin\u00e9s pour vous offrir un v\u00e9ritable voyage olfactif.\",\"breadcrumb\":{\"@id\":\"https:\\\/\\\/caviar-de-neuvic.com\\\/p\\\/accueil\\\/accompagner-le-caviar\\\/bougie-odorante\\\/#breadcrumb\"},\"inLanguage\":\"fr-FR\",\"potentialAction\":[{\"@type\":\"ReadAction\",\"target\":[\"https:\\\/\\\/caviar-de-neuvic.com\\\/p\\\/accueil\\\/accompagner-le-caviar\\\/bougie-odorante\\\/\"]}]},{\"@type\":\"ImageObject\",\"inLanguage\":\"fr-FR\",\"@id\":\"https:\\\/\\\/caviar-de-neuvic.com\\\/p\\\/accueil\\\/accompagner-le-caviar\\\/bougie-odorante\\\/#primaryimage\",\"url\":\"https:\\\/\\\/caviar-de-neuvic.com\\\/wp-content\\\/uploads\\\/2025\\\/05\\\/2950-Bougie-odorante.jpg\",\"contentUrl\":\"https:\\\/\\\/caviar-de-neuvic.com\\\/wp-content\\\/uploads\\\/2025\\\/05\\\/2950-Bougie-odorante.jpg\",\"width\":1100,\"height\":1422,\"caption\":\"Bougie odorante\"},{\"@type\":\"BreadcrumbList\",\"@id\":\"https:\\\/\\\/caviar-de-neuvic.com\\\/p\\\/accueil\\\/accompagner-le-caviar\\\/bougie-odorante\\\/#breadcrumb\",\"itemListElement\":[{\"@type\":\"ListItem\",\"position\":1,\"name\":\"Caviar de Neuvic\",\"item\":\"https:\\\/\\\/caviar-de-neuvic.com\\\/\"},{\"@type\":\"ListItem\",\"position\":2,\"name\":\"Shop\",\"item\":\"https:\\\/\\\/caviar-de-neuvic.com\\\/en\\\/shop\\\/\"},{\"@type\":\"ListItem\",\"position\":3,\"name\":\"Bougie odorante\"}]},{\"@type\":\"WebSite\",\"@id\":\"http:\\\/\\\/caviar-de-neuvic.com\\\/fr\\\/#website\",\"url\":\"http:\\\/\\\/caviar-de-neuvic.com\\\/fr\\\/\",\"name\":\"Producteur Fran\u00e7ais De Caviar\",\"description\":\"\",\"publisher\":{\"@id\":\"http:\\\/\\\/caviar-de-neuvic.com\\\/fr\\\/#organization\"},\"potentialAction\":[{\"@type\":\"SearchAction\",\"target\":{\"@type\":\"EntryPoint\",\"urlTemplate\":\"http:\\\/\\\/caviar-de-neuvic.com\\\/fr\\\/?s={search_term_string}\"},\"query-input\":{\"@type\":\"PropertyValueSpecification\",\"valueRequired\":true,\"valueName\":\"search_term_string\"}}],\"inLanguage\":\"fr-FR\"},{\"@type\":\"Organization\",\"@id\":\"http:\\\/\\\/caviar-de-neuvic.com\\\/fr\\\/#organization\",\"name\":\"Producteur Fran\u00e7ais De Caviar\",\"url\":\"http:\\\/\\\/caviar-de-neuvic.com\\\/fr\\\/\",\"logo\":{\"@type\":\"ImageObject\",\"inLanguage\":\"fr-FR\",\"@id\":\"http:\\\/\\\/caviar-de-neuvic.com\\\/fr\\\/#\\\/schema\\\/logo\\\/image\\\/\",\"url\":\"\",\"contentUrl\":\"\",\"caption\":\"Producteur Fran\u00e7ais De Caviar\"},\"image\":{\"@id\":\"http:\\\/\\\/caviar-de-neuvic.com\\\/fr\\\/#\\\/schema\\\/logo\\\/image\\\/\"}}]}<\/script>\n<!-- \/ Yoast SEO plugin. -->","yoast_head_json":{"title":"Bougie odorante - Caviar de Neuvic","description":"Apportez une touche de s\u00e9r\u00e9nit\u00e9 \u00e0 votre int\u00e9rieur avec notre bougie parfum\u00e9e au c\u00e8dre. \u00c9labor\u00e9e avec soin, elle allie savoir-faire artisanal et parfums raffin\u00e9s pour vous offrir un v\u00e9ritable voyage olfactif.","robots":{"index":"index","follow":"follow","max-snippet":"max-snippet:-1","max-image-preview":"max-image-preview:large","max-video-preview":"max-video-preview:-1"},"canonical":"https:\/\/caviar-de-neuvic.com\/fr\/p\/accueil\/accompagner-le-caviar\/bougie-odorante\/","og_locale":"fr_FR","og_type":"article","og_title":"Bougie odorante - Caviar de Neuvic","og_description":"Apportez une touche de s\u00e9r\u00e9nit\u00e9 \u00e0 votre int\u00e9rieur avec notre bougie parfum\u00e9e au c\u00e8dre. \u00c9labor\u00e9e avec soin, elle allie savoir-faire artisanal et parfums raffin\u00e9s pour vous offrir un v\u00e9ritable voyage olfactif.","og_url":"https:\/\/caviar-de-neuvic.com\/fr\/p\/accueil\/accompagner-le-caviar\/bougie-odorante\/","og_site_name":"Producteur Fran\u00e7ais De Caviar","article_modified_time":"2025-11-27T13:48:58+00:00","og_image":[{"width":1100,"height":1422,"url":"https:\/\/caviar-de-neuvic.com\/wp-content\/uploads\/2025\/05\/2950-Bougie-odorante.jpg","type":"image\/jpeg"}],"twitter_card":"summary_large_image","twitter_misc":{"Dur\u00e9e de lecture estim\u00e9e":"1 minute"},"schema":{"@context":"https:\/\/schema.org","@graph":[{"@type":"WebPage","@id":"https:\/\/caviar-de-neuvic.com\/p\/accueil\/accompagner-le-caviar\/bougie-odorante\/","url":"https:\/\/caviar-de-neuvic.com\/p\/accueil\/accompagner-le-caviar\/bougie-odorante\/","name":"Bougie odorante - Caviar de Neuvic","isPartOf":{"@id":"http:\/\/caviar-de-neuvic.com\/fr\/#website"},"primaryImageOfPage":{"@id":"https:\/\/caviar-de-neuvic.com\/p\/accueil\/accompagner-le-caviar\/bougie-odorante\/#primaryimage"},"image":{"@id":"https:\/\/caviar-de-neuvic.com\/p\/accueil\/accompagner-le-caviar\/bougie-odorante\/#primaryimage"},"thumbnailUrl":"https:\/\/caviar-de-neuvic.com\/wp-content\/uploads\/2025\/05\/2950-Bougie-odorante.jpg","datePublished":"2025-05-14T10:53:59+00:00","dateModified":"2025-11-27T13:48:58+00:00","description":"Apportez une touche de s\u00e9r\u00e9nit\u00e9 \u00e0 votre int\u00e9rieur avec notre bougie parfum\u00e9e au c\u00e8dre. \u00c9labor\u00e9e avec soin, elle allie savoir-faire artisanal et parfums raffin\u00e9s pour vous offrir un v\u00e9ritable voyage olfactif.","breadcrumb":{"@id":"https:\/\/caviar-de-neuvic.com\/p\/accueil\/accompagner-le-caviar\/bougie-odorante\/#breadcrumb"},"inLanguage":"fr-FR","potentialAction":[{"@type":"ReadAction","target":["https:\/\/caviar-de-neuvic.com\/p\/accueil\/accompagner-le-caviar\/bougie-odorante\/"]}]},{"@type":"ImageObject","inLanguage":"fr-FR","@id":"https:\/\/caviar-de-neuvic.com\/p\/accueil\/accompagner-le-caviar\/bougie-odorante\/#primaryimage","url":"https:\/\/caviar-de-neuvic.com\/wp-content\/uploads\/2025\/05\/2950-Bougie-odorante.jpg","contentUrl":"https:\/\/caviar-de-neuvic.com\/wp-content\/uploads\/2025\/05\/2950-Bougie-odorante.jpg","width":1100,"height":1422,"caption":"Bougie odorante"},{"@type":"BreadcrumbList","@id":"https:\/\/caviar-de-neuvic.com\/p\/accueil\/accompagner-le-caviar\/bougie-odorante\/#breadcrumb","itemListElement":[{"@type":"ListItem","position":1,"name":"Caviar de Neuvic","item":"https:\/\/caviar-de-neuvic.com\/"},{"@type":"ListItem","position":2,"name":"Shop","item":"https:\/\/caviar-de-neuvic.com\/en\/shop\/"},{"@type":"ListItem","position":3,"name":"Bougie odorante"}]},{"@type":"WebSite","@id":"http:\/\/caviar-de-neuvic.com\/fr\/#website","url":"http:\/\/caviar-de-neuvic.com\/fr\/","name":"Producteur Fran\u00e7ais De Caviar","description":"","publisher":{"@id":"http:\/\/caviar-de-neuvic.com\/fr\/#organization"},"potentialAction":[{"@type":"SearchAction","target":{"@type":"EntryPoint","urlTemplate":"http:\/\/caviar-de-neuvic.com\/fr\/?s={search_term_string}"},"query-input":{"@type":"PropertyValueSpecification","valueRequired":true,"valueName":"search_term_string"}}],"inLanguage":"fr-FR"},{"@type":"Organization","@id":"http:\/\/caviar-de-neuvic.com\/fr\/#organization","name":"Producteur Fran\u00e7ais De Caviar","url":"http:\/\/caviar-de-neuvic.com\/fr\/","logo":{"@type":"ImageObject","inLanguage":"fr-FR","@id":"http:\/\/caviar-de-neuvic.com\/fr\/#\/schema\/logo\/image\/","url":"","contentUrl":"","caption":"Producteur Fran\u00e7ais De Caviar"},"image":{"@id":"http:\/\/caviar-de-neuvic.com\/fr\/#\/schema\/logo\/image\/"}}]}},"_links":{"self":[{"href":"https:\/\/caviar-de-neuvic.com\/fr\/wp-json\/wp\/v2\/product\/2493","targetHints":{"allow":["GET"]}}],"collection":[{"href":"https:\/\/caviar-de-neuvic.com\/fr\/wp-json\/wp\/v2\/product"}],"about":[{"href":"https:\/\/caviar-de-neuvic.com\/fr\/wp-json\/wp\/v2\/types\/product"}],"version-history":[{"count":2,"href":"https:\/\/caviar-de-neuvic.com\/fr\/wp-json\/wp\/v2\/product\/2493\/revisions"}],"predecessor-version":[{"id":29852,"href":"https:\/\/caviar-de-neuvic.com\/fr\/wp-json\/wp\/v2\/product\/2493\/revisions\/29852"}],"wp:featuredmedia":[{"embeddable":true,"href":"https:\/\/caviar-de-neuvic.com\/fr\/wp-json\/wp\/v2\/media\/2492"}],"wp:attachment":[{"href":"https:\/\/caviar-de-neuvic.com\/fr\/wp-json\/wp\/v2\/media?parent=2493"}],"wp:term":[{"taxonomy":"product_brand","embeddable":true,"href":"https:\/\/caviar-de-neuvic.com\/fr\/wp-json\/wp\/v2\/product_brand?post=2493"},{"taxonomy":"product_cat","embeddable":true,"href":"https:\/\/caviar-de-neuvic.com\/fr\/wp-json\/wp\/v2\/product_cat?post=2493"},{"taxonomy":"product_tag","embeddable":true,"href":"https:\/\/caviar-de-neuvic.com\/fr\/wp-json\/wp\/v2\/product_tag?post=2493"}],"curies":[{"name":"wp","href":"https:\/\/api.w.org\/{rel}","templated":true}]}}