{"id":29750,"date":"2025-10-09T15:43:54","date_gmt":"2025-10-09T13:43:54","guid":{"rendered":"http:\/\/caviar-de-neuvic.com\/fr\/?post_type=product&#038;p=29750"},"modified":"2025-12-27T11:41:00","modified_gmt":"2025-12-27T10:41:00","slug":"pate-neuvicois","status":"publish","type":"product","link":"https:\/\/caviar-de-neuvic.com\/fr\/p\/accueil\/l-epicerie-neuvic\/epicerie-perigord\/pate-neuvicois\/","title":{"rendered":"Pat\u00e9 Neuvicois"},"content":{"rendered":"","protected":false},"excerpt":{"rendered":"<p>Le pat\u00e9 Neuvicois est \u00e9labor\u00e9e selon une recette traditionnelle du P\u00e9rigord, symbole de la gastronomie r\u00e9gionale. Elle associe une chair de porc savoureusement parfum\u00e9e au Cognac \u00e0 un insert central de bloc de Foie Gras de Canard, offrant une texture fondante et harmonieuse.<\/p>\n<p>Chaque bouch\u00e9e r\u00e9v\u00e8le l\u2019\u00e9quilibre parfait entre la rusticit\u00e9 du p\u00e2t\u00e9 et la finesse du foie gras. Pr\u00e9par\u00e9e avec des mati\u00e8res premi\u00e8res rigoureusement s\u00e9lectionn\u00e9es, cette terrine refl\u00e8te l\u2019engagement de Caviar de Neuvic pour des cr\u00e9ations authentiques et fid\u00e8les au terroir.<\/p>\n<h2>Un\u00a0pat\u00e9 embl\u00e9matique du terroir<\/h2>\n<p>\u00c0 savourer sur un pain rustique bien frais, ce p\u00e2t\u00e9 se r\u00e9v\u00e8le encore plus gourmand lorsqu\u2019il est accompagn\u00e9 d\u2019une pinc\u00e9e de fleur de sel ou d\u2019un confit d\u2019oignons. Il constitue une entr\u00e9e raffin\u00e9e et conviviale, id\u00e9ale pour sublimer vos repas en famille ou entre amis. Le pat\u00e9 Neuvicois est un v\u00e9ritable hommage aux saveurs p\u00e9rigourdines : un produit authentique, g\u00e9n\u00e9reux et repr\u00e9sentatif de l\u2019art culinaire local.<\/p>\n","protected":false},"featured_media":29746,"template":"","meta":{"_acf_changed":false,"ocean_post_layout":"","ocean_both_sidebars_style":"","ocean_both_sidebars_content_width":0,"ocean_both_sidebars_sidebars_width":0,"ocean_sidebar":"0","ocean_second_sidebar":"0","ocean_disable_margins":"enable","ocean_add_body_class":"","ocean_shortcode_before_top_bar":"","ocean_shortcode_after_top_bar":"","ocean_shortcode_before_header":"","ocean_shortcode_after_header":"","ocean_has_shortcode":"","ocean_shortcode_after_title":"","ocean_shortcode_before_footer_widgets":"","ocean_shortcode_after_footer_widgets":"","ocean_shortcode_before_footer_bottom":"","ocean_shortcode_after_footer_bottom":"","ocean_display_top_bar":"default","ocean_display_header":"default","ocean_header_style":"","ocean_center_header_left_menu":"0","ocean_custom_header_template":"0","ocean_custom_logo":0,"ocean_custom_retina_logo":0,"ocean_custom_logo_max_width":0,"ocean_custom_logo_tablet_max_width":0,"ocean_custom_logo_mobile_max_width":0,"ocean_custom_logo_max_height":0,"ocean_custom_logo_tablet_max_height":0,"ocean_custom_logo_mobile_max_height":0,"ocean_header_custom_menu":"0","ocean_menu_typo_font_family":"0","ocean_menu_typo_font_subset":"","ocean_menu_typo_font_size":0,"ocean_menu_typo_font_size_tablet":0,"ocean_menu_typo_font_size_mobile":0,"ocean_menu_typo_font_size_unit":"px","ocean_menu_typo_font_weight":"","ocean_menu_typo_font_weight_tablet":"","ocean_menu_typo_font_weight_mobile":"","ocean_menu_typo_transform":"","ocean_menu_typo_transform_tablet":"","ocean_menu_typo_transform_mobile":"","ocean_menu_typo_line_height":0,"ocean_menu_typo_line_height_tablet":0,"ocean_menu_typo_line_height_mobile":0,"ocean_menu_typo_line_height_unit":"","ocean_menu_typo_spacing":0,"ocean_menu_typo_spacing_tablet":0,"ocean_menu_typo_spacing_mobile":0,"ocean_menu_typo_spacing_unit":"","ocean_menu_link_color":"","ocean_menu_link_color_hover":"","ocean_menu_link_color_active":"","ocean_menu_link_background":"","ocean_menu_link_hover_background":"","ocean_menu_link_active_background":"","ocean_menu_social_links_bg":"","ocean_menu_social_hover_links_bg":"","ocean_menu_social_links_color":"","ocean_menu_social_hover_links_color":"","ocean_disable_title":"default","ocean_disable_heading":"default","ocean_post_title":"","ocean_post_subheading":"","ocean_post_title_style":"","ocean_post_title_background_color":"","ocean_post_title_background":0,"ocean_post_title_bg_image_position":"","ocean_post_title_bg_image_attachment":"","ocean_post_title_bg_image_repeat":"","ocean_post_title_bg_image_size":"","ocean_post_title_height":0,"ocean_post_title_bg_overlay":0.5,"ocean_post_title_bg_overlay_color":"","ocean_disable_breadcrumbs":"default","ocean_breadcrumbs_color":"","ocean_breadcrumbs_separator_color":"","ocean_breadcrumbs_links_color":"","ocean_breadcrumbs_links_hover_color":"","ocean_display_footer_widgets":"default","ocean_display_footer_bottom":"default","ocean_custom_footer_template":"0","omw_enable_modal_window":"enable"},"product_brand":[],"product_cat":[450],"product_tag":[],"class_list":{"0":"post-29750","1":"product","2":"type-product","3":"status-publish","4":"has-post-thumbnail","6":"product_cat-epicerie-perigord","7":"pa_conservation-6e-dansunendroitfraisetsec_a","8":"pa_livraison-sec","10":"entry","11":"has-media","13":"first","14":"instock","15":"taxable","16":"shipping-taxable","17":"purchasable","18":"product-type-simple","19":"col","20":"span_1_of_3","21":"owp-content-center","22":"item-entry","23":"owp-thumbs-layout-vertical","24":"owp-btn-normal","25":"owp-tabs-layout-horizontal"},"acf":[],"yoast_head":"<!-- This site is optimized with the Yoast SEO plugin v27.4 - https:\/\/yoast.com\/product\/yoast-seo-wordpress\/ -->\n<title>Pat\u00e9 Neuvicois - Caviar de Neuvic<\/title>\n<meta name=\"description\" content=\"Le pat\u00e9 Neuvicois est \u00e9labor\u00e9e selon une recette traditionnelle du P\u00e9rigord, symbole de la gastronomie r\u00e9gionale. Elle associe une chair de porc savoureusement parfum\u00e9e au Cognac \u00e0 un insert central de bloc de Foie Gras de Canard.\" \/>\n<meta name=\"robots\" content=\"index, follow, max-snippet:-1, max-image-preview:large, max-video-preview:-1\" \/>\n<link rel=\"canonical\" href=\"https:\/\/caviar-de-neuvic.com\/fr\/p\/accueil\/l-epicerie-neuvic\/epicerie-perigord\/pate-neuvicois\/\" \/>\n<meta property=\"og:locale\" content=\"fr_FR\" \/>\n<meta property=\"og:type\" content=\"article\" \/>\n<meta property=\"og:title\" content=\"Pat\u00e9 Neuvicois - Caviar de Neuvic\" \/>\n<meta property=\"og:description\" content=\"Le pat\u00e9 Neuvicois est \u00e9labor\u00e9e selon une recette traditionnelle du P\u00e9rigord, symbole de la gastronomie r\u00e9gionale. Elle associe une chair de porc savoureusement parfum\u00e9e au Cognac \u00e0 un insert central de bloc de Foie Gras de Canard.\" \/>\n<meta property=\"og:url\" content=\"https:\/\/caviar-de-neuvic.com\/fr\/p\/accueil\/l-epicerie-neuvic\/epicerie-perigord\/pate-neuvicois\/\" \/>\n<meta property=\"og:site_name\" content=\"Producteur Fran\u00e7ais De Caviar\" \/>\n<meta property=\"article:modified_time\" content=\"2025-12-27T10:41:00+00:00\" \/>\n<meta property=\"og:image\" content=\"https:\/\/caviar-de-neuvic.com\/wp-content\/uploads\/2025\/09\/3009-Pate-Neuvicois.jpg\" \/>\n\t<meta property=\"og:image:width\" content=\"1100\" \/>\n\t<meta property=\"og:image:height\" content=\"1422\" \/>\n\t<meta property=\"og:image:type\" content=\"image\/jpeg\" \/>\n<meta name=\"twitter:card\" content=\"summary_large_image\" \/>\n<meta name=\"twitter:label1\" content=\"Dur\u00e9e de lecture estim\u00e9e\" \/>\n\t<meta name=\"twitter:data1\" content=\"1 minute\" \/>\n<script type=\"application\/ld+json\" class=\"yoast-schema-graph\">{\"@context\":\"https:\\\/\\\/schema.org\",\"@graph\":[{\"@type\":\"WebPage\",\"@id\":\"https:\\\/\\\/caviar-de-neuvic.com\\\/p\\\/accueil\\\/l-epicerie-neuvic\\\/epicerie-perigord\\\/pate-neuvicois\\\/\",\"url\":\"https:\\\/\\\/caviar-de-neuvic.com\\\/p\\\/accueil\\\/l-epicerie-neuvic\\\/epicerie-perigord\\\/pate-neuvicois\\\/\",\"name\":\"Pat\u00e9 Neuvicois - Caviar de Neuvic\",\"isPartOf\":{\"@id\":\"http:\\\/\\\/caviar-de-neuvic.com\\\/fr\\\/#website\"},\"primaryImageOfPage\":{\"@id\":\"https:\\\/\\\/caviar-de-neuvic.com\\\/p\\\/accueil\\\/l-epicerie-neuvic\\\/epicerie-perigord\\\/pate-neuvicois\\\/#primaryimage\"},\"image\":{\"@id\":\"https:\\\/\\\/caviar-de-neuvic.com\\\/p\\\/accueil\\\/l-epicerie-neuvic\\\/epicerie-perigord\\\/pate-neuvicois\\\/#primaryimage\"},\"thumbnailUrl\":\"https:\\\/\\\/caviar-de-neuvic.com\\\/wp-content\\\/uploads\\\/2025\\\/09\\\/3009-Pate-Neuvicois.jpg\",\"datePublished\":\"2025-10-09T13:43:54+00:00\",\"dateModified\":\"2025-12-27T10:41:00+00:00\",\"description\":\"Le pat\u00e9 Neuvicois est \u00e9labor\u00e9e selon une recette traditionnelle du P\u00e9rigord, symbole de la gastronomie r\u00e9gionale. Elle associe une chair de porc savoureusement parfum\u00e9e au Cognac \u00e0 un insert central de bloc de Foie Gras de Canard.\",\"breadcrumb\":{\"@id\":\"https:\\\/\\\/caviar-de-neuvic.com\\\/p\\\/accueil\\\/l-epicerie-neuvic\\\/epicerie-perigord\\\/pate-neuvicois\\\/#breadcrumb\"},\"inLanguage\":\"fr-FR\",\"potentialAction\":[{\"@type\":\"ReadAction\",\"target\":[\"https:\\\/\\\/caviar-de-neuvic.com\\\/p\\\/accueil\\\/l-epicerie-neuvic\\\/epicerie-perigord\\\/pate-neuvicois\\\/\"]}]},{\"@type\":\"ImageObject\",\"inLanguage\":\"fr-FR\",\"@id\":\"https:\\\/\\\/caviar-de-neuvic.com\\\/p\\\/accueil\\\/l-epicerie-neuvic\\\/epicerie-perigord\\\/pate-neuvicois\\\/#primaryimage\",\"url\":\"https:\\\/\\\/caviar-de-neuvic.com\\\/wp-content\\\/uploads\\\/2025\\\/09\\\/3009-Pate-Neuvicois.jpg\",\"contentUrl\":\"https:\\\/\\\/caviar-de-neuvic.com\\\/wp-content\\\/uploads\\\/2025\\\/09\\\/3009-Pate-Neuvicois.jpg\",\"width\":1100,\"height\":1422,\"caption\":\"Pat\u00e9 Neuvicois\"},{\"@type\":\"BreadcrumbList\",\"@id\":\"https:\\\/\\\/caviar-de-neuvic.com\\\/p\\\/accueil\\\/l-epicerie-neuvic\\\/epicerie-perigord\\\/pate-neuvicois\\\/#breadcrumb\",\"itemListElement\":[{\"@type\":\"ListItem\",\"position\":1,\"name\":\"Caviar de Neuvic\",\"item\":\"https:\\\/\\\/caviar-de-neuvic.com\\\/\"},{\"@type\":\"ListItem\",\"position\":2,\"name\":\"Shop\",\"item\":\"https:\\\/\\\/caviar-de-neuvic.com\\\/en\\\/shop\\\/\"},{\"@type\":\"ListItem\",\"position\":3,\"name\":\"Pat\u00e9 Neuvicois\"}]},{\"@type\":\"WebSite\",\"@id\":\"http:\\\/\\\/caviar-de-neuvic.com\\\/fr\\\/#website\",\"url\":\"http:\\\/\\\/caviar-de-neuvic.com\\\/fr\\\/\",\"name\":\"Producteur Fran\u00e7ais De Caviar\",\"description\":\"\",\"publisher\":{\"@id\":\"http:\\\/\\\/caviar-de-neuvic.com\\\/fr\\\/#organization\"},\"potentialAction\":[{\"@type\":\"SearchAction\",\"target\":{\"@type\":\"EntryPoint\",\"urlTemplate\":\"http:\\\/\\\/caviar-de-neuvic.com\\\/fr\\\/?s={search_term_string}\"},\"query-input\":{\"@type\":\"PropertyValueSpecification\",\"valueRequired\":true,\"valueName\":\"search_term_string\"}}],\"inLanguage\":\"fr-FR\"},{\"@type\":\"Organization\",\"@id\":\"http:\\\/\\\/caviar-de-neuvic.com\\\/fr\\\/#organization\",\"name\":\"Producteur Fran\u00e7ais De Caviar\",\"url\":\"http:\\\/\\\/caviar-de-neuvic.com\\\/fr\\\/\",\"logo\":{\"@type\":\"ImageObject\",\"inLanguage\":\"fr-FR\",\"@id\":\"http:\\\/\\\/caviar-de-neuvic.com\\\/fr\\\/#\\\/schema\\\/logo\\\/image\\\/\",\"url\":\"\",\"contentUrl\":\"\",\"caption\":\"Producteur Fran\u00e7ais De Caviar\"},\"image\":{\"@id\":\"http:\\\/\\\/caviar-de-neuvic.com\\\/fr\\\/#\\\/schema\\\/logo\\\/image\\\/\"}}]}<\/script>\n<!-- \/ Yoast SEO plugin. -->","yoast_head_json":{"title":"Pat\u00e9 Neuvicois - Caviar de Neuvic","description":"Le pat\u00e9 Neuvicois est \u00e9labor\u00e9e selon une recette traditionnelle du P\u00e9rigord, symbole de la gastronomie r\u00e9gionale. Elle associe une chair de porc savoureusement parfum\u00e9e au Cognac \u00e0 un insert central de bloc de Foie Gras de Canard.","robots":{"index":"index","follow":"follow","max-snippet":"max-snippet:-1","max-image-preview":"max-image-preview:large","max-video-preview":"max-video-preview:-1"},"canonical":"https:\/\/caviar-de-neuvic.com\/fr\/p\/accueil\/l-epicerie-neuvic\/epicerie-perigord\/pate-neuvicois\/","og_locale":"fr_FR","og_type":"article","og_title":"Pat\u00e9 Neuvicois - Caviar de Neuvic","og_description":"Le pat\u00e9 Neuvicois est \u00e9labor\u00e9e selon une recette traditionnelle du P\u00e9rigord, symbole de la gastronomie r\u00e9gionale. Elle associe une chair de porc savoureusement parfum\u00e9e au Cognac \u00e0 un insert central de bloc de Foie Gras de Canard.","og_url":"https:\/\/caviar-de-neuvic.com\/fr\/p\/accueil\/l-epicerie-neuvic\/epicerie-perigord\/pate-neuvicois\/","og_site_name":"Producteur Fran\u00e7ais De Caviar","article_modified_time":"2025-12-27T10:41:00+00:00","og_image":[{"width":1100,"height":1422,"url":"https:\/\/caviar-de-neuvic.com\/wp-content\/uploads\/2025\/09\/3009-Pate-Neuvicois.jpg","type":"image\/jpeg"}],"twitter_card":"summary_large_image","twitter_misc":{"Dur\u00e9e de lecture estim\u00e9e":"1 minute"},"schema":{"@context":"https:\/\/schema.org","@graph":[{"@type":"WebPage","@id":"https:\/\/caviar-de-neuvic.com\/p\/accueil\/l-epicerie-neuvic\/epicerie-perigord\/pate-neuvicois\/","url":"https:\/\/caviar-de-neuvic.com\/p\/accueil\/l-epicerie-neuvic\/epicerie-perigord\/pate-neuvicois\/","name":"Pat\u00e9 Neuvicois - Caviar de Neuvic","isPartOf":{"@id":"http:\/\/caviar-de-neuvic.com\/fr\/#website"},"primaryImageOfPage":{"@id":"https:\/\/caviar-de-neuvic.com\/p\/accueil\/l-epicerie-neuvic\/epicerie-perigord\/pate-neuvicois\/#primaryimage"},"image":{"@id":"https:\/\/caviar-de-neuvic.com\/p\/accueil\/l-epicerie-neuvic\/epicerie-perigord\/pate-neuvicois\/#primaryimage"},"thumbnailUrl":"https:\/\/caviar-de-neuvic.com\/wp-content\/uploads\/2025\/09\/3009-Pate-Neuvicois.jpg","datePublished":"2025-10-09T13:43:54+00:00","dateModified":"2025-12-27T10:41:00+00:00","description":"Le pat\u00e9 Neuvicois est \u00e9labor\u00e9e selon une recette traditionnelle du P\u00e9rigord, symbole de la gastronomie r\u00e9gionale. Elle associe une chair de porc savoureusement parfum\u00e9e au Cognac \u00e0 un insert central de bloc de Foie Gras de Canard.","breadcrumb":{"@id":"https:\/\/caviar-de-neuvic.com\/p\/accueil\/l-epicerie-neuvic\/epicerie-perigord\/pate-neuvicois\/#breadcrumb"},"inLanguage":"fr-FR","potentialAction":[{"@type":"ReadAction","target":["https:\/\/caviar-de-neuvic.com\/p\/accueil\/l-epicerie-neuvic\/epicerie-perigord\/pate-neuvicois\/"]}]},{"@type":"ImageObject","inLanguage":"fr-FR","@id":"https:\/\/caviar-de-neuvic.com\/p\/accueil\/l-epicerie-neuvic\/epicerie-perigord\/pate-neuvicois\/#primaryimage","url":"https:\/\/caviar-de-neuvic.com\/wp-content\/uploads\/2025\/09\/3009-Pate-Neuvicois.jpg","contentUrl":"https:\/\/caviar-de-neuvic.com\/wp-content\/uploads\/2025\/09\/3009-Pate-Neuvicois.jpg","width":1100,"height":1422,"caption":"Pat\u00e9 Neuvicois"},{"@type":"BreadcrumbList","@id":"https:\/\/caviar-de-neuvic.com\/p\/accueil\/l-epicerie-neuvic\/epicerie-perigord\/pate-neuvicois\/#breadcrumb","itemListElement":[{"@type":"ListItem","position":1,"name":"Caviar de Neuvic","item":"https:\/\/caviar-de-neuvic.com\/"},{"@type":"ListItem","position":2,"name":"Shop","item":"https:\/\/caviar-de-neuvic.com\/en\/shop\/"},{"@type":"ListItem","position":3,"name":"Pat\u00e9 Neuvicois"}]},{"@type":"WebSite","@id":"http:\/\/caviar-de-neuvic.com\/fr\/#website","url":"http:\/\/caviar-de-neuvic.com\/fr\/","name":"Producteur Fran\u00e7ais De Caviar","description":"","publisher":{"@id":"http:\/\/caviar-de-neuvic.com\/fr\/#organization"},"potentialAction":[{"@type":"SearchAction","target":{"@type":"EntryPoint","urlTemplate":"http:\/\/caviar-de-neuvic.com\/fr\/?s={search_term_string}"},"query-input":{"@type":"PropertyValueSpecification","valueRequired":true,"valueName":"search_term_string"}}],"inLanguage":"fr-FR"},{"@type":"Organization","@id":"http:\/\/caviar-de-neuvic.com\/fr\/#organization","name":"Producteur Fran\u00e7ais De Caviar","url":"http:\/\/caviar-de-neuvic.com\/fr\/","logo":{"@type":"ImageObject","inLanguage":"fr-FR","@id":"http:\/\/caviar-de-neuvic.com\/fr\/#\/schema\/logo\/image\/","url":"","contentUrl":"","caption":"Producteur Fran\u00e7ais De Caviar"},"image":{"@id":"http:\/\/caviar-de-neuvic.com\/fr\/#\/schema\/logo\/image\/"}}]}},"_links":{"self":[{"href":"https:\/\/caviar-de-neuvic.com\/fr\/wp-json\/wp\/v2\/product\/29750","targetHints":{"allow":["GET"]}}],"collection":[{"href":"https:\/\/caviar-de-neuvic.com\/fr\/wp-json\/wp\/v2\/product"}],"about":[{"href":"https:\/\/caviar-de-neuvic.com\/fr\/wp-json\/wp\/v2\/types\/product"}],"version-history":[{"count":3,"href":"https:\/\/caviar-de-neuvic.com\/fr\/wp-json\/wp\/v2\/product\/29750\/revisions"}],"predecessor-version":[{"id":30173,"href":"https:\/\/caviar-de-neuvic.com\/fr\/wp-json\/wp\/v2\/product\/29750\/revisions\/30173"}],"wp:featuredmedia":[{"embeddable":true,"href":"https:\/\/caviar-de-neuvic.com\/fr\/wp-json\/wp\/v2\/media\/29746"}],"wp:attachment":[{"href":"https:\/\/caviar-de-neuvic.com\/fr\/wp-json\/wp\/v2\/media?parent=29750"}],"wp:term":[{"taxonomy":"product_brand","embeddable":true,"href":"https:\/\/caviar-de-neuvic.com\/fr\/wp-json\/wp\/v2\/product_brand?post=29750"},{"taxonomy":"product_cat","embeddable":true,"href":"https:\/\/caviar-de-neuvic.com\/fr\/wp-json\/wp\/v2\/product_cat?post=29750"},{"taxonomy":"product_tag","embeddable":true,"href":"https:\/\/caviar-de-neuvic.com\/fr\/wp-json\/wp\/v2\/product_tag?post=29750"}],"curies":[{"name":"wp","href":"https:\/\/api.w.org\/{rel}","templated":true}]}}