{"id":1055,"date":"2019-10-21T07:58:08","date_gmt":"2019-10-21T07:58:08","guid":{"rendered":"https:\/\/caviar-de-neuvic.com\/produits\/caviar-sevruga-signature-boite-origine\/"},"modified":"2026-03-30T19:51:01","modified_gmt":"2026-03-30T17:51:01","slug":"caviar-sevruga-signature-boite-origine","status":"publish","type":"product","link":"https:\/\/caviar-de-neuvic.com\/fr_be\/p\/accueil\/caviar\/caviar-sevruga\/caviar-sevruga-signature-boite-origine\/","title":{"rendered":"Caviar S\u00e9vruga Signature &#8211; Boite Origine"},"content":{"rendered":"<h3>La Bo\u00eete Origine : une bo\u00eete embl\u00e9matique<\/h3>\n<p>Chez le producteur, d\u00e8s que les \u0153ufs ont \u00e9t\u00e9 d\u00e9licatement extraits puis s\u00e9lectionn\u00e9s et rapidement sal\u00e9s, ils sont entrepos\u00e9s dans ces bo\u00eetes en chambre froide pour \u00eatre affin\u00e9s puis reconditionn\u00e9s. La Bo\u00eete Origine Caviar de Neuvic incarne \u00e0 elle seule la promesse d\u2019une d\u00e9gustation spectaculaire, d\u2019un plaisir et d\u2019un luxe sans limites.<\/p>\n<h3>Servir le caviar avec une Boite Origine<\/h3>\n<p>Retirez l\u2019\u00e9lastique en caoutchouc autour de la bo\u00eete et soulevez d\u00e9licatement le couvercle.<\/p>\n<h3>En savoir plus sur le blog<\/h3>\n<ul style=\"list-style-type: circle;\">\n<li><a href=\"https:\/\/caviar-de-neuvic.com\/fr_be\/universducaviar\/comment-servir-du-caviar\/\">Comment servir du caviar ?<\/a><\/li>\n<li><a href=\"https:\/\/caviar-de-neuvic.com\/fr_be\/universducaviar\/quels-sens-mobiliser-pour-la-degustation-de-caviar\/\">Quels sens mobiliser pour la d\u00e9gustation de caviar ?<\/a><\/li>\n<li><a href=\"https:\/\/caviar-de-neuvic.com\/fr_be\/universducaviar\/comment-accompagner-le-caviar\/\">Comment accompagner le caviar ?<\/a><\/li>\n<li><a href=\"https:\/\/caviar-de-neuvic.com\/fr_be\/universducaviar\/comment-deguster-le-caviar\/\">Comment d\u00e9guster le caviar ?<\/a><\/li>\n<li><a href=\"https:\/\/caviar-de-neuvic.com\/fr_be\/universducaviar\/conserver-le-caviar\/\">Comment conserver le caviar ?<\/a><\/li>\n<li><a href=\"https:\/\/caviar-de-neuvic.com\/fr_be\/universducaviar\/que-boire-avec-le-caviar\/\">Que boire avec le caviar ?<\/a><\/li>\n<\/ul>","protected":false},"excerpt":{"rendered":"<p>La mythique bo\u00eete origine aux couleurs de Caviar de Neuvic. La bo\u00eete origine de caviar inspire une d\u00e9gustation g\u00e9n\u00e9reuse et inoubliable. Format original d\u00e9di\u00e9 \u00e0 la maturation du caviar et en exclusivit\u00e9 aux couleurs de Caviar de Neuvic.<\/p>\n<p>La Bo\u00eete Origine porte en elle toute la magie du caviar d\u2019hier \u00e0 aujourd\u2019hui&#8230; C\u2019est elle qui recueillait d\u00e9j\u00e0 le caviar juste apr\u00e8s la p\u00eache sur les bateaux du temps du caviar sauvage.<\/p>\n<h2>Sevruga : un caviar rare qui \u00e9voque le caviar sauvage<\/h2>\n<p>Disparu aujourd\u2019hui \u00e0 l\u2019\u00e9tat sauvage, il est l\u2019un des caviars les plus rares en \u00e9levage. Il faut savoir qu\u2019\u00e0 l\u2019\u00e9poque, le Sevruga correspondait \u00e0 60% de la production sauvage de la mer Caspienne.<\/p>\n<p>Les notes puissantes du caviar Sevruga raviront les palais des connaisseurs. Son grain d\u00e9licat est de petite taille et de couleur anthracite. Il est reconnu pour son go\u00fbt iod\u00e9 tr\u00e8s prononc\u00e9. Le caviar Sevruga est le plus souvent appr\u00e9ci\u00e9 par des consommateurs d\u00e9sirant un caviar au go\u00fbt \u00ab cors\u00e9 \u00bb.<\/p>","protected":false},"featured_media":25820,"template":"","meta":{"_acf_changed":false,"ocean_post_layout":"","ocean_both_sidebars_style":"","ocean_both_sidebars_content_width":0,"ocean_both_sidebars_sidebars_width":0,"ocean_sidebar":"0","ocean_second_sidebar":"0","ocean_disable_margins":"enable","ocean_add_body_class":"","ocean_shortcode_before_top_bar":"","ocean_shortcode_after_top_bar":"","ocean_shortcode_before_header":"","ocean_shortcode_after_header":"","ocean_has_shortcode":"","ocean_shortcode_after_title":"","ocean_shortcode_before_footer_widgets":"","ocean_shortcode_after_footer_widgets":"","ocean_shortcode_before_footer_bottom":"","ocean_shortcode_after_footer_bottom":"","ocean_display_top_bar":"default","ocean_display_header":"default","ocean_header_style":"","ocean_center_header_left_menu":"0","ocean_custom_header_template":"0","ocean_custom_logo":0,"ocean_custom_retina_logo":0,"ocean_custom_logo_max_width":0,"ocean_custom_logo_tablet_max_width":0,"ocean_custom_logo_mobile_max_width":0,"ocean_custom_logo_max_height":0,"ocean_custom_logo_tablet_max_height":0,"ocean_custom_logo_mobile_max_height":0,"ocean_header_custom_menu":"0","ocean_menu_typo_font_family":"0","ocean_menu_typo_font_subset":"","ocean_menu_typo_font_size":0,"ocean_menu_typo_font_size_tablet":0,"ocean_menu_typo_font_size_mobile":0,"ocean_menu_typo_font_size_unit":"px","ocean_menu_typo_font_weight":"","ocean_menu_typo_font_weight_tablet":"","ocean_menu_typo_font_weight_mobile":"","ocean_menu_typo_transform":"","ocean_menu_typo_transform_tablet":"","ocean_menu_typo_transform_mobile":"","ocean_menu_typo_line_height":0,"ocean_menu_typo_line_height_tablet":0,"ocean_menu_typo_line_height_mobile":0,"ocean_menu_typo_line_height_unit":"","ocean_menu_typo_spacing":0,"ocean_menu_typo_spacing_tablet":0,"ocean_menu_typo_spacing_mobile":0,"ocean_menu_typo_spacing_unit":"","ocean_menu_link_color":"","ocean_menu_link_color_hover":"","ocean_menu_link_color_active":"","ocean_menu_link_background":"","ocean_menu_link_hover_background":"","ocean_menu_link_active_background":"","ocean_menu_social_links_bg":"","ocean_menu_social_hover_links_bg":"","ocean_menu_social_links_color":"","ocean_menu_social_hover_links_color":"","ocean_disable_title":"default","ocean_disable_heading":"default","ocean_post_title":"","ocean_post_subheading":"","ocean_post_title_style":"","ocean_post_title_background_color":"","ocean_post_title_background":0,"ocean_post_title_bg_image_position":"","ocean_post_title_bg_image_attachment":"","ocean_post_title_bg_image_repeat":"","ocean_post_title_bg_image_size":"","ocean_post_title_height":0,"ocean_post_title_bg_overlay":0.5,"ocean_post_title_bg_overlay_color":"","ocean_disable_breadcrumbs":"default","ocean_breadcrumbs_color":"","ocean_breadcrumbs_separator_color":"","ocean_breadcrumbs_links_color":"","ocean_breadcrumbs_links_hover_color":"","ocean_display_footer_widgets":"default","ocean_display_footer_bottom":"default","ocean_custom_footer_template":"0","omw_enable_modal_window":"enable"},"product_brand":[315],"product_cat":[49,53,311],"product_tag":[],"class_list":{"0":"post-1055","1":"product","2":"type-product","3":"status-publish","4":"has-post-thumbnail","6":"product_brand-caviar-signature","7":"product_cat-caviar-sevruga","8":"product_cat-les-boites-origine","9":"product_cat-nos-caviars-signature","10":"pa_choisissezlepoids-250g","11":"pa_choisissezlepoids-500g","12":"pa_conservation-aurefrigerateurentre0et4c_","13":"pa_origine-italie","15":"entry","16":"has-media","18":"first","19":"instock","20":"taxable","21":"shipping-taxable","22":"purchasable","23":"product-type-variable","24":"has-default-attributes","25":"col","26":"span_1_of_3","27":"owp-content-center","28":"item-entry","29":"owp-thumbs-layout-vertical","30":"owp-btn-normal","31":"owp-tabs-layout-horizontal"},"acf":[],"yoast_head":"<!-- This site is optimized with the Yoast SEO plugin v27.4 - https:\/\/yoast.com\/product\/yoast-seo-wordpress\/ -->\n<title>Caviar S\u00e9vruga Signature - Boite Origine - Caviar de Neuvic<\/title>\n<meta name=\"description\" content=\"Le Caviar S\u00e9vruga Signature en Boite Origine. Une \u00e9vocation du caviar sauvage\u2026 Ses notes puissantes raviront les palais des connaisseurs.\" \/>\n<meta name=\"robots\" content=\"index, follow, max-snippet:-1, max-image-preview:large, max-video-preview:-1\" \/>\n<link rel=\"canonical\" href=\"https:\/\/caviar-de-neuvic.com\/fr_be\/p\/accueil\/caviar\/caviar-sevruga\/caviar-sevruga-signature-boite-origine\/\" \/>\n<meta property=\"og:locale\" content=\"fr_FR\" \/>\n<meta property=\"og:type\" content=\"article\" \/>\n<meta property=\"og:title\" content=\"Caviar S\u00e9vruga Signature - Boite Origine - Caviar de Neuvic\" \/>\n<meta property=\"og:description\" content=\"Le Caviar S\u00e9vruga Signature en Boite Origine. Une \u00e9vocation du caviar sauvage\u2026 Ses notes puissantes raviront les palais des connaisseurs.\" \/>\n<meta property=\"og:url\" content=\"https:\/\/caviar-de-neuvic.com\/fr_be\/p\/accueil\/caviar\/caviar-sevruga\/caviar-sevruga-signature-boite-origine\/\" \/>\n<meta property=\"og:site_name\" content=\"Producteur Fran\u00e7ais De Caviar\" \/>\n<meta property=\"article:modified_time\" content=\"2026-03-30T17:51:01+00:00\" \/>\n<meta property=\"og:image\" content=\"https:\/\/caviar-de-neuvic.com\/wp-content\/uploads\/2019\/10\/2822-Caviar-Sevruga-Signature-Boite-Origine.jpg\" \/>\n\t<meta property=\"og:image:width\" content=\"1100\" \/>\n\t<meta property=\"og:image:height\" content=\"1422\" \/>\n\t<meta property=\"og:image:type\" content=\"image\/jpeg\" \/>\n<meta name=\"twitter:card\" content=\"summary_large_image\" \/>\n<meta name=\"twitter:label1\" content=\"Dur\u00e9e de lecture est.\" \/>\n\t<meta name=\"twitter:data1\" content=\"1 minute\" \/>\n<script type=\"application\/ld+json\" class=\"yoast-schema-graph\">{\"@context\":\"https:\\\/\\\/schema.org\",\"@graph\":[{\"@type\":\"WebPage\",\"@id\":\"https:\\\/\\\/caviar-de-neuvic.com\\\/p\\\/accueil\\\/caviar\\\/caviar-sevruga\\\/caviar-sevruga-signature-boite-origine\\\/\",\"url\":\"https:\\\/\\\/caviar-de-neuvic.com\\\/p\\\/accueil\\\/caviar\\\/caviar-sevruga\\\/caviar-sevruga-signature-boite-origine\\\/\",\"name\":\"Caviar S\u00e9vruga Signature - Boite Origine - Caviar de Neuvic\",\"isPartOf\":{\"@id\":\"http:\\\/\\\/caviar-de-neuvic.com\\\/fr\\\/#website\"},\"primaryImageOfPage\":{\"@id\":\"https:\\\/\\\/caviar-de-neuvic.com\\\/p\\\/accueil\\\/caviar\\\/caviar-sevruga\\\/caviar-sevruga-signature-boite-origine\\\/#primaryimage\"},\"image\":{\"@id\":\"https:\\\/\\\/caviar-de-neuvic.com\\\/p\\\/accueil\\\/caviar\\\/caviar-sevruga\\\/caviar-sevruga-signature-boite-origine\\\/#primaryimage\"},\"thumbnailUrl\":\"https:\\\/\\\/caviar-de-neuvic.com\\\/wp-content\\\/uploads\\\/2019\\\/10\\\/2822-Caviar-Sevruga-Signature-Boite-Origine.jpg\",\"datePublished\":\"2019-10-21T07:58:08+00:00\",\"dateModified\":\"2026-03-30T17:51:01+00:00\",\"description\":\"Le Caviar S\u00e9vruga Signature en Boite Origine. Une \u00e9vocation du caviar sauvage\u2026 Ses notes puissantes raviront les palais des connaisseurs.\",\"breadcrumb\":{\"@id\":\"https:\\\/\\\/caviar-de-neuvic.com\\\/p\\\/accueil\\\/caviar\\\/caviar-sevruga\\\/caviar-sevruga-signature-boite-origine\\\/#breadcrumb\"},\"inLanguage\":\"fr-BE\",\"potentialAction\":[{\"@type\":\"ReadAction\",\"target\":[\"https:\\\/\\\/caviar-de-neuvic.com\\\/p\\\/accueil\\\/caviar\\\/caviar-sevruga\\\/caviar-sevruga-signature-boite-origine\\\/\"]}]},{\"@type\":\"ImageObject\",\"inLanguage\":\"fr-BE\",\"@id\":\"https:\\\/\\\/caviar-de-neuvic.com\\\/p\\\/accueil\\\/caviar\\\/caviar-sevruga\\\/caviar-sevruga-signature-boite-origine\\\/#primaryimage\",\"url\":\"https:\\\/\\\/caviar-de-neuvic.com\\\/wp-content\\\/uploads\\\/2019\\\/10\\\/2822-Caviar-Sevruga-Signature-Boite-Origine.jpg\",\"contentUrl\":\"https:\\\/\\\/caviar-de-neuvic.com\\\/wp-content\\\/uploads\\\/2019\\\/10\\\/2822-Caviar-Sevruga-Signature-Boite-Origine.jpg\",\"width\":1100,\"height\":1422,\"caption\":\"Caviar S\u00e9vruga Signature - Boite Origine\"},{\"@type\":\"BreadcrumbList\",\"@id\":\"https:\\\/\\\/caviar-de-neuvic.com\\\/p\\\/accueil\\\/caviar\\\/caviar-sevruga\\\/caviar-sevruga-signature-boite-origine\\\/#breadcrumb\",\"itemListElement\":[{\"@type\":\"ListItem\",\"position\":1,\"name\":\"Caviar de Neuvic\",\"item\":\"https:\\\/\\\/caviar-de-neuvic.com\\\/\"},{\"@type\":\"ListItem\",\"position\":2,\"name\":\"Shop\",\"item\":\"https:\\\/\\\/caviar-de-neuvic.com\\\/en\\\/shop\\\/\"},{\"@type\":\"ListItem\",\"position\":3,\"name\":\"Caviar S\u00e9vruga Signature &#8211; Boite Origine\"}]},{\"@type\":\"WebSite\",\"@id\":\"http:\\\/\\\/caviar-de-neuvic.com\\\/fr\\\/#website\",\"url\":\"http:\\\/\\\/caviar-de-neuvic.com\\\/fr\\\/\",\"name\":\"Producteur Fran\u00e7ais De Caviar\",\"description\":\"\",\"publisher\":{\"@id\":\"http:\\\/\\\/caviar-de-neuvic.com\\\/fr\\\/#organization\"},\"potentialAction\":[{\"@type\":\"SearchAction\",\"target\":{\"@type\":\"EntryPoint\",\"urlTemplate\":\"http:\\\/\\\/caviar-de-neuvic.com\\\/fr\\\/?s={search_term_string}\"},\"query-input\":{\"@type\":\"PropertyValueSpecification\",\"valueRequired\":true,\"valueName\":\"search_term_string\"}}],\"inLanguage\":\"fr-BE\"},{\"@type\":\"Organization\",\"@id\":\"http:\\\/\\\/caviar-de-neuvic.com\\\/fr\\\/#organization\",\"name\":\"Producteur Fran\u00e7ais De Caviar\",\"url\":\"http:\\\/\\\/caviar-de-neuvic.com\\\/fr\\\/\",\"logo\":{\"@type\":\"ImageObject\",\"inLanguage\":\"fr-BE\",\"@id\":\"http:\\\/\\\/caviar-de-neuvic.com\\\/fr\\\/#\\\/schema\\\/logo\\\/image\\\/\",\"url\":\"\",\"contentUrl\":\"\",\"caption\":\"Producteur Fran\u00e7ais De Caviar\"},\"image\":{\"@id\":\"http:\\\/\\\/caviar-de-neuvic.com\\\/fr\\\/#\\\/schema\\\/logo\\\/image\\\/\"}}]}<\/script>\n<!-- \/ Yoast SEO plugin. -->","yoast_head_json":{"title":"Caviar S\u00e9vruga Signature - Boite Origine - Caviar de Neuvic","description":"Le Caviar S\u00e9vruga Signature en Boite Origine. Une \u00e9vocation du caviar sauvage\u2026 Ses notes puissantes raviront les palais des connaisseurs.","robots":{"index":"index","follow":"follow","max-snippet":"max-snippet:-1","max-image-preview":"max-image-preview:large","max-video-preview":"max-video-preview:-1"},"canonical":"https:\/\/caviar-de-neuvic.com\/fr_be\/p\/accueil\/caviar\/caviar-sevruga\/caviar-sevruga-signature-boite-origine\/","og_locale":"fr_FR","og_type":"article","og_title":"Caviar S\u00e9vruga Signature - Boite Origine - Caviar de Neuvic","og_description":"Le Caviar S\u00e9vruga Signature en Boite Origine. Une \u00e9vocation du caviar sauvage\u2026 Ses notes puissantes raviront les palais des connaisseurs.","og_url":"https:\/\/caviar-de-neuvic.com\/fr_be\/p\/accueil\/caviar\/caviar-sevruga\/caviar-sevruga-signature-boite-origine\/","og_site_name":"Producteur Fran\u00e7ais De Caviar","article_modified_time":"2026-03-30T17:51:01+00:00","og_image":[{"width":1100,"height":1422,"url":"https:\/\/caviar-de-neuvic.com\/wp-content\/uploads\/2019\/10\/2822-Caviar-Sevruga-Signature-Boite-Origine.jpg","type":"image\/jpeg"}],"twitter_card":"summary_large_image","twitter_misc":{"Dur\u00e9e de lecture est.":"1 minute"},"schema":{"@context":"https:\/\/schema.org","@graph":[{"@type":"WebPage","@id":"https:\/\/caviar-de-neuvic.com\/p\/accueil\/caviar\/caviar-sevruga\/caviar-sevruga-signature-boite-origine\/","url":"https:\/\/caviar-de-neuvic.com\/p\/accueil\/caviar\/caviar-sevruga\/caviar-sevruga-signature-boite-origine\/","name":"Caviar S\u00e9vruga Signature - Boite Origine - Caviar de Neuvic","isPartOf":{"@id":"http:\/\/caviar-de-neuvic.com\/fr\/#website"},"primaryImageOfPage":{"@id":"https:\/\/caviar-de-neuvic.com\/p\/accueil\/caviar\/caviar-sevruga\/caviar-sevruga-signature-boite-origine\/#primaryimage"},"image":{"@id":"https:\/\/caviar-de-neuvic.com\/p\/accueil\/caviar\/caviar-sevruga\/caviar-sevruga-signature-boite-origine\/#primaryimage"},"thumbnailUrl":"https:\/\/caviar-de-neuvic.com\/wp-content\/uploads\/2019\/10\/2822-Caviar-Sevruga-Signature-Boite-Origine.jpg","datePublished":"2019-10-21T07:58:08+00:00","dateModified":"2026-03-30T17:51:01+00:00","description":"Le Caviar S\u00e9vruga Signature en Boite Origine. Une \u00e9vocation du caviar sauvage\u2026 Ses notes puissantes raviront les palais des connaisseurs.","breadcrumb":{"@id":"https:\/\/caviar-de-neuvic.com\/p\/accueil\/caviar\/caviar-sevruga\/caviar-sevruga-signature-boite-origine\/#breadcrumb"},"inLanguage":"fr-BE","potentialAction":[{"@type":"ReadAction","target":["https:\/\/caviar-de-neuvic.com\/p\/accueil\/caviar\/caviar-sevruga\/caviar-sevruga-signature-boite-origine\/"]}]},{"@type":"ImageObject","inLanguage":"fr-BE","@id":"https:\/\/caviar-de-neuvic.com\/p\/accueil\/caviar\/caviar-sevruga\/caviar-sevruga-signature-boite-origine\/#primaryimage","url":"https:\/\/caviar-de-neuvic.com\/wp-content\/uploads\/2019\/10\/2822-Caviar-Sevruga-Signature-Boite-Origine.jpg","contentUrl":"https:\/\/caviar-de-neuvic.com\/wp-content\/uploads\/2019\/10\/2822-Caviar-Sevruga-Signature-Boite-Origine.jpg","width":1100,"height":1422,"caption":"Caviar S\u00e9vruga Signature - Boite Origine"},{"@type":"BreadcrumbList","@id":"https:\/\/caviar-de-neuvic.com\/p\/accueil\/caviar\/caviar-sevruga\/caviar-sevruga-signature-boite-origine\/#breadcrumb","itemListElement":[{"@type":"ListItem","position":1,"name":"Caviar de Neuvic","item":"https:\/\/caviar-de-neuvic.com\/"},{"@type":"ListItem","position":2,"name":"Shop","item":"https:\/\/caviar-de-neuvic.com\/en\/shop\/"},{"@type":"ListItem","position":3,"name":"Caviar S\u00e9vruga Signature &#8211; Boite Origine"}]},{"@type":"WebSite","@id":"http:\/\/caviar-de-neuvic.com\/fr\/#website","url":"http:\/\/caviar-de-neuvic.com\/fr\/","name":"Producteur Fran\u00e7ais De Caviar","description":"","publisher":{"@id":"http:\/\/caviar-de-neuvic.com\/fr\/#organization"},"potentialAction":[{"@type":"SearchAction","target":{"@type":"EntryPoint","urlTemplate":"http:\/\/caviar-de-neuvic.com\/fr\/?s={search_term_string}"},"query-input":{"@type":"PropertyValueSpecification","valueRequired":true,"valueName":"search_term_string"}}],"inLanguage":"fr-BE"},{"@type":"Organization","@id":"http:\/\/caviar-de-neuvic.com\/fr\/#organization","name":"Producteur Fran\u00e7ais De Caviar","url":"http:\/\/caviar-de-neuvic.com\/fr\/","logo":{"@type":"ImageObject","inLanguage":"fr-BE","@id":"http:\/\/caviar-de-neuvic.com\/fr\/#\/schema\/logo\/image\/","url":"","contentUrl":"","caption":"Producteur Fran\u00e7ais De Caviar"},"image":{"@id":"http:\/\/caviar-de-neuvic.com\/fr\/#\/schema\/logo\/image\/"}}]}},"_links":{"self":[{"href":"https:\/\/caviar-de-neuvic.com\/fr_be\/wp-json\/wp\/v2\/product\/1055","targetHints":{"allow":["GET"]}}],"collection":[{"href":"https:\/\/caviar-de-neuvic.com\/fr_be\/wp-json\/wp\/v2\/product"}],"about":[{"href":"https:\/\/caviar-de-neuvic.com\/fr_be\/wp-json\/wp\/v2\/types\/product"}],"version-history":[{"count":6,"href":"https:\/\/caviar-de-neuvic.com\/fr_be\/wp-json\/wp\/v2\/product\/1055\/revisions"}],"predecessor-version":[{"id":30067,"href":"https:\/\/caviar-de-neuvic.com\/fr_be\/wp-json\/wp\/v2\/product\/1055\/revisions\/30067"}],"wp:featuredmedia":[{"embeddable":true,"href":"https:\/\/caviar-de-neuvic.com\/fr_be\/wp-json\/wp\/v2\/media\/25820"}],"wp:attachment":[{"href":"https:\/\/caviar-de-neuvic.com\/fr_be\/wp-json\/wp\/v2\/media?parent=1055"}],"wp:term":[{"taxonomy":"product_brand","embeddable":true,"href":"https:\/\/caviar-de-neuvic.com\/fr_be\/wp-json\/wp\/v2\/product_brand?post=1055"},{"taxonomy":"product_cat","embeddable":true,"href":"https:\/\/caviar-de-neuvic.com\/fr_be\/wp-json\/wp\/v2\/product_cat?post=1055"},{"taxonomy":"product_tag","embeddable":true,"href":"https:\/\/caviar-de-neuvic.com\/fr_be\/wp-json\/wp\/v2\/product_tag?post=1055"}],"curies":[{"name":"wp","href":"https:\/\/api.w.org\/{rel}","templated":true}]}}