{"id":1430,"date":"2025-10-06T07:21:53","date_gmt":"2025-10-06T05:21:53","guid":{"rendered":"https:\/\/caviar-de-neuvic.com\/?post_type=product&#038;p=1430"},"modified":"2026-03-12T12:44:01","modified_gmt":"2026-03-12T11:44:01","slug":"caviar-baeri-signature-octobre-rose","status":"publish","type":"product","link":"https:\/\/caviar-de-neuvic.com\/fr_be\/p\/accueil\/caviar\/caviar-baeri\/caviar-baeri-signature-octobre-rose\/","title":{"rendered":"Caviar Baeri Signature \u00ab\u00a0Octobre rose\u00a0\u00bb"},"content":{"rendered":"<div class=\"col-md-3 titre\"><strong>Servir<\/strong><\/div>\n<div class=\"col-md-9\">\n<p>Il est pr\u00e9f\u00e9rable de sortir votre bo\u00eete de caviar 5 minutes avant de la servir. Disposez la sur\u00a0<a href=\"https:\/\/caviar-de-neuvic.com\/fr_be\/accessoires\/16-caviar-on-the-rocks.html\/\">un lit de glace<\/a> qui en pr\u00e9servera la fra\u00eecheur tout au long de la d\u00e9gustation. Pr\u00e9f\u00e9rez une petite\u00a0<a href=\"https:\/\/caviar-de-neuvic.com\/fr_be\/accessoires\/30-cuillere-en-nacre.html\/\">cuill\u00e8re en nacre<\/a> qui ne brisera pas les grains et ne risquera pas l&rsquo;oxydation.<\/p>\n<\/div>\n<div class=\"col-md-3 titre\"><strong>Accompagner<\/strong><\/div>\n<div class=\"col-md-9\">\n<p>La puret\u00e9 et la puissance d&rsquo;une belle vodka offriront un contrepoint int\u00e9ressant aux notes beurr\u00e9es et gourmandes du caviar tout en sublimant une fra\u00eecheur pas si innocente.<\/p>\n<\/div>\n<div class=\"col-md-3 titre\"><strong>Recette<\/strong> : comme un oeuf au plat<\/div>\n<div class=\"col-md-9\">\n<p>Chanterelles et caviar. Recette propos\u00e9e par Cook N\u2019Tinem \u2013 Chef \u00e0 domicile (Bordeaux)<\/p>\n<p><img decoding=\"async\" src=\"https:\/\/www.caviar-de-neuvic.com\/img\/cms\/recette.jpg\" alt=\"\" width=\"30\" height=\"38\" \/>\u00a0<a href=\"https:\/\/caviar-de-neuvic.com\/fr_be\/recettes\/Fiche-recette-comme-un-oeuf-au-plat.pdf\/\">T\u00e9l\u00e9charger la recette<\/a> (PDF)<\/p>\n<\/div>\n<div class=\"col-md-3 titre\"><strong>Valeurs nutritionnelles<\/strong><\/div>\n<div class=\"col-md-9\">\n<table class=\"table table-bordered valeurs\" border=\"1\">\n<thead>\n<tr>\n<th colspan=\"4\">Pour 100 g<\/th>\n<\/tr>\n<\/thead>\n<tbody>\n<tr>\n<td>Valeur \u00e9nerg\u00e9tique (Kcal)<\/td>\n<td>242<\/td>\n<td>Mati\u00e8res grasses\u00a0(g) dont acides gras satur\u00e9s (g)<\/td>\n<td>14,3 (3)<\/td>\n<\/tr>\n<tr>\n<td>Valeur \u00e9nerg\u00e9tique (Kj)<\/td>\n<td>1012<\/td>\n<td>Glucides (g) dont sucres (g)<\/td>\n<td>7,2 (0,1)<\/td>\n<\/tr>\n<tr>\n<td>Prot\u00e9ines (g)<\/td>\n<td>21,2<\/td>\n<td>Sel\u00a0(g)<\/td>\n<td>2,93<\/td>\n<\/tr>\n<\/tbody>\n<\/table>\n<\/div>","protected":false},"excerpt":{"rendered":"<p><span style=\"background-color: #ea76be; color: #000000;\">Dans le cadre de l&rsquo;\u00e9dition 2024 \u00ab\u00a0Octobre rose\u00a0\u00bb, Caviar de Neuvic s&rsquo;engage aux c\u00f4t\u00e9s de la Ligue contre le cancer du sein. Cette boite de Caviar Baeri Signature 50g permet de participer \u00e0 cette op\u00e9ration. 20\u20ac seront revers\u00e9s par Caviar de Neuvic \u00e0 la Ligue contre le cancer.<\/span><\/p>\n<h2>20 \u20ac revers\u00e9s \u00e0 la ligue contre le cancer du sein<\/h2>\n<p>Le Caviar Baeri Signature est issu de l\u2019esturgeon\u00a0<em>Acipenser Baeri<\/em>\u00a0\u00e9lev\u00e9 \u00e0 Neuvic, en\u00a0Aquitaine. Les esturgeons qui nous donnent le Caviar de Neuvic sont tous \u00e9lev\u00e9s dans les meilleures conditions. Une eau de qualit\u00e9 et renouvel\u00e9e, une alimentation Bio, une faible densit\u00e9 et peu de manipulations.<\/p>\n<p>Nos caviars Signature incarnent le style et la qualit\u00e9 de la marque Caviar de Neuvic.<\/p>\n<h2>Un caviar \u00e9quilibr\u00e9<\/h2>\n<p>En bouche, ce caviar de producteur se caract\u00e9rise par la texture fondante des \u0153ufs. Une petite note de noisette en fin de bouche. Une palette de sensations d\u00e9licates donne \u00e0 cette qualit\u00e9 son \u00e9l\u00e9gance et son \u00e9quilibre.<\/p>\n<p>Poids : 50g<\/p>","protected":false},"featured_media":1428,"template":"","meta":{"_acf_changed":false,"ocean_post_layout":"","ocean_both_sidebars_style":"","ocean_both_sidebars_content_width":0,"ocean_both_sidebars_sidebars_width":0,"ocean_sidebar":"0","ocean_second_sidebar":"0","ocean_disable_margins":"enable","ocean_add_body_class":"","ocean_shortcode_before_top_bar":"","ocean_shortcode_after_top_bar":"","ocean_shortcode_before_header":"","ocean_shortcode_after_header":"","ocean_has_shortcode":"","ocean_shortcode_after_title":"","ocean_shortcode_before_footer_widgets":"","ocean_shortcode_after_footer_widgets":"","ocean_shortcode_before_footer_bottom":"","ocean_shortcode_after_footer_bottom":"","ocean_display_top_bar":"default","ocean_display_header":"default","ocean_header_style":"","ocean_center_header_left_menu":"0","ocean_custom_header_template":"0","ocean_custom_logo":0,"ocean_custom_retina_logo":0,"ocean_custom_logo_max_width":0,"ocean_custom_logo_tablet_max_width":0,"ocean_custom_logo_mobile_max_width":0,"ocean_custom_logo_max_height":0,"ocean_custom_logo_tablet_max_height":0,"ocean_custom_logo_mobile_max_height":0,"ocean_header_custom_menu":"0","ocean_menu_typo_font_family":"0","ocean_menu_typo_font_subset":"","ocean_menu_typo_font_size":0,"ocean_menu_typo_font_size_tablet":0,"ocean_menu_typo_font_size_mobile":0,"ocean_menu_typo_font_size_unit":"px","ocean_menu_typo_font_weight":"","ocean_menu_typo_font_weight_tablet":"","ocean_menu_typo_font_weight_mobile":"","ocean_menu_typo_transform":"","ocean_menu_typo_transform_tablet":"","ocean_menu_typo_transform_mobile":"","ocean_menu_typo_line_height":0,"ocean_menu_typo_line_height_tablet":0,"ocean_menu_typo_line_height_mobile":0,"ocean_menu_typo_line_height_unit":"","ocean_menu_typo_spacing":0,"ocean_menu_typo_spacing_tablet":0,"ocean_menu_typo_spacing_mobile":0,"ocean_menu_typo_spacing_unit":"","ocean_menu_link_color":"","ocean_menu_link_color_hover":"","ocean_menu_link_color_active":"","ocean_menu_link_background":"","ocean_menu_link_hover_background":"","ocean_menu_link_active_background":"","ocean_menu_social_links_bg":"","ocean_menu_social_hover_links_bg":"","ocean_menu_social_links_color":"","ocean_menu_social_hover_links_color":"","ocean_disable_title":"default","ocean_disable_heading":"default","ocean_post_title":"","ocean_post_subheading":"","ocean_post_title_style":"","ocean_post_title_background_color":"","ocean_post_title_background":0,"ocean_post_title_bg_image_position":"","ocean_post_title_bg_image_attachment":"","ocean_post_title_bg_image_repeat":"","ocean_post_title_bg_image_size":"","ocean_post_title_height":0,"ocean_post_title_bg_overlay":0.5,"ocean_post_title_bg_overlay_color":"","ocean_disable_breadcrumbs":"default","ocean_breadcrumbs_color":"","ocean_breadcrumbs_separator_color":"","ocean_breadcrumbs_links_color":"","ocean_breadcrumbs_links_hover_color":"","ocean_display_footer_widgets":"default","ocean_display_footer_bottom":"default","ocean_custom_footer_template":"0","omw_enable_modal_window":"enable"},"product_brand":[],"product_cat":[20,43,41],"product_tag":[],"class_list":{"0":"post-1430","1":"product","2":"type-product","3":"status-publish","4":"has-post-thumbnail","6":"product_cat-caviar","7":"product_cat-caviar-baeri","8":"product_cat-octobre-rose","9":"pa_choisissezvotreetiquette-121","10":"pa_choisissezvotreetiquette-122","11":"pa_choisissezvotreetiquette-127","12":"pa_choisissezvotreetiquette-128","13":"pa_choisissezvotreetiquette-129","14":"pa_choisissezvotreetiquette-130","15":"pa_choisissezvotreetiquette-123","16":"pa_choisissezvotreetiquette-124","17":"pa_choisissezvotreetiquette-125","18":"pa_choisissezvotreetiquette-126","19":"pa_choisissezvotreetiquette-aleatoire","20":"pa_conservation-88-aurefrigerateurentre0et4c","21":"pa_origine-france","22":"pa_packdeproduits-oui","24":"entry","25":"has-media","27":"first","28":"instock","29":"taxable","30":"shipping-taxable","31":"purchasable","32":"product-type-variable","33":"has-default-attributes","34":"col","35":"span_1_of_3","36":"owp-content-center","37":"item-entry","38":"owp-thumbs-layout-vertical","39":"owp-btn-normal","40":"owp-tabs-layout-horizontal"},"acf":[],"yoast_head":"<!-- This site is optimized with the Yoast SEO plugin v27.4 - https:\/\/yoast.com\/product\/yoast-seo-wordpress\/ -->\n<title>Caviar Baeri Signature - Edition sp\u00e9ciale Octobre rose<\/title>\n<meta name=\"description\" content=\"Dans le cadre de l&#039;\u00e9dition 2020 &quot;Octobre rose&quot;, Caviar de Neuvic s&#039;engage aux c\u00f4t\u00e9s de la Ligue contre le cancer du sein. Cette boite de Caviar Baeri Signature 50g permet de participer \u00e0 cette op\u00e9ration. 20 \u20ac seront revers\u00e9s \u00e0 la Ligue contre le cancer.\" \/>\n<meta name=\"robots\" content=\"noindex, nofollow\" \/>\n<meta property=\"og:locale\" content=\"fr_FR\" \/>\n<meta property=\"og:type\" content=\"article\" \/>\n<meta property=\"og:title\" content=\"Caviar Baeri Signature - Edition sp\u00e9ciale Octobre rose\" \/>\n<meta property=\"og:description\" content=\"Dans le cadre de l&#039;\u00e9dition 2020 &quot;Octobre rose&quot;, Caviar de Neuvic s&#039;engage aux c\u00f4t\u00e9s de la Ligue contre le cancer du sein. Cette boite de Caviar Baeri Signature 50g permet de participer \u00e0 cette op\u00e9ration. 20 \u20ac seront revers\u00e9s \u00e0 la Ligue contre le cancer.\" \/>\n<meta property=\"og:url\" content=\"https:\/\/caviar-de-neuvic.com\/fr_be\/p\/accueil\/caviar\/caviar-baeri\/caviar-baeri-signature-octobre-rose\/\" \/>\n<meta property=\"og:site_name\" content=\"Producteur Fran\u00e7ais De Caviar\" \/>\n<meta property=\"article:modified_time\" content=\"2026-03-12T11:44:01+00:00\" \/>\n<meta property=\"og:image\" content=\"https:\/\/caviar-de-neuvic.com\/wp-content\/uploads\/2020\/10\/2766-Caviar-Baeri-Signature-Octobre-rose.jpg\" \/>\n\t<meta property=\"og:image:width\" content=\"1000\" \/>\n\t<meta property=\"og:image:height\" content=\"1300\" \/>\n\t<meta property=\"og:image:type\" content=\"image\/jpeg\" \/>\n<meta name=\"twitter:card\" content=\"summary_large_image\" \/>\n<meta name=\"twitter:label1\" content=\"Dur\u00e9e de lecture est.\" \/>\n\t<meta name=\"twitter:data1\" content=\"2 minutes\" \/>\n<script type=\"application\/ld+json\" class=\"yoast-schema-graph\">{\"@context\":\"https:\\\/\\\/schema.org\",\"@graph\":[{\"@type\":\"WebPage\",\"@id\":\"https:\\\/\\\/caviar-de-neuvic.com\\\/p\\\/accueil\\\/caviar\\\/caviar-baeri\\\/caviar-baeri-signature-octobre-rose\\\/\",\"url\":\"https:\\\/\\\/caviar-de-neuvic.com\\\/p\\\/accueil\\\/caviar\\\/caviar-baeri\\\/caviar-baeri-signature-octobre-rose\\\/\",\"name\":\"Caviar Baeri Signature - Edition sp\u00e9ciale Octobre rose\",\"isPartOf\":{\"@id\":\"http:\\\/\\\/caviar-de-neuvic.com\\\/fr\\\/#website\"},\"primaryImageOfPage\":{\"@id\":\"https:\\\/\\\/caviar-de-neuvic.com\\\/p\\\/accueil\\\/caviar\\\/caviar-baeri\\\/caviar-baeri-signature-octobre-rose\\\/#primaryimage\"},\"image\":{\"@id\":\"https:\\\/\\\/caviar-de-neuvic.com\\\/p\\\/accueil\\\/caviar\\\/caviar-baeri\\\/caviar-baeri-signature-octobre-rose\\\/#primaryimage\"},\"thumbnailUrl\":\"https:\\\/\\\/caviar-de-neuvic.com\\\/wp-content\\\/uploads\\\/2020\\\/10\\\/2766-Caviar-Baeri-Signature-Octobre-rose.jpg\",\"datePublished\":\"2025-10-06T05:21:53+00:00\",\"dateModified\":\"2026-03-12T11:44:01+00:00\",\"description\":\"Dans le cadre de l'\u00e9dition 2020 \\\"Octobre rose\\\", Caviar de Neuvic s'engage aux c\u00f4t\u00e9s de la Ligue contre le cancer du sein. Cette boite de Caviar Baeri Signature 50g permet de participer \u00e0 cette op\u00e9ration. 20 \u20ac seront revers\u00e9s \u00e0 la Ligue contre le cancer.\",\"breadcrumb\":{\"@id\":\"https:\\\/\\\/caviar-de-neuvic.com\\\/p\\\/accueil\\\/caviar\\\/caviar-baeri\\\/caviar-baeri-signature-octobre-rose\\\/#breadcrumb\"},\"inLanguage\":\"fr-BE\",\"potentialAction\":[{\"@type\":\"ReadAction\",\"target\":[\"https:\\\/\\\/caviar-de-neuvic.com\\\/p\\\/accueil\\\/caviar\\\/caviar-baeri\\\/caviar-baeri-signature-octobre-rose\\\/\"]}]},{\"@type\":\"ImageObject\",\"inLanguage\":\"fr-BE\",\"@id\":\"https:\\\/\\\/caviar-de-neuvic.com\\\/p\\\/accueil\\\/caviar\\\/caviar-baeri\\\/caviar-baeri-signature-octobre-rose\\\/#primaryimage\",\"url\":\"https:\\\/\\\/caviar-de-neuvic.com\\\/wp-content\\\/uploads\\\/2020\\\/10\\\/2766-Caviar-Baeri-Signature-Octobre-rose.jpg\",\"contentUrl\":\"https:\\\/\\\/caviar-de-neuvic.com\\\/wp-content\\\/uploads\\\/2020\\\/10\\\/2766-Caviar-Baeri-Signature-Octobre-rose.jpg\",\"width\":1000,\"height\":1300,\"caption\":\"Caviar Baeri Signature \\\"Octobre rose\\\"\"},{\"@type\":\"BreadcrumbList\",\"@id\":\"https:\\\/\\\/caviar-de-neuvic.com\\\/p\\\/accueil\\\/caviar\\\/caviar-baeri\\\/caviar-baeri-signature-octobre-rose\\\/#breadcrumb\",\"itemListElement\":[{\"@type\":\"ListItem\",\"position\":1,\"name\":\"Caviar de Neuvic\",\"item\":\"https:\\\/\\\/caviar-de-neuvic.com\\\/\"},{\"@type\":\"ListItem\",\"position\":2,\"name\":\"Shop\",\"item\":\"https:\\\/\\\/caviar-de-neuvic.com\\\/en\\\/shop\\\/\"},{\"@type\":\"ListItem\",\"position\":3,\"name\":\"Caviar Baeri Signature \u00ab\u00a0Octobre rose\u00a0\u00bb\"}]},{\"@type\":\"WebSite\",\"@id\":\"http:\\\/\\\/caviar-de-neuvic.com\\\/fr\\\/#website\",\"url\":\"http:\\\/\\\/caviar-de-neuvic.com\\\/fr\\\/\",\"name\":\"Producteur Fran\u00e7ais De Caviar\",\"description\":\"\",\"publisher\":{\"@id\":\"http:\\\/\\\/caviar-de-neuvic.com\\\/fr\\\/#organization\"},\"potentialAction\":[{\"@type\":\"SearchAction\",\"target\":{\"@type\":\"EntryPoint\",\"urlTemplate\":\"http:\\\/\\\/caviar-de-neuvic.com\\\/fr\\\/?s={search_term_string}\"},\"query-input\":{\"@type\":\"PropertyValueSpecification\",\"valueRequired\":true,\"valueName\":\"search_term_string\"}}],\"inLanguage\":\"fr-BE\"},{\"@type\":\"Organization\",\"@id\":\"http:\\\/\\\/caviar-de-neuvic.com\\\/fr\\\/#organization\",\"name\":\"Producteur Fran\u00e7ais De Caviar\",\"url\":\"http:\\\/\\\/caviar-de-neuvic.com\\\/fr\\\/\",\"logo\":{\"@type\":\"ImageObject\",\"inLanguage\":\"fr-BE\",\"@id\":\"http:\\\/\\\/caviar-de-neuvic.com\\\/fr\\\/#\\\/schema\\\/logo\\\/image\\\/\",\"url\":\"\",\"contentUrl\":\"\",\"caption\":\"Producteur Fran\u00e7ais De Caviar\"},\"image\":{\"@id\":\"http:\\\/\\\/caviar-de-neuvic.com\\\/fr\\\/#\\\/schema\\\/logo\\\/image\\\/\"}}]}<\/script>\n<!-- \/ Yoast SEO plugin. -->","yoast_head_json":{"title":"Caviar Baeri Signature - Edition sp\u00e9ciale Octobre rose","description":"Dans le cadre de l'\u00e9dition 2020 \"Octobre rose\", Caviar de Neuvic s'engage aux c\u00f4t\u00e9s de la Ligue contre le cancer du sein. Cette boite de Caviar Baeri Signature 50g permet de participer \u00e0 cette op\u00e9ration. 20 \u20ac seront revers\u00e9s \u00e0 la Ligue contre le cancer.","robots":{"index":"noindex","follow":"nofollow"},"og_locale":"fr_FR","og_type":"article","og_title":"Caviar Baeri Signature - Edition sp\u00e9ciale Octobre rose","og_description":"Dans le cadre de l'\u00e9dition 2020 \"Octobre rose\", Caviar de Neuvic s'engage aux c\u00f4t\u00e9s de la Ligue contre le cancer du sein. Cette boite de Caviar Baeri Signature 50g permet de participer \u00e0 cette op\u00e9ration. 20 \u20ac seront revers\u00e9s \u00e0 la Ligue contre le cancer.","og_url":"https:\/\/caviar-de-neuvic.com\/fr_be\/p\/accueil\/caviar\/caviar-baeri\/caviar-baeri-signature-octobre-rose\/","og_site_name":"Producteur Fran\u00e7ais De Caviar","article_modified_time":"2026-03-12T11:44:01+00:00","og_image":[{"width":1000,"height":1300,"url":"https:\/\/caviar-de-neuvic.com\/wp-content\/uploads\/2020\/10\/2766-Caviar-Baeri-Signature-Octobre-rose.jpg","type":"image\/jpeg"}],"twitter_card":"summary_large_image","twitter_misc":{"Dur\u00e9e de lecture est.":"2 minutes"},"schema":{"@context":"https:\/\/schema.org","@graph":[{"@type":"WebPage","@id":"https:\/\/caviar-de-neuvic.com\/p\/accueil\/caviar\/caviar-baeri\/caviar-baeri-signature-octobre-rose\/","url":"https:\/\/caviar-de-neuvic.com\/p\/accueil\/caviar\/caviar-baeri\/caviar-baeri-signature-octobre-rose\/","name":"Caviar Baeri Signature - Edition sp\u00e9ciale Octobre rose","isPartOf":{"@id":"http:\/\/caviar-de-neuvic.com\/fr\/#website"},"primaryImageOfPage":{"@id":"https:\/\/caviar-de-neuvic.com\/p\/accueil\/caviar\/caviar-baeri\/caviar-baeri-signature-octobre-rose\/#primaryimage"},"image":{"@id":"https:\/\/caviar-de-neuvic.com\/p\/accueil\/caviar\/caviar-baeri\/caviar-baeri-signature-octobre-rose\/#primaryimage"},"thumbnailUrl":"https:\/\/caviar-de-neuvic.com\/wp-content\/uploads\/2020\/10\/2766-Caviar-Baeri-Signature-Octobre-rose.jpg","datePublished":"2025-10-06T05:21:53+00:00","dateModified":"2026-03-12T11:44:01+00:00","description":"Dans le cadre de l'\u00e9dition 2020 \"Octobre rose\", Caviar de Neuvic s'engage aux c\u00f4t\u00e9s de la Ligue contre le cancer du sein. Cette boite de Caviar Baeri Signature 50g permet de participer \u00e0 cette op\u00e9ration. 20 \u20ac seront revers\u00e9s \u00e0 la Ligue contre le cancer.","breadcrumb":{"@id":"https:\/\/caviar-de-neuvic.com\/p\/accueil\/caviar\/caviar-baeri\/caviar-baeri-signature-octobre-rose\/#breadcrumb"},"inLanguage":"fr-BE","potentialAction":[{"@type":"ReadAction","target":["https:\/\/caviar-de-neuvic.com\/p\/accueil\/caviar\/caviar-baeri\/caviar-baeri-signature-octobre-rose\/"]}]},{"@type":"ImageObject","inLanguage":"fr-BE","@id":"https:\/\/caviar-de-neuvic.com\/p\/accueil\/caviar\/caviar-baeri\/caviar-baeri-signature-octobre-rose\/#primaryimage","url":"https:\/\/caviar-de-neuvic.com\/wp-content\/uploads\/2020\/10\/2766-Caviar-Baeri-Signature-Octobre-rose.jpg","contentUrl":"https:\/\/caviar-de-neuvic.com\/wp-content\/uploads\/2020\/10\/2766-Caviar-Baeri-Signature-Octobre-rose.jpg","width":1000,"height":1300,"caption":"Caviar Baeri Signature \"Octobre rose\""},{"@type":"BreadcrumbList","@id":"https:\/\/caviar-de-neuvic.com\/p\/accueil\/caviar\/caviar-baeri\/caviar-baeri-signature-octobre-rose\/#breadcrumb","itemListElement":[{"@type":"ListItem","position":1,"name":"Caviar de Neuvic","item":"https:\/\/caviar-de-neuvic.com\/"},{"@type":"ListItem","position":2,"name":"Shop","item":"https:\/\/caviar-de-neuvic.com\/en\/shop\/"},{"@type":"ListItem","position":3,"name":"Caviar Baeri Signature \u00ab\u00a0Octobre rose\u00a0\u00bb"}]},{"@type":"WebSite","@id":"http:\/\/caviar-de-neuvic.com\/fr\/#website","url":"http:\/\/caviar-de-neuvic.com\/fr\/","name":"Producteur Fran\u00e7ais De Caviar","description":"","publisher":{"@id":"http:\/\/caviar-de-neuvic.com\/fr\/#organization"},"potentialAction":[{"@type":"SearchAction","target":{"@type":"EntryPoint","urlTemplate":"http:\/\/caviar-de-neuvic.com\/fr\/?s={search_term_string}"},"query-input":{"@type":"PropertyValueSpecification","valueRequired":true,"valueName":"search_term_string"}}],"inLanguage":"fr-BE"},{"@type":"Organization","@id":"http:\/\/caviar-de-neuvic.com\/fr\/#organization","name":"Producteur Fran\u00e7ais De Caviar","url":"http:\/\/caviar-de-neuvic.com\/fr\/","logo":{"@type":"ImageObject","inLanguage":"fr-BE","@id":"http:\/\/caviar-de-neuvic.com\/fr\/#\/schema\/logo\/image\/","url":"","contentUrl":"","caption":"Producteur Fran\u00e7ais De Caviar"},"image":{"@id":"http:\/\/caviar-de-neuvic.com\/fr\/#\/schema\/logo\/image\/"}}]}},"_links":{"self":[{"href":"https:\/\/caviar-de-neuvic.com\/fr_be\/wp-json\/wp\/v2\/product\/1430","targetHints":{"allow":["GET"]}}],"collection":[{"href":"https:\/\/caviar-de-neuvic.com\/fr_be\/wp-json\/wp\/v2\/product"}],"about":[{"href":"https:\/\/caviar-de-neuvic.com\/fr_be\/wp-json\/wp\/v2\/types\/product"}],"version-history":[{"count":3,"href":"https:\/\/caviar-de-neuvic.com\/fr_be\/wp-json\/wp\/v2\/product\/1430\/revisions"}],"predecessor-version":[{"id":36553,"href":"https:\/\/caviar-de-neuvic.com\/fr_be\/wp-json\/wp\/v2\/product\/1430\/revisions\/36553"}],"wp:featuredmedia":[{"embeddable":true,"href":"https:\/\/caviar-de-neuvic.com\/fr_be\/wp-json\/wp\/v2\/media\/1428"}],"wp:attachment":[{"href":"https:\/\/caviar-de-neuvic.com\/fr_be\/wp-json\/wp\/v2\/media?parent=1430"}],"wp:term":[{"taxonomy":"product_brand","embeddable":true,"href":"https:\/\/caviar-de-neuvic.com\/fr_be\/wp-json\/wp\/v2\/product_brand?post=1430"},{"taxonomy":"product_cat","embeddable":true,"href":"https:\/\/caviar-de-neuvic.com\/fr_be\/wp-json\/wp\/v2\/product_cat?post=1430"},{"taxonomy":"product_tag","embeddable":true,"href":"https:\/\/caviar-de-neuvic.com\/fr_be\/wp-json\/wp\/v2\/product_tag?post=1430"}],"curies":[{"name":"wp","href":"https:\/\/api.w.org\/{rel}","templated":true}]}}