{"id":2238,"date":"2024-04-15T12:23:31","date_gmt":"2024-04-15T12:23:31","guid":{"rendered":"https:\/\/caviar-de-neuvic.com\/produits\/caviar-presse\/"},"modified":"2026-03-17T17:40:54","modified_gmt":"2026-03-17T16:40:54","slug":"caviar-presse","status":"publish","type":"product","link":"https:\/\/caviar-de-neuvic.com\/fr_be\/p\/accueil\/l-epicerie-neuvic\/epicerie-caviar\/caviar-presse\/","title":{"rendered":"Caviar press\u00e9"},"content":{"rendered":"<h3>Associations culinaires\u200b avec le caviar press\u00e9<\/h3>\n<p>Le caviar press\u00e9 est un produit simple d\u2019utilisation : sur des blinis, des pommes de terres ti\u00e8des, en sauce\u2026 M\u00eame en petite quantit\u00e9, sa puissance apportera une touche originale \u00e0 votre plat.\u200b Il permet m\u00eame de repousser les limites culinaires en l\u2019incorporant dans des pr\u00e9parations chaudes.\u200b<\/p>","protected":false},"excerpt":{"rendered":"<p>Le caviar press\u00e9 est un produit aux souvenirs d\u2019antan. Issu d\u2019un processus de fabrication long et m\u00e9ticuleux, il est \u00e9labor\u00e9 \u00e0 partir de nos caviars affin\u00e9s puis press\u00e9s jusqu\u2019\u00e0 l\u2019obtention d\u2019une p\u00e2te onctueuse qui concentre tous les ar\u00f4mes du caviar. \u200b<\/p>\n<p>Son go\u00fbt est plus puissant que le caviar traditionnel.\u200b Le caviar press\u00e9 est un concentr\u00e9 des ar\u00f4mes du caviar. Il en faut donc tr\u00e8s peu pour parfumer votre plat. On retrouve une texture lisse et onctueuse dont la couleur peut varier selon les esp\u00e8ces de caviar utilis\u00e9es.<\/p>","protected":false},"featured_media":2236,"template":"","meta":{"_acf_changed":false,"ocean_post_layout":"","ocean_both_sidebars_style":"","ocean_both_sidebars_content_width":0,"ocean_both_sidebars_sidebars_width":0,"ocean_sidebar":"0","ocean_second_sidebar":"0","ocean_disable_margins":"enable","ocean_add_body_class":"","ocean_shortcode_before_top_bar":"","ocean_shortcode_after_top_bar":"","ocean_shortcode_before_header":"","ocean_shortcode_after_header":"","ocean_has_shortcode":"","ocean_shortcode_after_title":"","ocean_shortcode_before_footer_widgets":"","ocean_shortcode_after_footer_widgets":"","ocean_shortcode_before_footer_bottom":"","ocean_shortcode_after_footer_bottom":"","ocean_display_top_bar":"default","ocean_display_header":"default","ocean_header_style":"","ocean_center_header_left_menu":"0","ocean_custom_header_template":"0","ocean_custom_logo":0,"ocean_custom_retina_logo":0,"ocean_custom_logo_max_width":0,"ocean_custom_logo_tablet_max_width":0,"ocean_custom_logo_mobile_max_width":0,"ocean_custom_logo_max_height":0,"ocean_custom_logo_tablet_max_height":0,"ocean_custom_logo_mobile_max_height":0,"ocean_header_custom_menu":"0","ocean_menu_typo_font_family":"0","ocean_menu_typo_font_subset":"","ocean_menu_typo_font_size":0,"ocean_menu_typo_font_size_tablet":0,"ocean_menu_typo_font_size_mobile":0,"ocean_menu_typo_font_size_unit":"px","ocean_menu_typo_font_weight":"","ocean_menu_typo_font_weight_tablet":"","ocean_menu_typo_font_weight_mobile":"","ocean_menu_typo_transform":"","ocean_menu_typo_transform_tablet":"","ocean_menu_typo_transform_mobile":"","ocean_menu_typo_line_height":0,"ocean_menu_typo_line_height_tablet":0,"ocean_menu_typo_line_height_mobile":0,"ocean_menu_typo_line_height_unit":"","ocean_menu_typo_spacing":0,"ocean_menu_typo_spacing_tablet":0,"ocean_menu_typo_spacing_mobile":0,"ocean_menu_typo_spacing_unit":"","ocean_menu_link_color":"","ocean_menu_link_color_hover":"","ocean_menu_link_color_active":"","ocean_menu_link_background":"","ocean_menu_link_hover_background":"","ocean_menu_link_active_background":"","ocean_menu_social_links_bg":"","ocean_menu_social_hover_links_bg":"","ocean_menu_social_links_color":"","ocean_menu_social_hover_links_color":"","ocean_disable_title":"default","ocean_disable_heading":"default","ocean_post_title":"","ocean_post_subheading":"","ocean_post_title_style":"","ocean_post_title_background_color":"","ocean_post_title_background":0,"ocean_post_title_bg_image_position":"","ocean_post_title_bg_image_attachment":"","ocean_post_title_bg_image_repeat":"","ocean_post_title_bg_image_size":"","ocean_post_title_height":0,"ocean_post_title_bg_overlay":0.5,"ocean_post_title_bg_overlay_color":"","ocean_disable_breadcrumbs":"default","ocean_breadcrumbs_color":"","ocean_breadcrumbs_separator_color":"","ocean_breadcrumbs_links_color":"","ocean_breadcrumbs_links_hover_color":"","ocean_display_footer_widgets":"default","ocean_display_footer_bottom":"default","ocean_custom_footer_template":"0","omw_enable_modal_window":"enable"},"product_brand":[],"product_cat":[20,45,22],"product_tag":[],"class_list":{"0":"post-2238","1":"product","2":"type-product","3":"status-publish","4":"has-post-thumbnail","6":"product_cat-caviar","7":"product_cat-epicerie-caviar","8":"product_cat-l-epicerie-neuvic","9":"pa_conservation-aurefrigerateurentre0et4c_","11":"entry","12":"has-media","14":"first","15":"instock","16":"taxable","17":"shipping-taxable","18":"purchasable","19":"product-type-simple","20":"has-product-nav","21":"col","22":"span_1_of_3","23":"owp-content-center","24":"item-entry","25":"owp-thumbs-layout-vertical","26":"owp-btn-normal","27":"owp-tabs-layout-horizontal"},"acf":[],"yoast_head":"<!-- This site is optimized with the Yoast SEO plugin v27.5 - https:\/\/yoast.com\/product\/yoast-seo-wordpress\/ -->\n<title>Caviar press\u00e9 - Caviar de Neuvic<\/title>\n<meta name=\"description\" content=\"Issu d\u2019un processus de fabrication long et m\u00e9ticuleux, il est \u00e9labor\u00e9 \u00e0 partir de nos caviars affin\u00e9s puis press\u00e9s jusqu\u2019\u00e0 l\u2019obtention d\u2019une p\u00e2te onctueuse qui concentre tous les ar\u00f4mes du caviar. \u200b\" \/>\n<meta name=\"robots\" content=\"index, follow, max-snippet:-1, max-image-preview:large, max-video-preview:-1\" \/>\n<link rel=\"canonical\" href=\"https:\/\/caviar-de-neuvic.com\/fr_be\/p\/accueil\/l-epicerie-neuvic\/epicerie-caviar\/caviar-presse\/\" \/>\n<meta property=\"og:locale\" content=\"fr_FR\" \/>\n<meta property=\"og:type\" content=\"article\" \/>\n<meta property=\"og:title\" content=\"Caviar press\u00e9 - Caviar de Neuvic\" \/>\n<meta property=\"og:description\" content=\"Issu d\u2019un processus de fabrication long et m\u00e9ticuleux, il est \u00e9labor\u00e9 \u00e0 partir de nos caviars affin\u00e9s puis press\u00e9s jusqu\u2019\u00e0 l\u2019obtention d\u2019une p\u00e2te onctueuse qui concentre tous les ar\u00f4mes du caviar. \u200b\" \/>\n<meta property=\"og:url\" content=\"https:\/\/caviar-de-neuvic.com\/fr_be\/p\/accueil\/l-epicerie-neuvic\/epicerie-caviar\/caviar-presse\/\" \/>\n<meta property=\"og:site_name\" content=\"Producteur Fran\u00e7ais De Caviar\" \/>\n<meta property=\"article:modified_time\" content=\"2026-03-17T16:40:54+00:00\" \/>\n<meta property=\"og:image\" content=\"https:\/\/caviar-de-neuvic.com\/wp-content\/uploads\/2024\/04\/2697-Caviar-presse.jpg\" \/>\n\t<meta property=\"og:image:width\" content=\"1100\" \/>\n\t<meta property=\"og:image:height\" content=\"1422\" \/>\n\t<meta property=\"og:image:type\" content=\"image\/jpeg\" \/>\n<meta name=\"twitter:card\" content=\"summary_large_image\" \/>\n<meta name=\"twitter:label1\" content=\"Dur\u00e9e de lecture est.\" \/>\n\t<meta name=\"twitter:data1\" content=\"1 minute\" \/>\n<script type=\"application\/ld+json\" class=\"yoast-schema-graph\">{\"@context\":\"https:\\\/\\\/schema.org\",\"@graph\":[{\"@type\":\"WebPage\",\"@id\":\"https:\\\/\\\/caviar-de-neuvic.com\\\/p\\\/accueil\\\/l-epicerie-neuvic\\\/epicerie-caviar\\\/caviar-presse\\\/\",\"url\":\"https:\\\/\\\/caviar-de-neuvic.com\\\/p\\\/accueil\\\/l-epicerie-neuvic\\\/epicerie-caviar\\\/caviar-presse\\\/\",\"name\":\"Caviar press\u00e9 - Caviar de Neuvic\",\"isPartOf\":{\"@id\":\"http:\\\/\\\/caviar-de-neuvic.com\\\/fr\\\/#website\"},\"primaryImageOfPage\":{\"@id\":\"https:\\\/\\\/caviar-de-neuvic.com\\\/p\\\/accueil\\\/l-epicerie-neuvic\\\/epicerie-caviar\\\/caviar-presse\\\/#primaryimage\"},\"image\":{\"@id\":\"https:\\\/\\\/caviar-de-neuvic.com\\\/p\\\/accueil\\\/l-epicerie-neuvic\\\/epicerie-caviar\\\/caviar-presse\\\/#primaryimage\"},\"thumbnailUrl\":\"https:\\\/\\\/caviar-de-neuvic.com\\\/wp-content\\\/uploads\\\/2024\\\/04\\\/2697-Caviar-presse.jpg\",\"datePublished\":\"2024-04-15T12:23:31+00:00\",\"dateModified\":\"2026-03-17T16:40:54+00:00\",\"description\":\"Issu d\u2019un processus de fabrication long et m\u00e9ticuleux, il est \u00e9labor\u00e9 \u00e0 partir de nos caviars affin\u00e9s puis press\u00e9s jusqu\u2019\u00e0 l\u2019obtention d\u2019une p\u00e2te onctueuse qui concentre tous les ar\u00f4mes du caviar. \u200b\",\"breadcrumb\":{\"@id\":\"https:\\\/\\\/caviar-de-neuvic.com\\\/p\\\/accueil\\\/l-epicerie-neuvic\\\/epicerie-caviar\\\/caviar-presse\\\/#breadcrumb\"},\"inLanguage\":\"fr-BE\",\"potentialAction\":[{\"@type\":\"ReadAction\",\"target\":[\"https:\\\/\\\/caviar-de-neuvic.com\\\/p\\\/accueil\\\/l-epicerie-neuvic\\\/epicerie-caviar\\\/caviar-presse\\\/\"]}]},{\"@type\":\"ImageObject\",\"inLanguage\":\"fr-BE\",\"@id\":\"https:\\\/\\\/caviar-de-neuvic.com\\\/p\\\/accueil\\\/l-epicerie-neuvic\\\/epicerie-caviar\\\/caviar-presse\\\/#primaryimage\",\"url\":\"https:\\\/\\\/caviar-de-neuvic.com\\\/wp-content\\\/uploads\\\/2024\\\/04\\\/2697-Caviar-presse.jpg\",\"contentUrl\":\"https:\\\/\\\/caviar-de-neuvic.com\\\/wp-content\\\/uploads\\\/2024\\\/04\\\/2697-Caviar-presse.jpg\",\"width\":1100,\"height\":1422,\"caption\":\"Caviar press\u00e9\"},{\"@type\":\"BreadcrumbList\",\"@id\":\"https:\\\/\\\/caviar-de-neuvic.com\\\/p\\\/accueil\\\/l-epicerie-neuvic\\\/epicerie-caviar\\\/caviar-presse\\\/#breadcrumb\",\"itemListElement\":[{\"@type\":\"ListItem\",\"position\":1,\"name\":\"Caviar de Neuvic\",\"item\":\"https:\\\/\\\/caviar-de-neuvic.com\\\/\"},{\"@type\":\"ListItem\",\"position\":2,\"name\":\"Shop\",\"item\":\"https:\\\/\\\/caviar-de-neuvic.com\\\/en\\\/shop\\\/\"},{\"@type\":\"ListItem\",\"position\":3,\"name\":\"Caviar press\u00e9\"}]},{\"@type\":\"WebSite\",\"@id\":\"http:\\\/\\\/caviar-de-neuvic.com\\\/fr\\\/#website\",\"url\":\"http:\\\/\\\/caviar-de-neuvic.com\\\/fr\\\/\",\"name\":\"Producteur Fran\u00e7ais De Caviar\",\"description\":\"\",\"publisher\":{\"@id\":\"http:\\\/\\\/caviar-de-neuvic.com\\\/fr\\\/#organization\"},\"potentialAction\":[{\"@type\":\"SearchAction\",\"target\":{\"@type\":\"EntryPoint\",\"urlTemplate\":\"http:\\\/\\\/caviar-de-neuvic.com\\\/fr\\\/?s={search_term_string}\"},\"query-input\":{\"@type\":\"PropertyValueSpecification\",\"valueRequired\":true,\"valueName\":\"search_term_string\"}}],\"inLanguage\":\"fr-BE\"},{\"@type\":\"Organization\",\"@id\":\"http:\\\/\\\/caviar-de-neuvic.com\\\/fr\\\/#organization\",\"name\":\"Producteur Fran\u00e7ais De Caviar\",\"url\":\"http:\\\/\\\/caviar-de-neuvic.com\\\/fr\\\/\",\"logo\":{\"@type\":\"ImageObject\",\"inLanguage\":\"fr-BE\",\"@id\":\"http:\\\/\\\/caviar-de-neuvic.com\\\/fr\\\/#\\\/schema\\\/logo\\\/image\\\/\",\"url\":\"\",\"contentUrl\":\"\",\"caption\":\"Producteur Fran\u00e7ais De Caviar\"},\"image\":{\"@id\":\"http:\\\/\\\/caviar-de-neuvic.com\\\/fr\\\/#\\\/schema\\\/logo\\\/image\\\/\"}}]}<\/script>\n<!-- \/ Yoast SEO plugin. -->","yoast_head_json":{"title":"Caviar press\u00e9 - Caviar de Neuvic","description":"Issu d\u2019un processus de fabrication long et m\u00e9ticuleux, il est \u00e9labor\u00e9 \u00e0 partir de nos caviars affin\u00e9s puis press\u00e9s jusqu\u2019\u00e0 l\u2019obtention d\u2019une p\u00e2te onctueuse qui concentre tous les ar\u00f4mes du caviar. \u200b","robots":{"index":"index","follow":"follow","max-snippet":"max-snippet:-1","max-image-preview":"max-image-preview:large","max-video-preview":"max-video-preview:-1"},"canonical":"https:\/\/caviar-de-neuvic.com\/fr_be\/p\/accueil\/l-epicerie-neuvic\/epicerie-caviar\/caviar-presse\/","og_locale":"fr_FR","og_type":"article","og_title":"Caviar press\u00e9 - Caviar de Neuvic","og_description":"Issu d\u2019un processus de fabrication long et m\u00e9ticuleux, il est \u00e9labor\u00e9 \u00e0 partir de nos caviars affin\u00e9s puis press\u00e9s jusqu\u2019\u00e0 l\u2019obtention d\u2019une p\u00e2te onctueuse qui concentre tous les ar\u00f4mes du caviar. \u200b","og_url":"https:\/\/caviar-de-neuvic.com\/fr_be\/p\/accueil\/l-epicerie-neuvic\/epicerie-caviar\/caviar-presse\/","og_site_name":"Producteur Fran\u00e7ais De Caviar","article_modified_time":"2026-03-17T16:40:54+00:00","og_image":[{"width":1100,"height":1422,"url":"https:\/\/caviar-de-neuvic.com\/wp-content\/uploads\/2024\/04\/2697-Caviar-presse.jpg","type":"image\/jpeg"}],"twitter_card":"summary_large_image","twitter_misc":{"Dur\u00e9e de lecture est.":"1 minute"},"schema":{"@context":"https:\/\/schema.org","@graph":[{"@type":"WebPage","@id":"https:\/\/caviar-de-neuvic.com\/p\/accueil\/l-epicerie-neuvic\/epicerie-caviar\/caviar-presse\/","url":"https:\/\/caviar-de-neuvic.com\/p\/accueil\/l-epicerie-neuvic\/epicerie-caviar\/caviar-presse\/","name":"Caviar press\u00e9 - Caviar de Neuvic","isPartOf":{"@id":"http:\/\/caviar-de-neuvic.com\/fr\/#website"},"primaryImageOfPage":{"@id":"https:\/\/caviar-de-neuvic.com\/p\/accueil\/l-epicerie-neuvic\/epicerie-caviar\/caviar-presse\/#primaryimage"},"image":{"@id":"https:\/\/caviar-de-neuvic.com\/p\/accueil\/l-epicerie-neuvic\/epicerie-caviar\/caviar-presse\/#primaryimage"},"thumbnailUrl":"https:\/\/caviar-de-neuvic.com\/wp-content\/uploads\/2024\/04\/2697-Caviar-presse.jpg","datePublished":"2024-04-15T12:23:31+00:00","dateModified":"2026-03-17T16:40:54+00:00","description":"Issu d\u2019un processus de fabrication long et m\u00e9ticuleux, il est \u00e9labor\u00e9 \u00e0 partir de nos caviars affin\u00e9s puis press\u00e9s jusqu\u2019\u00e0 l\u2019obtention d\u2019une p\u00e2te onctueuse qui concentre tous les ar\u00f4mes du caviar. \u200b","breadcrumb":{"@id":"https:\/\/caviar-de-neuvic.com\/p\/accueil\/l-epicerie-neuvic\/epicerie-caviar\/caviar-presse\/#breadcrumb"},"inLanguage":"fr-BE","potentialAction":[{"@type":"ReadAction","target":["https:\/\/caviar-de-neuvic.com\/p\/accueil\/l-epicerie-neuvic\/epicerie-caviar\/caviar-presse\/"]}]},{"@type":"ImageObject","inLanguage":"fr-BE","@id":"https:\/\/caviar-de-neuvic.com\/p\/accueil\/l-epicerie-neuvic\/epicerie-caviar\/caviar-presse\/#primaryimage","url":"https:\/\/caviar-de-neuvic.com\/wp-content\/uploads\/2024\/04\/2697-Caviar-presse.jpg","contentUrl":"https:\/\/caviar-de-neuvic.com\/wp-content\/uploads\/2024\/04\/2697-Caviar-presse.jpg","width":1100,"height":1422,"caption":"Caviar press\u00e9"},{"@type":"BreadcrumbList","@id":"https:\/\/caviar-de-neuvic.com\/p\/accueil\/l-epicerie-neuvic\/epicerie-caviar\/caviar-presse\/#breadcrumb","itemListElement":[{"@type":"ListItem","position":1,"name":"Caviar de Neuvic","item":"https:\/\/caviar-de-neuvic.com\/"},{"@type":"ListItem","position":2,"name":"Shop","item":"https:\/\/caviar-de-neuvic.com\/en\/shop\/"},{"@type":"ListItem","position":3,"name":"Caviar press\u00e9"}]},{"@type":"WebSite","@id":"http:\/\/caviar-de-neuvic.com\/fr\/#website","url":"http:\/\/caviar-de-neuvic.com\/fr\/","name":"Producteur Fran\u00e7ais De Caviar","description":"","publisher":{"@id":"http:\/\/caviar-de-neuvic.com\/fr\/#organization"},"potentialAction":[{"@type":"SearchAction","target":{"@type":"EntryPoint","urlTemplate":"http:\/\/caviar-de-neuvic.com\/fr\/?s={search_term_string}"},"query-input":{"@type":"PropertyValueSpecification","valueRequired":true,"valueName":"search_term_string"}}],"inLanguage":"fr-BE"},{"@type":"Organization","@id":"http:\/\/caviar-de-neuvic.com\/fr\/#organization","name":"Producteur Fran\u00e7ais De Caviar","url":"http:\/\/caviar-de-neuvic.com\/fr\/","logo":{"@type":"ImageObject","inLanguage":"fr-BE","@id":"http:\/\/caviar-de-neuvic.com\/fr\/#\/schema\/logo\/image\/","url":"","contentUrl":"","caption":"Producteur Fran\u00e7ais De Caviar"},"image":{"@id":"http:\/\/caviar-de-neuvic.com\/fr\/#\/schema\/logo\/image\/"}}]}},"_links":{"self":[{"href":"https:\/\/caviar-de-neuvic.com\/fr_be\/wp-json\/wp\/v2\/product\/2238","targetHints":{"allow":["GET"]}}],"collection":[{"href":"https:\/\/caviar-de-neuvic.com\/fr_be\/wp-json\/wp\/v2\/product"}],"about":[{"href":"https:\/\/caviar-de-neuvic.com\/fr_be\/wp-json\/wp\/v2\/types\/product"}],"version-history":[{"count":2,"href":"https:\/\/caviar-de-neuvic.com\/fr_be\/wp-json\/wp\/v2\/product\/2238\/revisions"}],"predecessor-version":[{"id":29556,"href":"https:\/\/caviar-de-neuvic.com\/fr_be\/wp-json\/wp\/v2\/product\/2238\/revisions\/29556"}],"wp:featuredmedia":[{"embeddable":true,"href":"https:\/\/caviar-de-neuvic.com\/fr_be\/wp-json\/wp\/v2\/media\/2236"}],"wp:attachment":[{"href":"https:\/\/caviar-de-neuvic.com\/fr_be\/wp-json\/wp\/v2\/media?parent=2238"}],"wp:term":[{"taxonomy":"product_brand","embeddable":true,"href":"https:\/\/caviar-de-neuvic.com\/fr_be\/wp-json\/wp\/v2\/product_brand?post=2238"},{"taxonomy":"product_cat","embeddable":true,"href":"https:\/\/caviar-de-neuvic.com\/fr_be\/wp-json\/wp\/v2\/product_cat?post=2238"},{"taxonomy":"product_tag","embeddable":true,"href":"https:\/\/caviar-de-neuvic.com\/fr_be\/wp-json\/wp\/v2\/product_tag?post=2238"}],"curies":[{"name":"wp","href":"https:\/\/api.w.org\/{rel}","templated":true}]}}