{"id":2429,"date":"2024-12-03T16:53:44","date_gmt":"2024-12-03T16:53:44","guid":{"rendered":"https:\/\/caviar-de-neuvic.com\/produits\/formation-caviariste\/"},"modified":"2025-10-06T09:40:10","modified_gmt":"2025-10-06T09:40:10","slug":"formation-caviariste","status":"publish","type":"product","link":"https:\/\/caviar-de-neuvic.com\/fr_be\/p\/accueil\/nos-offres-formation-en-ligne\/formation-caviariste\/","title":{"rendered":"Formation Caviariste"},"content":{"rendered":"","protected":false},"excerpt":{"rendered":"<p><strong>D\u00e9couvrez toute l&rsquo;histoire du caviar d&rsquo;hier \u00e0 aujourd&rsquo;hui.<\/strong><\/p>\n<p>Un parcours captivant en 12 modules pour explorer l\u2019histoire, les esp\u00e8ces et les techniques de d\u00e9gustation de ce mets d&rsquo;exception. Accessible \u00e0 tous, ce programme riche en vid\u00e9os et en conseils d&rsquo;experts vous guidera pour appr\u00e9cier le caviar et savoir comment l\u2019accompagner.<\/p>\n<p><strong>Alliez une exp\u00e9rience gourmande avec votre apprentissage du monde du caviar.<\/strong><\/p>\n<p>D\u00e9couvrez une formation immersive sur le caviar : apprenez son histoire, ses m\u00e9thodes de production, d\u00e9couvrez les diff\u00e9rents caviars et ses accords. Combiner la d\u00e9couverte de l\u2019univers du caviar avec une exp\u00e9rience compl\u00e8te des produits de la Maison Neuvic, guid\u00e9e par des experts passionn\u00e9s.<\/p>\n<p>Cette offre comprend :<\/p>\n<ol>\n<li>Acc\u00e8s\u00a0\u00e0 un \u00e9pisode<\/li>\n<li>Certificat TOIC<\/li>\n<\/ol>","protected":false},"featured_media":2426,"template":"","meta":{"_acf_changed":false,"ocean_post_layout":"","ocean_both_sidebars_style":"","ocean_both_sidebars_content_width":0,"ocean_both_sidebars_sidebars_width":0,"ocean_sidebar":"0","ocean_second_sidebar":"0","ocean_disable_margins":"enable","ocean_add_body_class":"","ocean_shortcode_before_top_bar":"","ocean_shortcode_after_top_bar":"","ocean_shortcode_before_header":"","ocean_shortcode_after_header":"","ocean_has_shortcode":"","ocean_shortcode_after_title":"","ocean_shortcode_before_footer_widgets":"","ocean_shortcode_after_footer_widgets":"","ocean_shortcode_before_footer_bottom":"","ocean_shortcode_after_footer_bottom":"","ocean_display_top_bar":"default","ocean_display_header":"default","ocean_header_style":"","ocean_center_header_left_menu":"0","ocean_custom_header_template":"0","ocean_custom_logo":0,"ocean_custom_retina_logo":0,"ocean_custom_logo_max_width":0,"ocean_custom_logo_tablet_max_width":0,"ocean_custom_logo_mobile_max_width":0,"ocean_custom_logo_max_height":0,"ocean_custom_logo_tablet_max_height":0,"ocean_custom_logo_mobile_max_height":0,"ocean_header_custom_menu":"0","ocean_menu_typo_font_family":"0","ocean_menu_typo_font_subset":"","ocean_menu_typo_font_size":0,"ocean_menu_typo_font_size_tablet":0,"ocean_menu_typo_font_size_mobile":0,"ocean_menu_typo_font_size_unit":"px","ocean_menu_typo_font_weight":"","ocean_menu_typo_font_weight_tablet":"","ocean_menu_typo_font_weight_mobile":"","ocean_menu_typo_transform":"","ocean_menu_typo_transform_tablet":"","ocean_menu_typo_transform_mobile":"","ocean_menu_typo_line_height":0,"ocean_menu_typo_line_height_tablet":0,"ocean_menu_typo_line_height_mobile":0,"ocean_menu_typo_line_height_unit":"","ocean_menu_typo_spacing":0,"ocean_menu_typo_spacing_tablet":0,"ocean_menu_typo_spacing_mobile":0,"ocean_menu_typo_spacing_unit":"","ocean_menu_link_color":"","ocean_menu_link_color_hover":"","ocean_menu_link_color_active":"","ocean_menu_link_background":"","ocean_menu_link_hover_background":"","ocean_menu_link_active_background":"","ocean_menu_social_links_bg":"","ocean_menu_social_hover_links_bg":"","ocean_menu_social_links_color":"","ocean_menu_social_hover_links_color":"","ocean_disable_title":"default","ocean_disable_heading":"default","ocean_post_title":"","ocean_post_subheading":"","ocean_post_title_style":"","ocean_post_title_background_color":"","ocean_post_title_background":0,"ocean_post_title_bg_image_position":"","ocean_post_title_bg_image_attachment":"","ocean_post_title_bg_image_repeat":"","ocean_post_title_bg_image_size":"","ocean_post_title_height":0,"ocean_post_title_bg_overlay":0.5,"ocean_post_title_bg_overlay_color":"","ocean_disable_breadcrumbs":"default","ocean_breadcrumbs_color":"","ocean_breadcrumbs_separator_color":"","ocean_breadcrumbs_links_color":"","ocean_breadcrumbs_links_hover_color":"","ocean_display_footer_widgets":"default","ocean_display_footer_bottom":"default","ocean_custom_footer_template":"0","omw_enable_modal_window":"enable"},"product_brand":[],"product_cat":[42],"product_tag":[],"class_list":{"0":"post-2429","1":"product","2":"type-product","3":"status-publish","4":"has-post-thumbnail","6":"product_cat-nos-offres-formation-en-ligne","8":"entry","9":"has-media","11":"first","12":"outofstock","13":"taxable","14":"shipping-taxable","15":"purchasable","16":"product-type-simple","17":"col","18":"span_1_of_3","19":"owp-content-center","20":"item-entry","21":"owp-thumbs-layout-vertical","22":"owp-btn-normal","23":"owp-tabs-layout-horizontal"},"acf":[],"yoast_head":"<!-- This site is optimized with the Yoast SEO plugin v27.4 - https:\/\/yoast.com\/product\/yoast-seo-wordpress\/ -->\n<title>Formation Caviariste - Caviar de Neuvic<\/title>\n<meta name=\"description\" content=\"D\u00e9couvrez toute l&#039;histoire du caviar d&#039;hier \u00e0 aujourd&#039;hui. Cette formation comprend 12 modules pour comprendre l&#039;univers du caviar.\" \/>\n<meta name=\"robots\" content=\"index, follow, max-snippet:-1, max-image-preview:large, max-video-preview:-1\" \/>\n<link rel=\"canonical\" href=\"https:\/\/caviar-de-neuvic.com\/fr_be\/p\/accueil\/nos-offres-formation-en-ligne\/formation-caviariste\/\" \/>\n<meta property=\"og:locale\" content=\"fr_FR\" \/>\n<meta property=\"og:type\" content=\"article\" \/>\n<meta property=\"og:title\" content=\"Formation Caviariste - Caviar de Neuvic\" \/>\n<meta property=\"og:description\" content=\"D\u00e9couvrez toute l&#039;histoire du caviar d&#039;hier \u00e0 aujourd&#039;hui. Cette formation comprend 12 modules pour comprendre l&#039;univers du caviar.\" \/>\n<meta property=\"og:url\" content=\"https:\/\/caviar-de-neuvic.com\/fr_be\/p\/accueil\/nos-offres-formation-en-ligne\/formation-caviariste\/\" \/>\n<meta property=\"og:site_name\" content=\"Producteur Fran\u00e7ais De Caviar\" \/>\n<meta property=\"article:modified_time\" content=\"2025-10-06T09:40:10+00:00\" \/>\n<meta property=\"og:image\" content=\"https:\/\/caviar-de-neuvic.com\/wp-content\/uploads\/2024\/12\/2897-Formation-Caviariste.jpg\" \/>\n\t<meta property=\"og:image:width\" content=\"1100\" \/>\n\t<meta property=\"og:image:height\" content=\"1422\" \/>\n\t<meta property=\"og:image:type\" content=\"image\/jpeg\" \/>\n<meta name=\"twitter:card\" content=\"summary_large_image\" \/>\n<meta name=\"twitter:label1\" content=\"Dur\u00e9e de lecture est.\" \/>\n\t<meta name=\"twitter:data1\" content=\"1 minute\" \/>\n<script type=\"application\/ld+json\" class=\"yoast-schema-graph\">{\"@context\":\"https:\\\/\\\/schema.org\",\"@graph\":[{\"@type\":\"WebPage\",\"@id\":\"https:\\\/\\\/caviar-de-neuvic.com\\\/nl_be\\\/p\\\/accueil\\\/nos-offres-formation-en-ligne\\\/formation-caviariste\\\/\",\"url\":\"https:\\\/\\\/caviar-de-neuvic.com\\\/nl_be\\\/p\\\/accueil\\\/nos-offres-formation-en-ligne\\\/formation-caviariste\\\/\",\"name\":\"Formation Caviariste - Caviar de Neuvic\",\"isPartOf\":{\"@id\":\"http:\\\/\\\/caviar-de-neuvic.com\\\/fr\\\/#website\"},\"primaryImageOfPage\":{\"@id\":\"https:\\\/\\\/caviar-de-neuvic.com\\\/nl_be\\\/p\\\/accueil\\\/nos-offres-formation-en-ligne\\\/formation-caviariste\\\/#primaryimage\"},\"image\":{\"@id\":\"https:\\\/\\\/caviar-de-neuvic.com\\\/nl_be\\\/p\\\/accueil\\\/nos-offres-formation-en-ligne\\\/formation-caviariste\\\/#primaryimage\"},\"thumbnailUrl\":\"https:\\\/\\\/caviar-de-neuvic.com\\\/wp-content\\\/uploads\\\/2024\\\/12\\\/2897-Formation-Caviariste.jpg\",\"datePublished\":\"2024-12-03T16:53:44+00:00\",\"dateModified\":\"2025-10-06T09:40:10+00:00\",\"description\":\"D\u00e9couvrez toute l'histoire du caviar d'hier \u00e0 aujourd'hui. Cette formation comprend 12 modules pour comprendre l'univers du caviar.\",\"breadcrumb\":{\"@id\":\"https:\\\/\\\/caviar-de-neuvic.com\\\/nl_be\\\/p\\\/accueil\\\/nos-offres-formation-en-ligne\\\/formation-caviariste\\\/#breadcrumb\"},\"inLanguage\":\"fr-BE\",\"potentialAction\":[{\"@type\":\"ReadAction\",\"target\":[\"https:\\\/\\\/caviar-de-neuvic.com\\\/nl_be\\\/p\\\/accueil\\\/nos-offres-formation-en-ligne\\\/formation-caviariste\\\/\"]}]},{\"@type\":\"ImageObject\",\"inLanguage\":\"fr-BE\",\"@id\":\"https:\\\/\\\/caviar-de-neuvic.com\\\/nl_be\\\/p\\\/accueil\\\/nos-offres-formation-en-ligne\\\/formation-caviariste\\\/#primaryimage\",\"url\":\"https:\\\/\\\/caviar-de-neuvic.com\\\/wp-content\\\/uploads\\\/2024\\\/12\\\/2897-Formation-Caviariste.jpg\",\"contentUrl\":\"https:\\\/\\\/caviar-de-neuvic.com\\\/wp-content\\\/uploads\\\/2024\\\/12\\\/2897-Formation-Caviariste.jpg\",\"width\":1100,\"height\":1422,\"caption\":\"Formation Caviariste\"},{\"@type\":\"BreadcrumbList\",\"@id\":\"https:\\\/\\\/caviar-de-neuvic.com\\\/nl_be\\\/p\\\/accueil\\\/nos-offres-formation-en-ligne\\\/formation-caviariste\\\/#breadcrumb\",\"itemListElement\":[{\"@type\":\"ListItem\",\"position\":1,\"name\":\"Caviar de Neuvic\",\"item\":\"https:\\\/\\\/caviar-de-neuvic.com\\\/\"},{\"@type\":\"ListItem\",\"position\":2,\"name\":\"Shop\",\"item\":\"https:\\\/\\\/caviar-de-neuvic.com\\\/en\\\/shop\\\/\"},{\"@type\":\"ListItem\",\"position\":3,\"name\":\"Formation Caviariste\"}]},{\"@type\":\"WebSite\",\"@id\":\"http:\\\/\\\/caviar-de-neuvic.com\\\/fr\\\/#website\",\"url\":\"http:\\\/\\\/caviar-de-neuvic.com\\\/fr\\\/\",\"name\":\"Producteur Fran\u00e7ais De Caviar\",\"description\":\"\",\"publisher\":{\"@id\":\"http:\\\/\\\/caviar-de-neuvic.com\\\/fr\\\/#organization\"},\"potentialAction\":[{\"@type\":\"SearchAction\",\"target\":{\"@type\":\"EntryPoint\",\"urlTemplate\":\"http:\\\/\\\/caviar-de-neuvic.com\\\/fr\\\/?s={search_term_string}\"},\"query-input\":{\"@type\":\"PropertyValueSpecification\",\"valueRequired\":true,\"valueName\":\"search_term_string\"}}],\"inLanguage\":\"fr-BE\"},{\"@type\":\"Organization\",\"@id\":\"http:\\\/\\\/caviar-de-neuvic.com\\\/fr\\\/#organization\",\"name\":\"Producteur Fran\u00e7ais De Caviar\",\"url\":\"http:\\\/\\\/caviar-de-neuvic.com\\\/fr\\\/\",\"logo\":{\"@type\":\"ImageObject\",\"inLanguage\":\"fr-BE\",\"@id\":\"http:\\\/\\\/caviar-de-neuvic.com\\\/fr\\\/#\\\/schema\\\/logo\\\/image\\\/\",\"url\":\"\",\"contentUrl\":\"\",\"caption\":\"Producteur Fran\u00e7ais De Caviar\"},\"image\":{\"@id\":\"http:\\\/\\\/caviar-de-neuvic.com\\\/fr\\\/#\\\/schema\\\/logo\\\/image\\\/\"}}]}<\/script>\n<!-- \/ Yoast SEO plugin. -->","yoast_head_json":{"title":"Formation Caviariste - Caviar de Neuvic","description":"D\u00e9couvrez toute l'histoire du caviar d'hier \u00e0 aujourd'hui. Cette formation comprend 12 modules pour comprendre l'univers du caviar.","robots":{"index":"index","follow":"follow","max-snippet":"max-snippet:-1","max-image-preview":"max-image-preview:large","max-video-preview":"max-video-preview:-1"},"canonical":"https:\/\/caviar-de-neuvic.com\/fr_be\/p\/accueil\/nos-offres-formation-en-ligne\/formation-caviariste\/","og_locale":"fr_FR","og_type":"article","og_title":"Formation Caviariste - Caviar de Neuvic","og_description":"D\u00e9couvrez toute l'histoire du caviar d'hier \u00e0 aujourd'hui. Cette formation comprend 12 modules pour comprendre l'univers du caviar.","og_url":"https:\/\/caviar-de-neuvic.com\/fr_be\/p\/accueil\/nos-offres-formation-en-ligne\/formation-caviariste\/","og_site_name":"Producteur Fran\u00e7ais De Caviar","article_modified_time":"2025-10-06T09:40:10+00:00","og_image":[{"width":1100,"height":1422,"url":"https:\/\/caviar-de-neuvic.com\/wp-content\/uploads\/2024\/12\/2897-Formation-Caviariste.jpg","type":"image\/jpeg"}],"twitter_card":"summary_large_image","twitter_misc":{"Dur\u00e9e de lecture est.":"1 minute"},"schema":{"@context":"https:\/\/schema.org","@graph":[{"@type":"WebPage","@id":"https:\/\/caviar-de-neuvic.com\/nl_be\/p\/accueil\/nos-offres-formation-en-ligne\/formation-caviariste\/","url":"https:\/\/caviar-de-neuvic.com\/nl_be\/p\/accueil\/nos-offres-formation-en-ligne\/formation-caviariste\/","name":"Formation Caviariste - Caviar de Neuvic","isPartOf":{"@id":"http:\/\/caviar-de-neuvic.com\/fr\/#website"},"primaryImageOfPage":{"@id":"https:\/\/caviar-de-neuvic.com\/nl_be\/p\/accueil\/nos-offres-formation-en-ligne\/formation-caviariste\/#primaryimage"},"image":{"@id":"https:\/\/caviar-de-neuvic.com\/nl_be\/p\/accueil\/nos-offres-formation-en-ligne\/formation-caviariste\/#primaryimage"},"thumbnailUrl":"https:\/\/caviar-de-neuvic.com\/wp-content\/uploads\/2024\/12\/2897-Formation-Caviariste.jpg","datePublished":"2024-12-03T16:53:44+00:00","dateModified":"2025-10-06T09:40:10+00:00","description":"D\u00e9couvrez toute l'histoire du caviar d'hier \u00e0 aujourd'hui. Cette formation comprend 12 modules pour comprendre l'univers du caviar.","breadcrumb":{"@id":"https:\/\/caviar-de-neuvic.com\/nl_be\/p\/accueil\/nos-offres-formation-en-ligne\/formation-caviariste\/#breadcrumb"},"inLanguage":"fr-BE","potentialAction":[{"@type":"ReadAction","target":["https:\/\/caviar-de-neuvic.com\/nl_be\/p\/accueil\/nos-offres-formation-en-ligne\/formation-caviariste\/"]}]},{"@type":"ImageObject","inLanguage":"fr-BE","@id":"https:\/\/caviar-de-neuvic.com\/nl_be\/p\/accueil\/nos-offres-formation-en-ligne\/formation-caviariste\/#primaryimage","url":"https:\/\/caviar-de-neuvic.com\/wp-content\/uploads\/2024\/12\/2897-Formation-Caviariste.jpg","contentUrl":"https:\/\/caviar-de-neuvic.com\/wp-content\/uploads\/2024\/12\/2897-Formation-Caviariste.jpg","width":1100,"height":1422,"caption":"Formation Caviariste"},{"@type":"BreadcrumbList","@id":"https:\/\/caviar-de-neuvic.com\/nl_be\/p\/accueil\/nos-offres-formation-en-ligne\/formation-caviariste\/#breadcrumb","itemListElement":[{"@type":"ListItem","position":1,"name":"Caviar de Neuvic","item":"https:\/\/caviar-de-neuvic.com\/"},{"@type":"ListItem","position":2,"name":"Shop","item":"https:\/\/caviar-de-neuvic.com\/en\/shop\/"},{"@type":"ListItem","position":3,"name":"Formation Caviariste"}]},{"@type":"WebSite","@id":"http:\/\/caviar-de-neuvic.com\/fr\/#website","url":"http:\/\/caviar-de-neuvic.com\/fr\/","name":"Producteur Fran\u00e7ais De Caviar","description":"","publisher":{"@id":"http:\/\/caviar-de-neuvic.com\/fr\/#organization"},"potentialAction":[{"@type":"SearchAction","target":{"@type":"EntryPoint","urlTemplate":"http:\/\/caviar-de-neuvic.com\/fr\/?s={search_term_string}"},"query-input":{"@type":"PropertyValueSpecification","valueRequired":true,"valueName":"search_term_string"}}],"inLanguage":"fr-BE"},{"@type":"Organization","@id":"http:\/\/caviar-de-neuvic.com\/fr\/#organization","name":"Producteur Fran\u00e7ais De Caviar","url":"http:\/\/caviar-de-neuvic.com\/fr\/","logo":{"@type":"ImageObject","inLanguage":"fr-BE","@id":"http:\/\/caviar-de-neuvic.com\/fr\/#\/schema\/logo\/image\/","url":"","contentUrl":"","caption":"Producteur Fran\u00e7ais De Caviar"},"image":{"@id":"http:\/\/caviar-de-neuvic.com\/fr\/#\/schema\/logo\/image\/"}}]}},"_links":{"self":[{"href":"https:\/\/caviar-de-neuvic.com\/fr_be\/wp-json\/wp\/v2\/product\/2429","targetHints":{"allow":["GET"]}}],"collection":[{"href":"https:\/\/caviar-de-neuvic.com\/fr_be\/wp-json\/wp\/v2\/product"}],"about":[{"href":"https:\/\/caviar-de-neuvic.com\/fr_be\/wp-json\/wp\/v2\/types\/product"}],"version-history":[{"count":4,"href":"https:\/\/caviar-de-neuvic.com\/fr_be\/wp-json\/wp\/v2\/product\/2429\/revisions"}],"predecessor-version":[{"id":29968,"href":"https:\/\/caviar-de-neuvic.com\/fr_be\/wp-json\/wp\/v2\/product\/2429\/revisions\/29968"}],"wp:featuredmedia":[{"embeddable":true,"href":"https:\/\/caviar-de-neuvic.com\/fr_be\/wp-json\/wp\/v2\/media\/2426"}],"wp:attachment":[{"href":"https:\/\/caviar-de-neuvic.com\/fr_be\/wp-json\/wp\/v2\/media?parent=2429"}],"wp:term":[{"taxonomy":"product_brand","embeddable":true,"href":"https:\/\/caviar-de-neuvic.com\/fr_be\/wp-json\/wp\/v2\/product_brand?post=2429"},{"taxonomy":"product_cat","embeddable":true,"href":"https:\/\/caviar-de-neuvic.com\/fr_be\/wp-json\/wp\/v2\/product_cat?post=2429"},{"taxonomy":"product_tag","embeddable":true,"href":"https:\/\/caviar-de-neuvic.com\/fr_be\/wp-json\/wp\/v2\/product_tag?post=2429"}],"curies":[{"name":"wp","href":"https:\/\/api.w.org\/{rel}","templated":true}]}}