{"id":29726,"date":"2025-10-09T15:49:20","date_gmt":"2025-10-09T13:49:20","guid":{"rendered":"http:\/\/caviar-de-neuvic.com\/fr\/?post_type=product&#038;p=29726"},"modified":"2026-03-03T09:43:02","modified_gmt":"2026-03-03T08:43:02","slug":"caviar-naccari-signature-boite-origine","status":"publish","type":"product","link":"https:\/\/caviar-de-neuvic.com\/fr_be\/p\/accueil\/caviar\/les-boites-origine\/caviar-naccari-signature-boite-origine\/","title":{"rendered":"Caviar Naccari Signature &#8211; Boite Origine"},"content":{"rendered":"<div class=\"col-md-3 titre\"><strong>Servir<\/strong><\/div>\n<div class=\"col-md-9\">\n<p>Il est pr\u00e9f\u00e9rable de sortir votre bo\u00eete de caviar 5 minutes avant de la servir. Disposez la sur\u00a0<a href=\"https:\/\/caviar-de-neuvic.com\/fr_be\/accessoires\/16-caviar-on-the-rocks.html\/\">un lit de glace<\/a> qui en pr\u00e9servera la fra\u00eecheur tout au long de la d\u00e9gustation. Pr\u00e9f\u00e9rez une petite\u00a0<a href=\"https:\/\/caviar-de-neuvic.com\/fr_be\/accessoires\/30-cuillere-en-nacre.html\/\">cuill\u00e8re en nacre<\/a> qui ne brisera pas les grains et ne risquera pas l&rsquo;oxydation.<\/p>\n<\/div>\n<div class=\"col-md-3 titre\"><strong>Accompagner<\/strong><\/div>\n<div class=\"col-md-9\">\n<p>La puret\u00e9 et la puissance d&rsquo;une belle vodka offriront un contrepoint int\u00e9ressant aux notes beurr\u00e9es et gourmandes du caviar tout en sublimant une fra\u00eecheur pas si innocente.<\/p>\n<\/div>\n<div class=\"col-md-3 titre\"><\/div>\n<div class=\"col-md-9\"><\/div>\n<div class=\"col-md-3 titre\"><strong>Valeurs nutritionnelles<\/strong><\/div>\n<div class=\"col-md-9\">\n<table class=\"table table-bordered valeurs\" border=\"1\">\n<thead>\n<tr>\n<th colspan=\"4\">Pour 100 g<\/th>\n<\/tr>\n<\/thead>\n<tbody>\n<tr>\n<td>Valeur \u00e9nerg\u00e9tique (Kcal)<\/td>\n<td>242<\/td>\n<td>Mati\u00e8res grasses\u00a0(g) dont acides gras satur\u00e9s (g)<\/td>\n<td>15 (2,7)<\/td>\n<\/tr>\n<tr>\n<td>Valeur \u00e9nerg\u00e9tique (Kj)<\/td>\n<td>1012<\/td>\n<td>Glucides (g) dont sucres (g)<\/td>\n<td>2,5\u00a0(0,3)<\/td>\n<\/tr>\n<tr>\n<td>Prot\u00e9ines (g)<\/td>\n<td>24,5<\/td>\n<td>Sel\u00a0(g)<\/td>\n<td>2,98<\/td>\n<\/tr>\n<\/tbody>\n<\/table>\n<\/div>","protected":false},"excerpt":{"rendered":"<p>D\u00e9couvrez le caviar Naccari, la derni\u00e8re cr\u00e9ation de Caviar de Neuvic, Producteur Fran\u00e7ais et Engag\u00e9 de Caviar. Historiquement originaire de l\u2019esturgeon europ\u00e9en Acipenser Naccarii, end\u00e9mique de la mer Adriatique, ce caviar rare provient de poissons \u00e2g\u00e9s de 9 \u00e0 10 ans.<\/p>\n<h2>Naccari : l\u2019expression d\u2019un caviar fran\u00e7ais puissant et raffin\u00e9<\/h2>\n<p>Ses grains de taille moyenne s\u00e9duisent par leur couleur allant du gris au noir anthracite et leur texture souple qui fond d\u00e9licatement en bouche. V\u00e9ritable hommage au caviar d\u2019autrefois, le caviar Naccari r\u00e9v\u00e8le une saveur iod\u00e9e intense, puissante et raffin\u00e9e, id\u00e9ale pour les amateurs de sensations gastronomiques authentiques.<\/p>\n<p>Comparable au Sevruga mais avec une identit\u00e9 marqu\u00e9e, il incarne une exp\u00e9rience gustative unique, \u00e9l\u00e9gante et m\u00e9morable. Nouveaut\u00e9 incontournable de Caviar de Neuvic, le Caviar Naccari s\u2019impose d\u00e9j\u00e0 comme un produit d\u2019exception pour les palais les plus exigeants.<\/p>","protected":false},"featured_media":29723,"template":"","meta":{"_acf_changed":false,"ocean_post_layout":"","ocean_both_sidebars_style":"","ocean_both_sidebars_content_width":0,"ocean_both_sidebars_sidebars_width":0,"ocean_sidebar":"0","ocean_second_sidebar":"0","ocean_disable_margins":"enable","ocean_add_body_class":"","ocean_shortcode_before_top_bar":"","ocean_shortcode_after_top_bar":"","ocean_shortcode_before_header":"","ocean_shortcode_after_header":"","ocean_has_shortcode":"","ocean_shortcode_after_title":"","ocean_shortcode_before_footer_widgets":"","ocean_shortcode_after_footer_widgets":"","ocean_shortcode_before_footer_bottom":"","ocean_shortcode_after_footer_bottom":"","ocean_display_top_bar":"default","ocean_display_header":"default","ocean_header_style":"","ocean_center_header_left_menu":"0","ocean_custom_header_template":"0","ocean_custom_logo":0,"ocean_custom_retina_logo":0,"ocean_custom_logo_max_width":0,"ocean_custom_logo_tablet_max_width":0,"ocean_custom_logo_mobile_max_width":0,"ocean_custom_logo_max_height":0,"ocean_custom_logo_tablet_max_height":0,"ocean_custom_logo_mobile_max_height":0,"ocean_header_custom_menu":"0","ocean_menu_typo_font_family":"0","ocean_menu_typo_font_subset":"","ocean_menu_typo_font_size":0,"ocean_menu_typo_font_size_tablet":0,"ocean_menu_typo_font_size_mobile":0,"ocean_menu_typo_font_size_unit":"px","ocean_menu_typo_font_weight":"","ocean_menu_typo_font_weight_tablet":"","ocean_menu_typo_font_weight_mobile":"","ocean_menu_typo_transform":"","ocean_menu_typo_transform_tablet":"","ocean_menu_typo_transform_mobile":"","ocean_menu_typo_line_height":0,"ocean_menu_typo_line_height_tablet":0,"ocean_menu_typo_line_height_mobile":0,"ocean_menu_typo_line_height_unit":"","ocean_menu_typo_spacing":0,"ocean_menu_typo_spacing_tablet":0,"ocean_menu_typo_spacing_mobile":0,"ocean_menu_typo_spacing_unit":"","ocean_menu_link_color":"","ocean_menu_link_color_hover":"","ocean_menu_link_color_active":"","ocean_menu_link_background":"","ocean_menu_link_hover_background":"","ocean_menu_link_active_background":"","ocean_menu_social_links_bg":"","ocean_menu_social_hover_links_bg":"","ocean_menu_social_links_color":"","ocean_menu_social_hover_links_color":"","ocean_disable_title":"default","ocean_disable_heading":"default","ocean_post_title":"","ocean_post_subheading":"","ocean_post_title_style":"","ocean_post_title_background_color":"","ocean_post_title_background":0,"ocean_post_title_bg_image_position":"","ocean_post_title_bg_image_attachment":"","ocean_post_title_bg_image_repeat":"","ocean_post_title_bg_image_size":"","ocean_post_title_height":0,"ocean_post_title_bg_overlay":0.5,"ocean_post_title_bg_overlay_color":"","ocean_disable_breadcrumbs":"default","ocean_breadcrumbs_color":"","ocean_breadcrumbs_separator_color":"","ocean_breadcrumbs_links_color":"","ocean_breadcrumbs_links_hover_color":"","ocean_display_footer_widgets":"default","ocean_display_footer_bottom":"default","ocean_custom_footer_template":"0","omw_enable_modal_window":"enable"},"product_brand":[],"product_cat":[451,53],"product_tag":[],"class_list":{"0":"post-29726","1":"product","2":"type-product","3":"status-publish","4":"has-post-thumbnail","6":"product_cat-caviar-naccari","7":"product_cat-les-boites-origine","8":"pa_choisissezlepoids-250g","9":"pa_choisissezlepoids-500g","10":"pa_conservation-88-aurefrigerateurentre0et4c","11":"pa_origine-france","13":"entry","14":"has-media","16":"first","17":"outofstock","18":"taxable","19":"shipping-taxable","20":"purchasable","21":"product-type-variable","22":"has-default-attributes","23":"col","24":"span_1_of_3","25":"owp-content-center","26":"item-entry","27":"owp-thumbs-layout-vertical","28":"owp-btn-normal","29":"owp-tabs-layout-horizontal"},"acf":[],"yoast_head":"<!-- This site is optimized with the Yoast SEO plugin v27.4 - https:\/\/yoast.com\/product\/yoast-seo-wordpress\/ -->\n<title>Caviar Naccari Signature - Boite Origine - Caviar de Neuvic<\/title>\n<meta name=\"description\" content=\"Le caviar Naccari est l\u2019expression d\u2019un caviar fran\u00e7ais puissant et raffin\u00e9. Ses grains de taille moyenne s\u00e9duisent par leur couleur allant du gris au noir anthracite et leur texture souple qui fond d\u00e9licatement en bouche.\" \/>\n<meta name=\"robots\" content=\"index, follow, max-snippet:-1, max-image-preview:large, max-video-preview:-1\" \/>\n<link rel=\"canonical\" href=\"https:\/\/caviar-de-neuvic.com\/fr_be\/p\/accueil\/caviar\/les-boites-origine\/caviar-naccari-signature-boite-origine\/\" \/>\n<meta property=\"og:locale\" content=\"fr_FR\" \/>\n<meta property=\"og:type\" content=\"article\" \/>\n<meta property=\"og:title\" content=\"Caviar Naccari Signature - Boite Origine - Caviar de Neuvic\" \/>\n<meta property=\"og:description\" content=\"Le caviar Naccari est l\u2019expression d\u2019un caviar fran\u00e7ais puissant et raffin\u00e9. Ses grains de taille moyenne s\u00e9duisent par leur couleur allant du gris au noir anthracite et leur texture souple qui fond d\u00e9licatement en bouche.\" \/>\n<meta property=\"og:url\" content=\"https:\/\/caviar-de-neuvic.com\/fr_be\/p\/accueil\/caviar\/les-boites-origine\/caviar-naccari-signature-boite-origine\/\" \/>\n<meta property=\"og:site_name\" content=\"Producteur Fran\u00e7ais De Caviar\" \/>\n<meta property=\"article:modified_time\" content=\"2026-03-03T08:43:02+00:00\" \/>\n<meta property=\"og:image\" content=\"https:\/\/caviar-de-neuvic.com\/wp-content\/uploads\/2025\/09\/3001-Caviar-Naccari-Signature.jpg\" \/>\n\t<meta property=\"og:image:width\" content=\"1100\" \/>\n\t<meta property=\"og:image:height\" content=\"1422\" \/>\n\t<meta property=\"og:image:type\" content=\"image\/jpeg\" \/>\n<meta name=\"twitter:card\" content=\"summary_large_image\" \/>\n<meta name=\"twitter:label1\" content=\"Dur\u00e9e de lecture est.\" \/>\n\t<meta name=\"twitter:data1\" content=\"1 minute\" \/>\n<script type=\"application\/ld+json\" class=\"yoast-schema-graph\">{\"@context\":\"https:\\\/\\\/schema.org\",\"@graph\":[{\"@type\":\"WebPage\",\"@id\":\"https:\\\/\\\/caviar-de-neuvic.com\\\/p\\\/accueil\\\/caviar\\\/les-boites-origine\\\/caviar-naccari-signature-boite-origine\\\/\",\"url\":\"https:\\\/\\\/caviar-de-neuvic.com\\\/p\\\/accueil\\\/caviar\\\/les-boites-origine\\\/caviar-naccari-signature-boite-origine\\\/\",\"name\":\"Caviar Naccari Signature - Boite Origine - Caviar de Neuvic\",\"isPartOf\":{\"@id\":\"http:\\\/\\\/caviar-de-neuvic.com\\\/fr\\\/#website\"},\"primaryImageOfPage\":{\"@id\":\"https:\\\/\\\/caviar-de-neuvic.com\\\/p\\\/accueil\\\/caviar\\\/les-boites-origine\\\/caviar-naccari-signature-boite-origine\\\/#primaryimage\"},\"image\":{\"@id\":\"https:\\\/\\\/caviar-de-neuvic.com\\\/p\\\/accueil\\\/caviar\\\/les-boites-origine\\\/caviar-naccari-signature-boite-origine\\\/#primaryimage\"},\"thumbnailUrl\":\"https:\\\/\\\/caviar-de-neuvic.com\\\/wp-content\\\/uploads\\\/2025\\\/09\\\/3001-Caviar-Naccari-Signature.jpg\",\"datePublished\":\"2025-10-09T13:49:20+00:00\",\"dateModified\":\"2026-03-03T08:43:02+00:00\",\"description\":\"Le caviar Naccari est l\u2019expression d\u2019un caviar fran\u00e7ais puissant et raffin\u00e9. Ses grains de taille moyenne s\u00e9duisent par leur couleur allant du gris au noir anthracite et leur texture souple qui fond d\u00e9licatement en bouche.\",\"breadcrumb\":{\"@id\":\"https:\\\/\\\/caviar-de-neuvic.com\\\/p\\\/accueil\\\/caviar\\\/les-boites-origine\\\/caviar-naccari-signature-boite-origine\\\/#breadcrumb\"},\"inLanguage\":\"fr-BE\",\"potentialAction\":[{\"@type\":\"ReadAction\",\"target\":[\"https:\\\/\\\/caviar-de-neuvic.com\\\/p\\\/accueil\\\/caviar\\\/les-boites-origine\\\/caviar-naccari-signature-boite-origine\\\/\"]}]},{\"@type\":\"ImageObject\",\"inLanguage\":\"fr-BE\",\"@id\":\"https:\\\/\\\/caviar-de-neuvic.com\\\/p\\\/accueil\\\/caviar\\\/les-boites-origine\\\/caviar-naccari-signature-boite-origine\\\/#primaryimage\",\"url\":\"https:\\\/\\\/caviar-de-neuvic.com\\\/wp-content\\\/uploads\\\/2025\\\/09\\\/3001-Caviar-Naccari-Signature.jpg\",\"contentUrl\":\"https:\\\/\\\/caviar-de-neuvic.com\\\/wp-content\\\/uploads\\\/2025\\\/09\\\/3001-Caviar-Naccari-Signature.jpg\",\"width\":1100,\"height\":1422,\"caption\":\"Caviar Naccari Signature\"},{\"@type\":\"BreadcrumbList\",\"@id\":\"https:\\\/\\\/caviar-de-neuvic.com\\\/p\\\/accueil\\\/caviar\\\/les-boites-origine\\\/caviar-naccari-signature-boite-origine\\\/#breadcrumb\",\"itemListElement\":[{\"@type\":\"ListItem\",\"position\":1,\"name\":\"Caviar de Neuvic\",\"item\":\"https:\\\/\\\/caviar-de-neuvic.com\\\/\"},{\"@type\":\"ListItem\",\"position\":2,\"name\":\"Shop\",\"item\":\"https:\\\/\\\/caviar-de-neuvic.com\\\/en\\\/shop\\\/\"},{\"@type\":\"ListItem\",\"position\":3,\"name\":\"Caviar Naccari Signature &#8211; Boite Origine\"}]},{\"@type\":\"WebSite\",\"@id\":\"http:\\\/\\\/caviar-de-neuvic.com\\\/fr\\\/#website\",\"url\":\"http:\\\/\\\/caviar-de-neuvic.com\\\/fr\\\/\",\"name\":\"Producteur Fran\u00e7ais De Caviar\",\"description\":\"\",\"publisher\":{\"@id\":\"http:\\\/\\\/caviar-de-neuvic.com\\\/fr\\\/#organization\"},\"potentialAction\":[{\"@type\":\"SearchAction\",\"target\":{\"@type\":\"EntryPoint\",\"urlTemplate\":\"http:\\\/\\\/caviar-de-neuvic.com\\\/fr\\\/?s={search_term_string}\"},\"query-input\":{\"@type\":\"PropertyValueSpecification\",\"valueRequired\":true,\"valueName\":\"search_term_string\"}}],\"inLanguage\":\"fr-BE\"},{\"@type\":\"Organization\",\"@id\":\"http:\\\/\\\/caviar-de-neuvic.com\\\/fr\\\/#organization\",\"name\":\"Producteur Fran\u00e7ais De Caviar\",\"url\":\"http:\\\/\\\/caviar-de-neuvic.com\\\/fr\\\/\",\"logo\":{\"@type\":\"ImageObject\",\"inLanguage\":\"fr-BE\",\"@id\":\"http:\\\/\\\/caviar-de-neuvic.com\\\/fr\\\/#\\\/schema\\\/logo\\\/image\\\/\",\"url\":\"\",\"contentUrl\":\"\",\"caption\":\"Producteur Fran\u00e7ais De Caviar\"},\"image\":{\"@id\":\"http:\\\/\\\/caviar-de-neuvic.com\\\/fr\\\/#\\\/schema\\\/logo\\\/image\\\/\"}}]}<\/script>\n<!-- \/ Yoast SEO plugin. -->","yoast_head_json":{"title":"Caviar Naccari Signature - Boite Origine - Caviar de Neuvic","description":"Le caviar Naccari est l\u2019expression d\u2019un caviar fran\u00e7ais puissant et raffin\u00e9. Ses grains de taille moyenne s\u00e9duisent par leur couleur allant du gris au noir anthracite et leur texture souple qui fond d\u00e9licatement en bouche.","robots":{"index":"index","follow":"follow","max-snippet":"max-snippet:-1","max-image-preview":"max-image-preview:large","max-video-preview":"max-video-preview:-1"},"canonical":"https:\/\/caviar-de-neuvic.com\/fr_be\/p\/accueil\/caviar\/les-boites-origine\/caviar-naccari-signature-boite-origine\/","og_locale":"fr_FR","og_type":"article","og_title":"Caviar Naccari Signature - Boite Origine - Caviar de Neuvic","og_description":"Le caviar Naccari est l\u2019expression d\u2019un caviar fran\u00e7ais puissant et raffin\u00e9. Ses grains de taille moyenne s\u00e9duisent par leur couleur allant du gris au noir anthracite et leur texture souple qui fond d\u00e9licatement en bouche.","og_url":"https:\/\/caviar-de-neuvic.com\/fr_be\/p\/accueil\/caviar\/les-boites-origine\/caviar-naccari-signature-boite-origine\/","og_site_name":"Producteur Fran\u00e7ais De Caviar","article_modified_time":"2026-03-03T08:43:02+00:00","og_image":[{"width":1100,"height":1422,"url":"https:\/\/caviar-de-neuvic.com\/wp-content\/uploads\/2025\/09\/3001-Caviar-Naccari-Signature.jpg","type":"image\/jpeg"}],"twitter_card":"summary_large_image","twitter_misc":{"Dur\u00e9e de lecture est.":"1 minute"},"schema":{"@context":"https:\/\/schema.org","@graph":[{"@type":"WebPage","@id":"https:\/\/caviar-de-neuvic.com\/p\/accueil\/caviar\/les-boites-origine\/caviar-naccari-signature-boite-origine\/","url":"https:\/\/caviar-de-neuvic.com\/p\/accueil\/caviar\/les-boites-origine\/caviar-naccari-signature-boite-origine\/","name":"Caviar Naccari Signature - Boite Origine - Caviar de Neuvic","isPartOf":{"@id":"http:\/\/caviar-de-neuvic.com\/fr\/#website"},"primaryImageOfPage":{"@id":"https:\/\/caviar-de-neuvic.com\/p\/accueil\/caviar\/les-boites-origine\/caviar-naccari-signature-boite-origine\/#primaryimage"},"image":{"@id":"https:\/\/caviar-de-neuvic.com\/p\/accueil\/caviar\/les-boites-origine\/caviar-naccari-signature-boite-origine\/#primaryimage"},"thumbnailUrl":"https:\/\/caviar-de-neuvic.com\/wp-content\/uploads\/2025\/09\/3001-Caviar-Naccari-Signature.jpg","datePublished":"2025-10-09T13:49:20+00:00","dateModified":"2026-03-03T08:43:02+00:00","description":"Le caviar Naccari est l\u2019expression d\u2019un caviar fran\u00e7ais puissant et raffin\u00e9. Ses grains de taille moyenne s\u00e9duisent par leur couleur allant du gris au noir anthracite et leur texture souple qui fond d\u00e9licatement en bouche.","breadcrumb":{"@id":"https:\/\/caviar-de-neuvic.com\/p\/accueil\/caviar\/les-boites-origine\/caviar-naccari-signature-boite-origine\/#breadcrumb"},"inLanguage":"fr-BE","potentialAction":[{"@type":"ReadAction","target":["https:\/\/caviar-de-neuvic.com\/p\/accueil\/caviar\/les-boites-origine\/caviar-naccari-signature-boite-origine\/"]}]},{"@type":"ImageObject","inLanguage":"fr-BE","@id":"https:\/\/caviar-de-neuvic.com\/p\/accueil\/caviar\/les-boites-origine\/caviar-naccari-signature-boite-origine\/#primaryimage","url":"https:\/\/caviar-de-neuvic.com\/wp-content\/uploads\/2025\/09\/3001-Caviar-Naccari-Signature.jpg","contentUrl":"https:\/\/caviar-de-neuvic.com\/wp-content\/uploads\/2025\/09\/3001-Caviar-Naccari-Signature.jpg","width":1100,"height":1422,"caption":"Caviar Naccari Signature"},{"@type":"BreadcrumbList","@id":"https:\/\/caviar-de-neuvic.com\/p\/accueil\/caviar\/les-boites-origine\/caviar-naccari-signature-boite-origine\/#breadcrumb","itemListElement":[{"@type":"ListItem","position":1,"name":"Caviar de Neuvic","item":"https:\/\/caviar-de-neuvic.com\/"},{"@type":"ListItem","position":2,"name":"Shop","item":"https:\/\/caviar-de-neuvic.com\/en\/shop\/"},{"@type":"ListItem","position":3,"name":"Caviar Naccari Signature &#8211; Boite Origine"}]},{"@type":"WebSite","@id":"http:\/\/caviar-de-neuvic.com\/fr\/#website","url":"http:\/\/caviar-de-neuvic.com\/fr\/","name":"Producteur Fran\u00e7ais De Caviar","description":"","publisher":{"@id":"http:\/\/caviar-de-neuvic.com\/fr\/#organization"},"potentialAction":[{"@type":"SearchAction","target":{"@type":"EntryPoint","urlTemplate":"http:\/\/caviar-de-neuvic.com\/fr\/?s={search_term_string}"},"query-input":{"@type":"PropertyValueSpecification","valueRequired":true,"valueName":"search_term_string"}}],"inLanguage":"fr-BE"},{"@type":"Organization","@id":"http:\/\/caviar-de-neuvic.com\/fr\/#organization","name":"Producteur Fran\u00e7ais De Caviar","url":"http:\/\/caviar-de-neuvic.com\/fr\/","logo":{"@type":"ImageObject","inLanguage":"fr-BE","@id":"http:\/\/caviar-de-neuvic.com\/fr\/#\/schema\/logo\/image\/","url":"","contentUrl":"","caption":"Producteur Fran\u00e7ais De Caviar"},"image":{"@id":"http:\/\/caviar-de-neuvic.com\/fr\/#\/schema\/logo\/image\/"}}]}},"_links":{"self":[{"href":"https:\/\/caviar-de-neuvic.com\/fr_be\/wp-json\/wp\/v2\/product\/29726","targetHints":{"allow":["GET"]}}],"collection":[{"href":"https:\/\/caviar-de-neuvic.com\/fr_be\/wp-json\/wp\/v2\/product"}],"about":[{"href":"https:\/\/caviar-de-neuvic.com\/fr_be\/wp-json\/wp\/v2\/types\/product"}],"version-history":[{"count":5,"href":"https:\/\/caviar-de-neuvic.com\/fr_be\/wp-json\/wp\/v2\/product\/29726\/revisions"}],"predecessor-version":[{"id":31288,"href":"https:\/\/caviar-de-neuvic.com\/fr_be\/wp-json\/wp\/v2\/product\/29726\/revisions\/31288"}],"wp:featuredmedia":[{"embeddable":true,"href":"https:\/\/caviar-de-neuvic.com\/fr_be\/wp-json\/wp\/v2\/media\/29723"}],"wp:attachment":[{"href":"https:\/\/caviar-de-neuvic.com\/fr_be\/wp-json\/wp\/v2\/media?parent=29726"}],"wp:term":[{"taxonomy":"product_brand","embeddable":true,"href":"https:\/\/caviar-de-neuvic.com\/fr_be\/wp-json\/wp\/v2\/product_brand?post=29726"},{"taxonomy":"product_cat","embeddable":true,"href":"https:\/\/caviar-de-neuvic.com\/fr_be\/wp-json\/wp\/v2\/product_cat?post=29726"},{"taxonomy":"product_tag","embeddable":true,"href":"https:\/\/caviar-de-neuvic.com\/fr_be\/wp-json\/wp\/v2\/product_tag?post=29726"}],"curies":[{"name":"wp","href":"https:\/\/api.w.org\/{rel}","templated":true}]}}