{"id":1769,"date":"2022-02-02T11:53:04","date_gmt":"2022-02-02T11:53:04","guid":{"rendered":"https:\/\/caviar-de-neuvic.com\/produits\/coffret-tout-est-permis\/"},"modified":"2025-11-28T19:38:52","modified_gmt":"2025-11-28T18:38:52","slug":"coffret-tout-est-permis","status":"publish","type":"product","link":"https:\/\/caviar-de-neuvic.com\/fr_ch\/p\/accueil\/coffrets\/coffret-tout-est-permis\/","title":{"rendered":"Coffret \u00ab\u00a0Tout est permis\u00a0\u00bb"},"content":{"rendered":"<div class=\"col-md-3 titre\">D\u00e9guster<\/div>\n<div class=\"col-md-9\">\n<p>Il est pr\u00e9f\u00e9rable de sortir votre bo\u00eete de caviar 5 minutes avant de la servir. Disposez la sur un lit de glace qui en pr\u00e9servera la fra\u00eecheur tout au long de la d\u00e9gustation. Pr\u00e9f\u00e9rez une petite cuill\u00e8re en nacre qui ne brisera pas les grains et ne risquera pas l&rsquo;oxydation.<\/p>\n<\/div>\n<div class=\"col-md-3 titre\">Accompagner<\/div>\n<div class=\"col-md-9\">\n<p>La puret\u00e9 et la puissance d&rsquo;une belle vodka offriront un contrepoint int\u00e9ressant aux notes beurr\u00e9es et gourmandes du caviar tout en en sublimant une fra\u00eecheur pas si innocente.<\/p>\n<\/div>\n<div class=\"col-md-3 titre\">Recette toute simple : l&rsquo;oeuf aux oeufs<\/div>\n<div class=\"col-md-9\">\n<p>Un oeuf fermier parfaitement cuit \u00e0 la coque : pr\u00e9levez d\u00e9licatement le chapeau, recouvrez l&rsquo;oeuf d&rsquo;une belle cuill\u00e8re de caviar avant de remettre en place le chapeau. Quelques mouillettes d&rsquo;un fin blini et la gourmandise s&rsquo;impose en toute simplicit\u00e9.<\/p>\n<\/div>","protected":false},"excerpt":{"rendered":"<p>Le coffret \u00ab\u00a0Tout est permis\u00a0\u00bb vous permet de d\u00e9couvrir ou red\u00e9couvrir l&rsquo;accord parfait du Caviar Baeri Signature et de la Vodka Neuvik. D\u00e9couvrez l<strong>e Caviar Baeri Signature<\/strong>, ses notes subtiles de beurre et de noisette, et <strong>la Vodka Neuvik <\/strong>qui accompagnera parfaitement ce caviar.\u00a0<strong>Les cuill\u00e8res en nacre<\/strong>,\u00a0nobles et l\u00e9g\u00e8res, accompagnent ce coffret pour pr\u00e9server la texture et les qualit\u00e9s gustatives des oeufs\u00a0dans un \u00e9crin prestigieux<\/p>\n<p>D\u00e9couvrez l&rsquo;essence du luxe avec notre Coffret Caviar &amp; Vodka. Cette combinaison exquise de caviar et de vodka vous emm\u00e8ne dans un voyage gustatif inoubliable. Id\u00e9al pour les amateurs de gastronomie raffin\u00e9e et les moments de c\u00e9l\u00e9bration.<\/p>\n<p>Ce coffret contient :<\/p>\n<ul>\n<li>1 bo\u00eete de Caviar Baeri Signature (100g ou 250g)<\/li>\n<li>4 cuill\u00e8res en nacre 9cm<\/li>\n<li>1 bouteille de 50 cl de vodka* Neuvik<\/li>\n<\/ul>\n<p>* L&rsquo;abus d&rsquo;alcool est dangereux pour la sant\u00e9, consommez avec mod\u00e9ration.<\/p>","protected":false},"featured_media":1767,"template":"","meta":{"_acf_changed":false,"ocean_post_layout":"","ocean_both_sidebars_style":"","ocean_both_sidebars_content_width":0,"ocean_both_sidebars_sidebars_width":0,"ocean_sidebar":"0","ocean_second_sidebar":"0","ocean_disable_margins":"enable","ocean_add_body_class":"","ocean_shortcode_before_top_bar":"","ocean_shortcode_after_top_bar":"","ocean_shortcode_before_header":"","ocean_shortcode_after_header":"","ocean_has_shortcode":"","ocean_shortcode_after_title":"","ocean_shortcode_before_footer_widgets":"","ocean_shortcode_after_footer_widgets":"","ocean_shortcode_before_footer_bottom":"","ocean_shortcode_after_footer_bottom":"","ocean_display_top_bar":"default","ocean_display_header":"default","ocean_header_style":"","ocean_center_header_left_menu":"0","ocean_custom_header_template":"0","ocean_custom_logo":0,"ocean_custom_retina_logo":0,"ocean_custom_logo_max_width":0,"ocean_custom_logo_tablet_max_width":0,"ocean_custom_logo_mobile_max_width":0,"ocean_custom_logo_max_height":0,"ocean_custom_logo_tablet_max_height":0,"ocean_custom_logo_mobile_max_height":0,"ocean_header_custom_menu":"0","ocean_menu_typo_font_family":"0","ocean_menu_typo_font_subset":"","ocean_menu_typo_font_size":0,"ocean_menu_typo_font_size_tablet":0,"ocean_menu_typo_font_size_mobile":0,"ocean_menu_typo_font_size_unit":"px","ocean_menu_typo_font_weight":"","ocean_menu_typo_font_weight_tablet":"","ocean_menu_typo_font_weight_mobile":"","ocean_menu_typo_transform":"","ocean_menu_typo_transform_tablet":"","ocean_menu_typo_transform_mobile":"","ocean_menu_typo_line_height":0,"ocean_menu_typo_line_height_tablet":0,"ocean_menu_typo_line_height_mobile":0,"ocean_menu_typo_line_height_unit":"","ocean_menu_typo_spacing":0,"ocean_menu_typo_spacing_tablet":0,"ocean_menu_typo_spacing_mobile":0,"ocean_menu_typo_spacing_unit":"","ocean_menu_link_color":"","ocean_menu_link_color_hover":"","ocean_menu_link_color_active":"","ocean_menu_link_background":"","ocean_menu_link_hover_background":"","ocean_menu_link_active_background":"","ocean_menu_social_links_bg":"","ocean_menu_social_hover_links_bg":"","ocean_menu_social_links_color":"","ocean_menu_social_hover_links_color":"","ocean_disable_title":"default","ocean_disable_heading":"default","ocean_post_title":"","ocean_post_subheading":"","ocean_post_title_style":"","ocean_post_title_background_color":"","ocean_post_title_background":0,"ocean_post_title_bg_image_position":"","ocean_post_title_bg_image_attachment":"","ocean_post_title_bg_image_repeat":"","ocean_post_title_bg_image_size":"","ocean_post_title_height":0,"ocean_post_title_bg_overlay":0.5,"ocean_post_title_bg_overlay_color":"","ocean_disable_breadcrumbs":"default","ocean_breadcrumbs_color":"","ocean_breadcrumbs_separator_color":"","ocean_breadcrumbs_links_color":"","ocean_breadcrumbs_links_hover_color":"","ocean_display_footer_widgets":"default","ocean_display_footer_bottom":"default","ocean_custom_footer_template":"0","omw_enable_modal_window":"enable"},"product_brand":[],"product_cat":[28],"product_tag":[],"class_list":{"0":"post-1769","1":"product","2":"type-product","3":"status-publish","4":"has-post-thumbnail","6":"product_cat-coffrets","7":"pa_choisissezlepoids-100g","8":"pa_choisissezlepoids-250g","9":"pa_choisissezlepoids-500g","10":"pa_conservation-aurefrigerateurentre0et4c_","11":"pa_origine-france","12":"pa_packdeproduits-oui","14":"entry","15":"has-media","17":"first","18":"instock","19":"taxable","20":"shipping-taxable","21":"purchasable","22":"product-type-variable","23":"has-default-attributes","24":"col","25":"span_1_of_3","26":"owp-content-center","27":"item-entry","28":"owp-thumbs-layout-vertical","29":"owp-btn-normal","30":"owp-tabs-layout-horizontal"},"acf":[],"yoast_head":"<!-- This site is optimized with the Yoast SEO plugin v27.4 - https:\/\/yoast.com\/product\/yoast-seo-wordpress\/ -->\n<title>Coffret &quot;Tout est permis&quot; - Caviar de Neuvic<\/title>\n<meta name=\"description\" content=\"D\u00e9couvrez l&#039;essence du luxe avec notre Coffret Caviar &amp; Vodka. Id\u00e9al pour les amateurs de gastronomie raffin\u00e9e et les moments de c\u00e9l\u00e9bration.\" \/>\n<meta name=\"robots\" content=\"index, follow, max-snippet:-1, max-image-preview:large, max-video-preview:-1\" \/>\n<link rel=\"canonical\" href=\"https:\/\/caviar-de-neuvic.com\/fr_ch\/p\/accueil\/coffrets\/coffret-tout-est-permis\/\" \/>\n<meta property=\"og:locale\" content=\"fr_FR\" \/>\n<meta property=\"og:type\" content=\"article\" \/>\n<meta property=\"og:title\" content=\"Coffret &quot;Tout est permis&quot; - Caviar de Neuvic\" \/>\n<meta property=\"og:description\" content=\"D\u00e9couvrez l&#039;essence du luxe avec notre Coffret Caviar &amp; Vodka. Id\u00e9al pour les amateurs de gastronomie raffin\u00e9e et les moments de c\u00e9l\u00e9bration.\" \/>\n<meta property=\"og:url\" content=\"https:\/\/caviar-de-neuvic.com\/fr_ch\/p\/accueil\/coffrets\/coffret-tout-est-permis\/\" \/>\n<meta property=\"og:site_name\" content=\"Producteur Fran\u00e7ais De Caviar\" \/>\n<meta property=\"article:modified_time\" content=\"2025-11-28T18:38:52+00:00\" \/>\n<meta property=\"og:image\" content=\"https:\/\/caviar-de-neuvic.com\/wp-content\/uploads\/2022\/02\/2778-Coffret-Tout-est-permis.jpg\" \/>\n\t<meta property=\"og:image:width\" content=\"1100\" \/>\n\t<meta property=\"og:image:height\" content=\"1422\" \/>\n\t<meta property=\"og:image:type\" content=\"image\/jpeg\" \/>\n<meta name=\"twitter:card\" content=\"summary_large_image\" \/>\n<meta name=\"twitter:label1\" content=\"Est. reading time\" \/>\n\t<meta name=\"twitter:data1\" content=\"1 minute\" \/>\n<script type=\"application\/ld+json\" class=\"yoast-schema-graph\">{\"@context\":\"https:\\\/\\\/schema.org\",\"@graph\":[{\"@type\":\"WebPage\",\"@id\":\"https:\\\/\\\/caviar-de-neuvic.com\\\/p\\\/accueil\\\/coffrets\\\/coffret-tout-est-permis\\\/\",\"url\":\"https:\\\/\\\/caviar-de-neuvic.com\\\/p\\\/accueil\\\/coffrets\\\/coffret-tout-est-permis\\\/\",\"name\":\"Coffret \\\"Tout est permis\\\" - Caviar de Neuvic\",\"isPartOf\":{\"@id\":\"http:\\\/\\\/caviar-de-neuvic.com\\\/fr\\\/#website\"},\"primaryImageOfPage\":{\"@id\":\"https:\\\/\\\/caviar-de-neuvic.com\\\/p\\\/accueil\\\/coffrets\\\/coffret-tout-est-permis\\\/#primaryimage\"},\"image\":{\"@id\":\"https:\\\/\\\/caviar-de-neuvic.com\\\/p\\\/accueil\\\/coffrets\\\/coffret-tout-est-permis\\\/#primaryimage\"},\"thumbnailUrl\":\"https:\\\/\\\/caviar-de-neuvic.com\\\/wp-content\\\/uploads\\\/2022\\\/02\\\/2778-Coffret-Tout-est-permis.jpg\",\"datePublished\":\"2022-02-02T11:53:04+00:00\",\"dateModified\":\"2025-11-28T18:38:52+00:00\",\"description\":\"D\u00e9couvrez l'essence du luxe avec notre Coffret Caviar & Vodka. Id\u00e9al pour les amateurs de gastronomie raffin\u00e9e et les moments de c\u00e9l\u00e9bration.\",\"breadcrumb\":{\"@id\":\"https:\\\/\\\/caviar-de-neuvic.com\\\/p\\\/accueil\\\/coffrets\\\/coffret-tout-est-permis\\\/#breadcrumb\"},\"inLanguage\":\"fr-CH\",\"potentialAction\":[{\"@type\":\"ReadAction\",\"target\":[\"https:\\\/\\\/caviar-de-neuvic.com\\\/p\\\/accueil\\\/coffrets\\\/coffret-tout-est-permis\\\/\"]}]},{\"@type\":\"ImageObject\",\"inLanguage\":\"fr-CH\",\"@id\":\"https:\\\/\\\/caviar-de-neuvic.com\\\/p\\\/accueil\\\/coffrets\\\/coffret-tout-est-permis\\\/#primaryimage\",\"url\":\"https:\\\/\\\/caviar-de-neuvic.com\\\/wp-content\\\/uploads\\\/2022\\\/02\\\/2778-Coffret-Tout-est-permis.jpg\",\"contentUrl\":\"https:\\\/\\\/caviar-de-neuvic.com\\\/wp-content\\\/uploads\\\/2022\\\/02\\\/2778-Coffret-Tout-est-permis.jpg\",\"width\":1100,\"height\":1422,\"caption\":\"Coffret \\\"Tout est permis\\\"\"},{\"@type\":\"BreadcrumbList\",\"@id\":\"https:\\\/\\\/caviar-de-neuvic.com\\\/p\\\/accueil\\\/coffrets\\\/coffret-tout-est-permis\\\/#breadcrumb\",\"itemListElement\":[{\"@type\":\"ListItem\",\"position\":1,\"name\":\"Caviar de Neuvic\",\"item\":\"https:\\\/\\\/caviar-de-neuvic.com\\\/\"},{\"@type\":\"ListItem\",\"position\":2,\"name\":\"Shop\",\"item\":\"https:\\\/\\\/caviar-de-neuvic.com\\\/en\\\/shop\\\/\"},{\"@type\":\"ListItem\",\"position\":3,\"name\":\"Coffret \u00ab\u00a0Tout est permis\u00a0\u00bb\"}]},{\"@type\":\"WebSite\",\"@id\":\"http:\\\/\\\/caviar-de-neuvic.com\\\/fr\\\/#website\",\"url\":\"http:\\\/\\\/caviar-de-neuvic.com\\\/fr\\\/\",\"name\":\"Producteur Fran\u00e7ais De Caviar\",\"description\":\"\",\"publisher\":{\"@id\":\"http:\\\/\\\/caviar-de-neuvic.com\\\/fr\\\/#organization\"},\"potentialAction\":[{\"@type\":\"SearchAction\",\"target\":{\"@type\":\"EntryPoint\",\"urlTemplate\":\"http:\\\/\\\/caviar-de-neuvic.com\\\/fr\\\/?s={search_term_string}\"},\"query-input\":{\"@type\":\"PropertyValueSpecification\",\"valueRequired\":true,\"valueName\":\"search_term_string\"}}],\"inLanguage\":\"fr-CH\"},{\"@type\":\"Organization\",\"@id\":\"http:\\\/\\\/caviar-de-neuvic.com\\\/fr\\\/#organization\",\"name\":\"Producteur Fran\u00e7ais De Caviar\",\"url\":\"http:\\\/\\\/caviar-de-neuvic.com\\\/fr\\\/\",\"logo\":{\"@type\":\"ImageObject\",\"inLanguage\":\"fr-CH\",\"@id\":\"http:\\\/\\\/caviar-de-neuvic.com\\\/fr\\\/#\\\/schema\\\/logo\\\/image\\\/\",\"url\":\"\",\"contentUrl\":\"\",\"caption\":\"Producteur Fran\u00e7ais De Caviar\"},\"image\":{\"@id\":\"http:\\\/\\\/caviar-de-neuvic.com\\\/fr\\\/#\\\/schema\\\/logo\\\/image\\\/\"}}]}<\/script>\n<!-- \/ Yoast SEO plugin. -->","yoast_head_json":{"title":"Coffret \"Tout est permis\" - Caviar de Neuvic","description":"D\u00e9couvrez l'essence du luxe avec notre Coffret Caviar & Vodka. Id\u00e9al pour les amateurs de gastronomie raffin\u00e9e et les moments de c\u00e9l\u00e9bration.","robots":{"index":"index","follow":"follow","max-snippet":"max-snippet:-1","max-image-preview":"max-image-preview:large","max-video-preview":"max-video-preview:-1"},"canonical":"https:\/\/caviar-de-neuvic.com\/fr_ch\/p\/accueil\/coffrets\/coffret-tout-est-permis\/","og_locale":"fr_FR","og_type":"article","og_title":"Coffret \"Tout est permis\" - Caviar de Neuvic","og_description":"D\u00e9couvrez l'essence du luxe avec notre Coffret Caviar & Vodka. Id\u00e9al pour les amateurs de gastronomie raffin\u00e9e et les moments de c\u00e9l\u00e9bration.","og_url":"https:\/\/caviar-de-neuvic.com\/fr_ch\/p\/accueil\/coffrets\/coffret-tout-est-permis\/","og_site_name":"Producteur Fran\u00e7ais De Caviar","article_modified_time":"2025-11-28T18:38:52+00:00","og_image":[{"width":1100,"height":1422,"url":"https:\/\/caviar-de-neuvic.com\/wp-content\/uploads\/2022\/02\/2778-Coffret-Tout-est-permis.jpg","type":"image\/jpeg"}],"twitter_card":"summary_large_image","twitter_misc":{"Est. reading time":"1 minute"},"schema":{"@context":"https:\/\/schema.org","@graph":[{"@type":"WebPage","@id":"https:\/\/caviar-de-neuvic.com\/p\/accueil\/coffrets\/coffret-tout-est-permis\/","url":"https:\/\/caviar-de-neuvic.com\/p\/accueil\/coffrets\/coffret-tout-est-permis\/","name":"Coffret \"Tout est permis\" - Caviar de Neuvic","isPartOf":{"@id":"http:\/\/caviar-de-neuvic.com\/fr\/#website"},"primaryImageOfPage":{"@id":"https:\/\/caviar-de-neuvic.com\/p\/accueil\/coffrets\/coffret-tout-est-permis\/#primaryimage"},"image":{"@id":"https:\/\/caviar-de-neuvic.com\/p\/accueil\/coffrets\/coffret-tout-est-permis\/#primaryimage"},"thumbnailUrl":"https:\/\/caviar-de-neuvic.com\/wp-content\/uploads\/2022\/02\/2778-Coffret-Tout-est-permis.jpg","datePublished":"2022-02-02T11:53:04+00:00","dateModified":"2025-11-28T18:38:52+00:00","description":"D\u00e9couvrez l'essence du luxe avec notre Coffret Caviar & Vodka. Id\u00e9al pour les amateurs de gastronomie raffin\u00e9e et les moments de c\u00e9l\u00e9bration.","breadcrumb":{"@id":"https:\/\/caviar-de-neuvic.com\/p\/accueil\/coffrets\/coffret-tout-est-permis\/#breadcrumb"},"inLanguage":"fr-CH","potentialAction":[{"@type":"ReadAction","target":["https:\/\/caviar-de-neuvic.com\/p\/accueil\/coffrets\/coffret-tout-est-permis\/"]}]},{"@type":"ImageObject","inLanguage":"fr-CH","@id":"https:\/\/caviar-de-neuvic.com\/p\/accueil\/coffrets\/coffret-tout-est-permis\/#primaryimage","url":"https:\/\/caviar-de-neuvic.com\/wp-content\/uploads\/2022\/02\/2778-Coffret-Tout-est-permis.jpg","contentUrl":"https:\/\/caviar-de-neuvic.com\/wp-content\/uploads\/2022\/02\/2778-Coffret-Tout-est-permis.jpg","width":1100,"height":1422,"caption":"Coffret \"Tout est permis\""},{"@type":"BreadcrumbList","@id":"https:\/\/caviar-de-neuvic.com\/p\/accueil\/coffrets\/coffret-tout-est-permis\/#breadcrumb","itemListElement":[{"@type":"ListItem","position":1,"name":"Caviar de Neuvic","item":"https:\/\/caviar-de-neuvic.com\/"},{"@type":"ListItem","position":2,"name":"Shop","item":"https:\/\/caviar-de-neuvic.com\/en\/shop\/"},{"@type":"ListItem","position":3,"name":"Coffret \u00ab\u00a0Tout est permis\u00a0\u00bb"}]},{"@type":"WebSite","@id":"http:\/\/caviar-de-neuvic.com\/fr\/#website","url":"http:\/\/caviar-de-neuvic.com\/fr\/","name":"Producteur Fran\u00e7ais De Caviar","description":"","publisher":{"@id":"http:\/\/caviar-de-neuvic.com\/fr\/#organization"},"potentialAction":[{"@type":"SearchAction","target":{"@type":"EntryPoint","urlTemplate":"http:\/\/caviar-de-neuvic.com\/fr\/?s={search_term_string}"},"query-input":{"@type":"PropertyValueSpecification","valueRequired":true,"valueName":"search_term_string"}}],"inLanguage":"fr-CH"},{"@type":"Organization","@id":"http:\/\/caviar-de-neuvic.com\/fr\/#organization","name":"Producteur Fran\u00e7ais De Caviar","url":"http:\/\/caviar-de-neuvic.com\/fr\/","logo":{"@type":"ImageObject","inLanguage":"fr-CH","@id":"http:\/\/caviar-de-neuvic.com\/fr\/#\/schema\/logo\/image\/","url":"","contentUrl":"","caption":"Producteur Fran\u00e7ais De Caviar"},"image":{"@id":"http:\/\/caviar-de-neuvic.com\/fr\/#\/schema\/logo\/image\/"}}]}},"_links":{"self":[{"href":"https:\/\/caviar-de-neuvic.com\/fr_ch\/wp-json\/wp\/v2\/product\/1769","targetHints":{"allow":["GET"]}}],"collection":[{"href":"https:\/\/caviar-de-neuvic.com\/fr_ch\/wp-json\/wp\/v2\/product"}],"about":[{"href":"https:\/\/caviar-de-neuvic.com\/fr_ch\/wp-json\/wp\/v2\/types\/product"}],"version-history":[{"count":2,"href":"https:\/\/caviar-de-neuvic.com\/fr_ch\/wp-json\/wp\/v2\/product\/1769\/revisions"}],"predecessor-version":[{"id":29872,"href":"https:\/\/caviar-de-neuvic.com\/fr_ch\/wp-json\/wp\/v2\/product\/1769\/revisions\/29872"}],"wp:featuredmedia":[{"embeddable":true,"href":"https:\/\/caviar-de-neuvic.com\/fr_ch\/wp-json\/wp\/v2\/media\/1767"}],"wp:attachment":[{"href":"https:\/\/caviar-de-neuvic.com\/fr_ch\/wp-json\/wp\/v2\/media?parent=1769"}],"wp:term":[{"taxonomy":"product_brand","embeddable":true,"href":"https:\/\/caviar-de-neuvic.com\/fr_ch\/wp-json\/wp\/v2\/product_brand?post=1769"},{"taxonomy":"product_cat","embeddable":true,"href":"https:\/\/caviar-de-neuvic.com\/fr_ch\/wp-json\/wp\/v2\/product_cat?post=1769"},{"taxonomy":"product_tag","embeddable":true,"href":"https:\/\/caviar-de-neuvic.com\/fr_ch\/wp-json\/wp\/v2\/product_tag?post=1769"}],"curies":[{"name":"wp","href":"https:\/\/api.w.org\/{rel}","templated":true}]}}