{"id":1018,"date":"2019-10-20T17:55:23","date_gmt":"2019-10-20T17:55:23","guid":{"rendered":"https:\/\/caviar-de-neuvic.com\/produits\/caviar-oscietre-signature-boite-origine\/"},"modified":"2026-03-24T16:05:53","modified_gmt":"2026-03-24T15:05:53","slug":"caviar-oscietre-signature-boite-origine","status":"publish","type":"product","link":"https:\/\/caviar-de-neuvic.com\/nl_be\/p\/accueil\/caviar\/caviar-oscietre\/caviar-oscietre-signature-boite-origine\/","title":{"rendered":"Oscietre Signature Kaviaar \u2013 Originele doos"},"content":{"rendered":"<h3>De doss Origine: een iconische doos<\/h3>\n<p>Bij de producent worden de eitjes, zodra ze voorzichtig zijn verwijderd, geselecteerd en snel gezouten, opgeslagen in deze dozen in een koelcel om te rijpen en vervolgens opnieuw te worden verpakt. De Bo\u00eete Origine Caviar de Neuvic belooft een spectaculaire smaakbeleving, grenzeloos genot en luxe.<\/p>\n<h3>Serveer de kaviaar met een doosje \u201cOrigine\u201d<\/h3>\n<p>Verwijder het elastiekje rond de doos en til het deksel voorzichtig op.<\/p>\n<h3>Meer informatie op de blog<\/h3>\n<ul style=\"list-style-type: circle;\">\n<li><a href=\"https:\/\/caviar-de-neuvic.com\/nl_be\/universducaviar\/comment-servir-du-caviar\/\">Hoe serveer je kaviaar?<\/a><\/li>\n<li><a href=\"https:\/\/caviar-de-neuvic.com\/nl_be\/universducaviar\/quels-sens-mobiliser-pour-la-degustation-de-caviar\/\">Welke zintuigen gebruik je bij het proeven van kaviaar?<\/a><\/li>\n<li><a href=\"https:\/\/caviar-de-neuvic.com\/nl_be\/universducaviar\/comment-accompagner-le-caviar\/\">Wat kan ik bij kaviaar serveren?<\/a><\/li>\n<li><a href=\"https:\/\/caviar-de-neuvic.com\/nl_be\/universducaviar\/comment-deguster-le-caviar\/\">Wat serveert u bij kaviaar?<\/a><\/li>\n<li><a href=\"https:\/\/caviar-de-neuvic.com\/nl_be\/universducaviar\/conserver-le-caviar\/\">Hoe kaviaar bewaren?<\/a><\/li>\n<li><a href=\"https:\/\/caviar-de-neuvic.com\/nl_be\/universducaviar\/que-boire-avec-le-caviar\/\">Wat drink je bij kaviaar?<\/a><\/li>\n<\/ul>","protected":false},"excerpt":{"rendered":"<p>De mythische originele doos in de kleuren van Caviar de Neuvic. De originele kaviaardoos inspireert tot een royale en onvergetelijke proeverij. Origineel formaat, speciaal voor het rijpen van kaviaar en exclusief in de kleuren van Caviar de Neuvic.<\/p>\n<p>De Doos Origine draagt alle magie van kaviaar van vroeger tot nu in zich... In de tijd dat kaviaar nog in het wild werd gevangen, werd de kaviaar direct na de vangst op de boten in deze doos verzameld.<\/p>\n<h2>Een uitzonderlijke kaviaar<\/h2>\n<p>Deze kaviaar is afkomstig van de Gueldenstaedtiii-steur, die van oudsher in de Kaspische Zee voorkomt. De kaviaar wordt gewonnen wanneer de steur ongeveer 12 jaar oud is.<\/p>\n<p>Deze osci\u00e8tre-kaviaar is elegant en sprankelend. De stevige korrels met gouden glans, van mooie grootte, barsten open in de mond en onthullen delicate zeetonen, die doen denken aan oesters.<\/p>","protected":false},"featured_media":1015,"template":"","meta":{"_acf_changed":false,"ocean_post_layout":"","ocean_both_sidebars_style":"","ocean_both_sidebars_content_width":0,"ocean_both_sidebars_sidebars_width":0,"ocean_sidebar":"0","ocean_second_sidebar":"0","ocean_disable_margins":"enable","ocean_add_body_class":"","ocean_shortcode_before_top_bar":"","ocean_shortcode_after_top_bar":"","ocean_shortcode_before_header":"","ocean_shortcode_after_header":"","ocean_has_shortcode":"","ocean_shortcode_after_title":"","ocean_shortcode_before_footer_widgets":"","ocean_shortcode_after_footer_widgets":"","ocean_shortcode_before_footer_bottom":"","ocean_shortcode_after_footer_bottom":"","ocean_display_top_bar":"default","ocean_display_header":"default","ocean_header_style":"","ocean_center_header_left_menu":"0","ocean_custom_header_template":"0","ocean_custom_logo":0,"ocean_custom_retina_logo":0,"ocean_custom_logo_max_width":0,"ocean_custom_logo_tablet_max_width":0,"ocean_custom_logo_mobile_max_width":0,"ocean_custom_logo_max_height":0,"ocean_custom_logo_tablet_max_height":0,"ocean_custom_logo_mobile_max_height":0,"ocean_header_custom_menu":"0","ocean_menu_typo_font_family":"0","ocean_menu_typo_font_subset":"","ocean_menu_typo_font_size":0,"ocean_menu_typo_font_size_tablet":0,"ocean_menu_typo_font_size_mobile":0,"ocean_menu_typo_font_size_unit":"px","ocean_menu_typo_font_weight":"","ocean_menu_typo_font_weight_tablet":"","ocean_menu_typo_font_weight_mobile":"","ocean_menu_typo_transform":"","ocean_menu_typo_transform_tablet":"","ocean_menu_typo_transform_mobile":"","ocean_menu_typo_line_height":0,"ocean_menu_typo_line_height_tablet":0,"ocean_menu_typo_line_height_mobile":0,"ocean_menu_typo_line_height_unit":"","ocean_menu_typo_spacing":0,"ocean_menu_typo_spacing_tablet":0,"ocean_menu_typo_spacing_mobile":0,"ocean_menu_typo_spacing_unit":"","ocean_menu_link_color":"","ocean_menu_link_color_hover":"","ocean_menu_link_color_active":"","ocean_menu_link_background":"","ocean_menu_link_hover_background":"","ocean_menu_link_active_background":"","ocean_menu_social_links_bg":"","ocean_menu_social_hover_links_bg":"","ocean_menu_social_links_color":"","ocean_menu_social_hover_links_color":"","ocean_disable_title":"default","ocean_disable_heading":"default","ocean_post_title":"","ocean_post_subheading":"","ocean_post_title_style":"","ocean_post_title_background_color":"","ocean_post_title_background":0,"ocean_post_title_bg_image_position":"","ocean_post_title_bg_image_attachment":"","ocean_post_title_bg_image_repeat":"","ocean_post_title_bg_image_size":"","ocean_post_title_height":0,"ocean_post_title_bg_overlay":0.5,"ocean_post_title_bg_overlay_color":"","ocean_disable_breadcrumbs":"default","ocean_breadcrumbs_color":"","ocean_breadcrumbs_separator_color":"","ocean_breadcrumbs_links_color":"","ocean_breadcrumbs_links_hover_color":"","ocean_display_footer_widgets":"default","ocean_display_footer_bottom":"default","ocean_custom_footer_template":"0","omw_enable_modal_window":"enable"},"product_brand":[315],"product_cat":[20,47,53,311],"product_tag":[],"class_list":{"0":"post-1018","1":"product","2":"type-product","3":"status-publish","4":"has-post-thumbnail","6":"product_brand-caviar-signature","7":"product_cat-caviar","8":"product_cat-caviar-oscietre","9":"product_cat-les-boites-origine","10":"product_cat-nos-caviars-signature","11":"pa_choisissezlepoids-250g","12":"pa_choisissezlepoids-500g","13":"pa_conservation-88-aurefrigerateurentre0et4c","14":"pa_origine-france","16":"entry","17":"has-media","19":"first","20":"instock","21":"taxable","22":"shipping-taxable","23":"purchasable","24":"product-type-variable","25":"has-default-attributes","26":"col","27":"span_1_of_3","28":"owp-content-center","29":"item-entry","30":"owp-thumbs-layout-vertical","31":"owp-btn-normal","32":"owp-tabs-layout-horizontal"},"acf":[],"yoast_head":"<!-- This site is optimized with the Yoast SEO plugin v27.4 - https:\/\/yoast.com\/product\/yoast-seo-wordpress\/ -->\n<title>Caviar Osci\u00e8tre Signature - Boite Origine - Caviar de Neuvic<\/title>\n<meta name=\"description\" content=\"Ce caviar osci\u00e8tre est \u00e9l\u00e9gant et \u00e9clatant. Ses grains fermes aux reflets dor\u00e9s, de belle taille, \u00e9clatent en bouche et r\u00e9v\u00e8lent de d\u00e9licates notes marines.\" \/>\n<meta name=\"robots\" content=\"index, follow, max-snippet:-1, max-image-preview:large, max-video-preview:-1\" \/>\n<link rel=\"canonical\" href=\"https:\/\/caviar-de-neuvic.com\/nl_be\/p\/accueil\/caviar\/caviar-oscietre\/caviar-oscietre-signature-boite-origine\/\" \/>\n<meta property=\"og:locale\" content=\"nl_BE\" \/>\n<meta property=\"og:type\" content=\"article\" \/>\n<meta property=\"og:title\" content=\"Caviar Osci\u00e8tre Signature - Boite Origine - Caviar de Neuvic\" \/>\n<meta property=\"og:description\" content=\"Ce caviar osci\u00e8tre est \u00e9l\u00e9gant et \u00e9clatant. Ses grains fermes aux reflets dor\u00e9s, de belle taille, \u00e9clatent en bouche et r\u00e9v\u00e8lent de d\u00e9licates notes marines.\" \/>\n<meta property=\"og:url\" content=\"https:\/\/caviar-de-neuvic.com\/nl_be\/p\/accueil\/caviar\/caviar-oscietre\/caviar-oscietre-signature-boite-origine\/\" \/>\n<meta property=\"og:site_name\" content=\"Producteur Fran\u00e7ais De Caviar\" \/>\n<meta property=\"article:modified_time\" content=\"2026-03-24T15:05:53+00:00\" \/>\n<meta property=\"og:image\" content=\"https:\/\/caviar-de-neuvic.com\/wp-content\/uploads\/2019\/10\/2821-Caviar-Oscietre-Signature-Boite-Origine.jpg\" \/>\n\t<meta property=\"og:image:width\" content=\"1100\" \/>\n\t<meta property=\"og:image:height\" content=\"1422\" \/>\n\t<meta property=\"og:image:type\" content=\"image\/jpeg\" \/>\n<meta name=\"twitter:card\" content=\"summary_large_image\" \/>\n<meta name=\"twitter:label1\" content=\"Geschatte leestijd\" \/>\n\t<meta name=\"twitter:data1\" content=\"1 minuut\" \/>\n<script type=\"application\/ld+json\" class=\"yoast-schema-graph\">{\"@context\":\"https:\\\/\\\/schema.org\",\"@graph\":[{\"@type\":\"WebPage\",\"@id\":\"https:\\\/\\\/caviar-de-neuvic.com\\\/p\\\/accueil\\\/caviar\\\/caviar-oscietre\\\/caviar-oscietre-signature-boite-origine\\\/\",\"url\":\"https:\\\/\\\/caviar-de-neuvic.com\\\/p\\\/accueil\\\/caviar\\\/caviar-oscietre\\\/caviar-oscietre-signature-boite-origine\\\/\",\"name\":\"Caviar Osci\u00e8tre Signature - Boite Origine - Caviar de Neuvic\",\"isPartOf\":{\"@id\":\"http:\\\/\\\/caviar-de-neuvic.com\\\/fr\\\/#website\"},\"primaryImageOfPage\":{\"@id\":\"https:\\\/\\\/caviar-de-neuvic.com\\\/p\\\/accueil\\\/caviar\\\/caviar-oscietre\\\/caviar-oscietre-signature-boite-origine\\\/#primaryimage\"},\"image\":{\"@id\":\"https:\\\/\\\/caviar-de-neuvic.com\\\/p\\\/accueil\\\/caviar\\\/caviar-oscietre\\\/caviar-oscietre-signature-boite-origine\\\/#primaryimage\"},\"thumbnailUrl\":\"https:\\\/\\\/caviar-de-neuvic.com\\\/wp-content\\\/uploads\\\/2019\\\/10\\\/2821-Caviar-Oscietre-Signature-Boite-Origine.jpg\",\"datePublished\":\"2019-10-20T17:55:23+00:00\",\"dateModified\":\"2026-03-24T15:05:53+00:00\",\"description\":\"Ce caviar osci\u00e8tre est \u00e9l\u00e9gant et \u00e9clatant. Ses grains fermes aux reflets dor\u00e9s, de belle taille, \u00e9clatent en bouche et r\u00e9v\u00e8lent de d\u00e9licates notes marines.\",\"breadcrumb\":{\"@id\":\"https:\\\/\\\/caviar-de-neuvic.com\\\/p\\\/accueil\\\/caviar\\\/caviar-oscietre\\\/caviar-oscietre-signature-boite-origine\\\/#breadcrumb\"},\"inLanguage\":\"nl-BE\",\"potentialAction\":[{\"@type\":\"ReadAction\",\"target\":[\"https:\\\/\\\/caviar-de-neuvic.com\\\/p\\\/accueil\\\/caviar\\\/caviar-oscietre\\\/caviar-oscietre-signature-boite-origine\\\/\"]}]},{\"@type\":\"ImageObject\",\"inLanguage\":\"nl-BE\",\"@id\":\"https:\\\/\\\/caviar-de-neuvic.com\\\/p\\\/accueil\\\/caviar\\\/caviar-oscietre\\\/caviar-oscietre-signature-boite-origine\\\/#primaryimage\",\"url\":\"https:\\\/\\\/caviar-de-neuvic.com\\\/wp-content\\\/uploads\\\/2019\\\/10\\\/2821-Caviar-Oscietre-Signature-Boite-Origine.jpg\",\"contentUrl\":\"https:\\\/\\\/caviar-de-neuvic.com\\\/wp-content\\\/uploads\\\/2019\\\/10\\\/2821-Caviar-Oscietre-Signature-Boite-Origine.jpg\",\"width\":1100,\"height\":1422,\"caption\":\"Caviar Osci\u00e8tre Signature - Boite Origine\"},{\"@type\":\"BreadcrumbList\",\"@id\":\"https:\\\/\\\/caviar-de-neuvic.com\\\/p\\\/accueil\\\/caviar\\\/caviar-oscietre\\\/caviar-oscietre-signature-boite-origine\\\/#breadcrumb\",\"itemListElement\":[{\"@type\":\"ListItem\",\"position\":1,\"name\":\"Caviar de Neuvic\",\"item\":\"https:\\\/\\\/caviar-de-neuvic.com\\\/\"},{\"@type\":\"ListItem\",\"position\":2,\"name\":\"Shop\",\"item\":\"https:\\\/\\\/caviar-de-neuvic.com\\\/en\\\/shop\\\/\"},{\"@type\":\"ListItem\",\"position\":3,\"name\":\"Caviar Osci\u00e8tre Signature &#8211; Boite Origine\"}]},{\"@type\":\"WebSite\",\"@id\":\"http:\\\/\\\/caviar-de-neuvic.com\\\/fr\\\/#website\",\"url\":\"http:\\\/\\\/caviar-de-neuvic.com\\\/fr\\\/\",\"name\":\"Producteur Fran\u00e7ais De Caviar\",\"description\":\"\",\"publisher\":{\"@id\":\"http:\\\/\\\/caviar-de-neuvic.com\\\/fr\\\/#organization\"},\"potentialAction\":[{\"@type\":\"SearchAction\",\"target\":{\"@type\":\"EntryPoint\",\"urlTemplate\":\"http:\\\/\\\/caviar-de-neuvic.com\\\/fr\\\/?s={search_term_string}\"},\"query-input\":{\"@type\":\"PropertyValueSpecification\",\"valueRequired\":true,\"valueName\":\"search_term_string\"}}],\"inLanguage\":\"nl-BE\"},{\"@type\":\"Organization\",\"@id\":\"http:\\\/\\\/caviar-de-neuvic.com\\\/fr\\\/#organization\",\"name\":\"Producteur Fran\u00e7ais De Caviar\",\"url\":\"http:\\\/\\\/caviar-de-neuvic.com\\\/fr\\\/\",\"logo\":{\"@type\":\"ImageObject\",\"inLanguage\":\"nl-BE\",\"@id\":\"http:\\\/\\\/caviar-de-neuvic.com\\\/fr\\\/#\\\/schema\\\/logo\\\/image\\\/\",\"url\":\"\",\"contentUrl\":\"\",\"caption\":\"Producteur Fran\u00e7ais De Caviar\"},\"image\":{\"@id\":\"http:\\\/\\\/caviar-de-neuvic.com\\\/fr\\\/#\\\/schema\\\/logo\\\/image\\\/\"}}]}<\/script>\n<!-- \/ Yoast SEO plugin. -->","yoast_head_json":{"title":"Caviar Osci\u00e8tre Signature - Boite Origine - Caviar de Neuvic","description":"Ce caviar osci\u00e8tre est \u00e9l\u00e9gant et \u00e9clatant. Ses grains fermes aux reflets dor\u00e9s, de belle taille, \u00e9clatent en bouche et r\u00e9v\u00e8lent de d\u00e9licates notes marines.","robots":{"index":"index","follow":"follow","max-snippet":"max-snippet:-1","max-image-preview":"max-image-preview:large","max-video-preview":"max-video-preview:-1"},"canonical":"https:\/\/caviar-de-neuvic.com\/nl_be\/p\/accueil\/caviar\/caviar-oscietre\/caviar-oscietre-signature-boite-origine\/","og_locale":"nl_BE","og_type":"article","og_title":"Caviar Osci\u00e8tre Signature - Boite Origine - Caviar de Neuvic","og_description":"Ce caviar osci\u00e8tre est \u00e9l\u00e9gant et \u00e9clatant. Ses grains fermes aux reflets dor\u00e9s, de belle taille, \u00e9clatent en bouche et r\u00e9v\u00e8lent de d\u00e9licates notes marines.","og_url":"https:\/\/caviar-de-neuvic.com\/nl_be\/p\/accueil\/caviar\/caviar-oscietre\/caviar-oscietre-signature-boite-origine\/","og_site_name":"Producteur Fran\u00e7ais De Caviar","article_modified_time":"2026-03-24T15:05:53+00:00","og_image":[{"width":1100,"height":1422,"url":"https:\/\/caviar-de-neuvic.com\/wp-content\/uploads\/2019\/10\/2821-Caviar-Oscietre-Signature-Boite-Origine.jpg","type":"image\/jpeg"}],"twitter_card":"summary_large_image","twitter_misc":{"Geschatte leestijd":"1 minuut"},"schema":{"@context":"https:\/\/schema.org","@graph":[{"@type":"WebPage","@id":"https:\/\/caviar-de-neuvic.com\/p\/accueil\/caviar\/caviar-oscietre\/caviar-oscietre-signature-boite-origine\/","url":"https:\/\/caviar-de-neuvic.com\/p\/accueil\/caviar\/caviar-oscietre\/caviar-oscietre-signature-boite-origine\/","name":"Caviar Osci\u00e8tre Signature - Boite Origine - Caviar de Neuvic","isPartOf":{"@id":"http:\/\/caviar-de-neuvic.com\/fr\/#website"},"primaryImageOfPage":{"@id":"https:\/\/caviar-de-neuvic.com\/p\/accueil\/caviar\/caviar-oscietre\/caviar-oscietre-signature-boite-origine\/#primaryimage"},"image":{"@id":"https:\/\/caviar-de-neuvic.com\/p\/accueil\/caviar\/caviar-oscietre\/caviar-oscietre-signature-boite-origine\/#primaryimage"},"thumbnailUrl":"https:\/\/caviar-de-neuvic.com\/wp-content\/uploads\/2019\/10\/2821-Caviar-Oscietre-Signature-Boite-Origine.jpg","datePublished":"2019-10-20T17:55:23+00:00","dateModified":"2026-03-24T15:05:53+00:00","description":"Ce caviar osci\u00e8tre est \u00e9l\u00e9gant et \u00e9clatant. Ses grains fermes aux reflets dor\u00e9s, de belle taille, \u00e9clatent en bouche et r\u00e9v\u00e8lent de d\u00e9licates notes marines.","breadcrumb":{"@id":"https:\/\/caviar-de-neuvic.com\/p\/accueil\/caviar\/caviar-oscietre\/caviar-oscietre-signature-boite-origine\/#breadcrumb"},"inLanguage":"nl-BE","potentialAction":[{"@type":"ReadAction","target":["https:\/\/caviar-de-neuvic.com\/p\/accueil\/caviar\/caviar-oscietre\/caviar-oscietre-signature-boite-origine\/"]}]},{"@type":"ImageObject","inLanguage":"nl-BE","@id":"https:\/\/caviar-de-neuvic.com\/p\/accueil\/caviar\/caviar-oscietre\/caviar-oscietre-signature-boite-origine\/#primaryimage","url":"https:\/\/caviar-de-neuvic.com\/wp-content\/uploads\/2019\/10\/2821-Caviar-Oscietre-Signature-Boite-Origine.jpg","contentUrl":"https:\/\/caviar-de-neuvic.com\/wp-content\/uploads\/2019\/10\/2821-Caviar-Oscietre-Signature-Boite-Origine.jpg","width":1100,"height":1422,"caption":"Caviar Osci\u00e8tre Signature - Boite Origine"},{"@type":"BreadcrumbList","@id":"https:\/\/caviar-de-neuvic.com\/p\/accueil\/caviar\/caviar-oscietre\/caviar-oscietre-signature-boite-origine\/#breadcrumb","itemListElement":[{"@type":"ListItem","position":1,"name":"Caviar de Neuvic","item":"https:\/\/caviar-de-neuvic.com\/"},{"@type":"ListItem","position":2,"name":"Shop","item":"https:\/\/caviar-de-neuvic.com\/en\/shop\/"},{"@type":"ListItem","position":3,"name":"Caviar Osci\u00e8tre Signature &#8211; Boite Origine"}]},{"@type":"WebSite","@id":"http:\/\/caviar-de-neuvic.com\/fr\/#website","url":"http:\/\/caviar-de-neuvic.com\/fr\/","name":"Producteur Fran\u00e7ais De Caviar","description":"","publisher":{"@id":"http:\/\/caviar-de-neuvic.com\/fr\/#organization"},"potentialAction":[{"@type":"SearchAction","target":{"@type":"EntryPoint","urlTemplate":"http:\/\/caviar-de-neuvic.com\/fr\/?s={search_term_string}"},"query-input":{"@type":"PropertyValueSpecification","valueRequired":true,"valueName":"search_term_string"}}],"inLanguage":"nl-BE"},{"@type":"Organization","@id":"http:\/\/caviar-de-neuvic.com\/fr\/#organization","name":"Producteur Fran\u00e7ais De Caviar","url":"http:\/\/caviar-de-neuvic.com\/fr\/","logo":{"@type":"ImageObject","inLanguage":"nl-BE","@id":"http:\/\/caviar-de-neuvic.com\/fr\/#\/schema\/logo\/image\/","url":"","contentUrl":"","caption":"Producteur Fran\u00e7ais De Caviar"},"image":{"@id":"http:\/\/caviar-de-neuvic.com\/fr\/#\/schema\/logo\/image\/"}}]}},"_links":{"self":[{"href":"https:\/\/caviar-de-neuvic.com\/nl_be\/wp-json\/wp\/v2\/product\/1018","targetHints":{"allow":["GET"]}}],"collection":[{"href":"https:\/\/caviar-de-neuvic.com\/nl_be\/wp-json\/wp\/v2\/product"}],"about":[{"href":"https:\/\/caviar-de-neuvic.com\/nl_be\/wp-json\/wp\/v2\/types\/product"}],"version-history":[{"count":6,"href":"https:\/\/caviar-de-neuvic.com\/nl_be\/wp-json\/wp\/v2\/product\/1018\/revisions"}],"predecessor-version":[{"id":30068,"href":"https:\/\/caviar-de-neuvic.com\/nl_be\/wp-json\/wp\/v2\/product\/1018\/revisions\/30068"}],"wp:featuredmedia":[{"embeddable":true,"href":"https:\/\/caviar-de-neuvic.com\/nl_be\/wp-json\/wp\/v2\/media\/1015"}],"wp:attachment":[{"href":"https:\/\/caviar-de-neuvic.com\/nl_be\/wp-json\/wp\/v2\/media?parent=1018"}],"wp:term":[{"taxonomy":"product_brand","embeddable":true,"href":"https:\/\/caviar-de-neuvic.com\/nl_be\/wp-json\/wp\/v2\/product_brand?post=1018"},{"taxonomy":"product_cat","embeddable":true,"href":"https:\/\/caviar-de-neuvic.com\/nl_be\/wp-json\/wp\/v2\/product_cat?post=1018"},{"taxonomy":"product_tag","embeddable":true,"href":"https:\/\/caviar-de-neuvic.com\/nl_be\/wp-json\/wp\/v2\/product_tag?post=1018"}],"curies":[{"name":"wp","href":"https:\/\/api.w.org\/{rel}","templated":true}]}}