{"id":1087,"date":"2019-10-21T08:30:28","date_gmt":"2019-10-21T08:30:28","guid":{"rendered":"https:\/\/caviar-de-neuvic.com\/produits\/caviar-oscietre-reserve\/"},"modified":"2026-04-22T19:41:51","modified_gmt":"2026-04-22T17:41:51","slug":"caviar-oscietre-reserve-2","status":"publish","type":"product","link":"https:\/\/caviar-de-neuvic.com\/nl_be\/p\/accueil\/caviar\/caviar-oscietre\/caviar-oscietre-reserve-2\/","title":{"rendered":"Osci\u00e8tre-kaviaar Reserve"},"content":{"rendered":"<h3>Advies<\/h3>\n<p>Het is beter om uw doosje kaviaar 5 minuten voor het serveren uit de koelkast te halen.\u00a0<a href=\"https:\/\/caviar-de-neuvic.com\/nl_be\/p\/accueil\/accompagner-le-caviar\/moule-a-glacons-on-the-rock\/\">Leg het op een bedje van ijs,<\/a> zodat het tijdens het proeven vers blijft.\u00a0<a href=\"https:\/\/caviar-de-neuvic.com\/nl_be\/p\/accueil\/accompagner-le-caviar\/cuillere-en-nacre\/\">Gebruik bij voorkeur een parelmoeren lepeltje,<\/a> zodat de korrels niet breken en er geen risico op oxidatie bestaat.<\/p>\n<p>De puurheid en kracht van een mooie wodka vormen een interessant contrast met de boterachtige en rijke tonen van de kaviaar en versterken tegelijkertijd een niet zo onschuldige frisheid.<\/p>\n<h3>Meer informatie op de blog<\/h3>\n<ul style=\"list-style-type: circle;\">\n<li><a href=\"https:\/\/caviar-de-neuvic.com\/nl_be\/universducaviar\/comment-servir-du-caviar\/\">Hoe serveer je kaviaar?<\/a><\/li>\n<li><a href=\"https:\/\/caviar-de-neuvic.com\/nl_be\/universducaviar\/quels-sens-mobiliser-pour-la-degustation-de-caviar\/\">Welke zintuigen gebruik je bij het proeven van kaviaar?<\/a><\/li>\n<li><a href=\"https:\/\/caviar-de-neuvic.com\/nl_be\/universducaviar\/comment-accompagner-le-caviar\/\">Wat kan ik bij kaviaar serveren?<\/a><\/li>\n<li><a href=\"https:\/\/caviar-de-neuvic.com\/nl_be\/universducaviar\/comment-deguster-le-caviar\/\">Wat serveert u bij kaviaar?<\/a><\/li>\n<li><a href=\"https:\/\/caviar-de-neuvic.com\/nl_be\/universducaviar\/conserver-le-caviar\/\">Hoe kaviaar bewaren?<\/a><\/li>\n<li><a href=\"https:\/\/caviar-de-neuvic.com\/nl_be\/universducaviar\/que-boire-avec-le-caviar\/\">Wat drink je bij kaviaar?<\/a><\/li>\n<\/ul>","protected":false},"excerpt":{"rendered":"<p>Omdat de natuur soms voor verrassingen zorgt, schenken sommige steuren ons de eer om een uitzonderlijke kaviaar te leveren met een indrukwekkende afdronk die de kwaliteit van Caviar R\u00e9serve bepaalt.<\/p>\n<p>De mooiste bonen worden geselecteerd vanwege hun zeldzaamheid en hun onvergelijkbare lange afdronk.<\/p>\n<h2>Een iconische kaviaar van topkwaliteit<\/h2>\n<p>Deze Osci\u00e8tre R\u00e9serve-kaviaar is afkomstig van de steur <em>Acipenser Gueldenstaedti-steur<\/em>, die ongeveer 12 jaar oud is. Deze soort komt van oudsher uit de Kaspische Zee.<\/p>\n<p>Osci\u00e8tre R\u00e9serve-kaviaar wordt gewaardeerd om zijn harmonieuze korrels met gouden en amberkleurige nuances. De stevige en smeltende textuur onthult een zeer verfijnd aromatisch profiel. In de mond biedt hij een perfect evenwicht tussen delicate zeetonen, hints van verse boter en subtiele aroma's van noten en gedroogd fruit. Zijn elegantie en lange afdronk maken hem tot een favoriete keuze van kenners.<\/p>","protected":false},"featured_media":1084,"template":"","meta":{"_acf_changed":false,"ocean_post_layout":"","ocean_both_sidebars_style":"","ocean_both_sidebars_content_width":0,"ocean_both_sidebars_sidebars_width":0,"ocean_sidebar":"0","ocean_second_sidebar":"0","ocean_disable_margins":"enable","ocean_add_body_class":"","ocean_shortcode_before_top_bar":"","ocean_shortcode_after_top_bar":"","ocean_shortcode_before_header":"","ocean_shortcode_after_header":"","ocean_has_shortcode":"","ocean_shortcode_after_title":"","ocean_shortcode_before_footer_widgets":"","ocean_shortcode_after_footer_widgets":"","ocean_shortcode_before_footer_bottom":"","ocean_shortcode_after_footer_bottom":"","ocean_display_top_bar":"default","ocean_display_header":"default","ocean_header_style":"","ocean_center_header_left_menu":"0","ocean_custom_header_template":"0","ocean_custom_logo":0,"ocean_custom_retina_logo":0,"ocean_custom_logo_max_width":0,"ocean_custom_logo_tablet_max_width":0,"ocean_custom_logo_mobile_max_width":0,"ocean_custom_logo_max_height":0,"ocean_custom_logo_tablet_max_height":0,"ocean_custom_logo_mobile_max_height":0,"ocean_header_custom_menu":"0","ocean_menu_typo_font_family":"0","ocean_menu_typo_font_subset":"","ocean_menu_typo_font_size":0,"ocean_menu_typo_font_size_tablet":0,"ocean_menu_typo_font_size_mobile":0,"ocean_menu_typo_font_size_unit":"px","ocean_menu_typo_font_weight":"","ocean_menu_typo_font_weight_tablet":"","ocean_menu_typo_font_weight_mobile":"","ocean_menu_typo_transform":"","ocean_menu_typo_transform_tablet":"","ocean_menu_typo_transform_mobile":"","ocean_menu_typo_line_height":0,"ocean_menu_typo_line_height_tablet":0,"ocean_menu_typo_line_height_mobile":0,"ocean_menu_typo_line_height_unit":"","ocean_menu_typo_spacing":0,"ocean_menu_typo_spacing_tablet":0,"ocean_menu_typo_spacing_mobile":0,"ocean_menu_typo_spacing_unit":"","ocean_menu_link_color":"","ocean_menu_link_color_hover":"","ocean_menu_link_color_active":"","ocean_menu_link_background":"","ocean_menu_link_hover_background":"","ocean_menu_link_active_background":"","ocean_menu_social_links_bg":"","ocean_menu_social_hover_links_bg":"","ocean_menu_social_links_color":"","ocean_menu_social_hover_links_color":"","ocean_disable_title":"default","ocean_disable_heading":"default","ocean_post_title":"","ocean_post_subheading":"","ocean_post_title_style":"","ocean_post_title_background_color":"","ocean_post_title_background":0,"ocean_post_title_bg_image_position":"","ocean_post_title_bg_image_attachment":"","ocean_post_title_bg_image_repeat":"","ocean_post_title_bg_image_size":"","ocean_post_title_height":0,"ocean_post_title_bg_overlay":0.5,"ocean_post_title_bg_overlay_color":"","ocean_disable_breadcrumbs":"default","ocean_breadcrumbs_color":"","ocean_breadcrumbs_separator_color":"","ocean_breadcrumbs_links_color":"","ocean_breadcrumbs_links_hover_color":"","ocean_display_footer_widgets":"default","ocean_display_footer_bottom":"default","ocean_custom_footer_template":"0","omw_enable_modal_window":"enable"},"product_brand":[316],"product_cat":[20,47,312],"product_tag":[],"class_list":{"0":"post-1087","1":"product","2":"type-product","3":"status-publish","4":"has-post-thumbnail","6":"product_brand-caviar-reserve","7":"product_cat-caviar","8":"product_cat-caviar-oscietre","9":"product_cat-nos-caviars-reserve","10":"pa_choisissezlepoids-100g","11":"pa_choisissezlepoids-250g","12":"pa_choisissezlepoids-30g","13":"pa_choisissezlepoids-500g","14":"pa_choisissezlepoids-50g","15":"pa_conservation-88-aurefrigerateurentre0et4c","16":"pa_origine-france","18":"entry","19":"has-media","21":"first","22":"instock","23":"sale","24":"taxable","25":"shipping-taxable","26":"purchasable","27":"product-type-variable","28":"has-default-attributes","29":"has-product-nav","30":"col","31":"span_1_of_3","32":"owp-content-center","33":"item-entry","34":"owp-thumbs-layout-vertical","35":"owp-btn-normal","36":"owp-tabs-layout-horizontal"},"acf":[],"yoast_head":"<!-- This site is optimized with the Yoast SEO plugin v27.4 - https:\/\/yoast.com\/product\/yoast-seo-wordpress\/ -->\n<title>Caviar Oscietre R\u00e9serve - Caviar de Neuvic<\/title>\n<meta name=\"description\" content=\"Ce Caviar Osci\u00e8tre R\u00e9serve est issu de l&#039;Acipenser Gueldenstaedtiii. Les plus beaux grains sont s\u00e9lectionn\u00e9s pour leur taille et leur longueur en bouche incomparable.\" \/>\n<meta name=\"robots\" content=\"index, follow, max-snippet:-1, max-image-preview:large, max-video-preview:-1\" \/>\n<link rel=\"canonical\" href=\"https:\/\/caviar-de-neuvic.com\/nl_be\/p\/accueil\/caviar\/caviar-oscietre\/caviar-oscietre-reserve-2\/\" \/>\n<meta property=\"og:locale\" content=\"nl_BE\" \/>\n<meta property=\"og:type\" content=\"article\" \/>\n<meta property=\"og:title\" content=\"Caviar Oscietre R\u00e9serve - Caviar de Neuvic\" \/>\n<meta property=\"og:description\" content=\"Ce Caviar Osci\u00e8tre R\u00e9serve est issu de l&#039;Acipenser Gueldenstaedtiii. Les plus beaux grains sont s\u00e9lectionn\u00e9s pour leur taille et leur longueur en bouche incomparable.\" \/>\n<meta property=\"og:url\" content=\"https:\/\/caviar-de-neuvic.com\/nl_be\/p\/accueil\/caviar\/caviar-oscietre\/caviar-oscietre-reserve-2\/\" \/>\n<meta property=\"og:site_name\" content=\"Producteur Fran\u00e7ais De Caviar\" \/>\n<meta property=\"article:modified_time\" content=\"2026-04-22T17:41:51+00:00\" \/>\n<meta property=\"og:image\" content=\"https:\/\/caviar-de-neuvic.com\/wp-content\/uploads\/2019\/10\/2143-Caviar-Oscietre-Reserve.jpg\" \/>\n\t<meta property=\"og:image:width\" content=\"1100\" \/>\n\t<meta property=\"og:image:height\" content=\"1422\" \/>\n\t<meta property=\"og:image:type\" content=\"image\/jpeg\" \/>\n<meta name=\"twitter:card\" content=\"summary_large_image\" \/>\n<meta name=\"twitter:label1\" content=\"Geschatte leestijd\" \/>\n\t<meta name=\"twitter:data1\" content=\"1 minuut\" \/>\n<script type=\"application\/ld+json\" class=\"yoast-schema-graph\">{\"@context\":\"https:\\\/\\\/schema.org\",\"@graph\":[{\"@type\":\"WebPage\",\"@id\":\"https:\\\/\\\/caviar-de-neuvic.com\\\/p\\\/accueil\\\/caviar\\\/caviar-oscietre\\\/caviar-oscietre-reserve-2\\\/\",\"url\":\"https:\\\/\\\/caviar-de-neuvic.com\\\/p\\\/accueil\\\/caviar\\\/caviar-oscietre\\\/caviar-oscietre-reserve-2\\\/\",\"name\":\"Caviar Oscietre R\u00e9serve - Caviar de Neuvic\",\"isPartOf\":{\"@id\":\"http:\\\/\\\/caviar-de-neuvic.com\\\/fr\\\/#website\"},\"primaryImageOfPage\":{\"@id\":\"https:\\\/\\\/caviar-de-neuvic.com\\\/p\\\/accueil\\\/caviar\\\/caviar-oscietre\\\/caviar-oscietre-reserve-2\\\/#primaryimage\"},\"image\":{\"@id\":\"https:\\\/\\\/caviar-de-neuvic.com\\\/p\\\/accueil\\\/caviar\\\/caviar-oscietre\\\/caviar-oscietre-reserve-2\\\/#primaryimage\"},\"thumbnailUrl\":\"https:\\\/\\\/caviar-de-neuvic.com\\\/wp-content\\\/uploads\\\/2019\\\/10\\\/2143-Caviar-Oscietre-Reserve.jpg\",\"datePublished\":\"2019-10-21T08:30:28+00:00\",\"dateModified\":\"2026-04-22T17:41:51+00:00\",\"description\":\"Ce Caviar Osci\u00e8tre R\u00e9serve est issu de l'Acipenser Gueldenstaedtiii. Les plus beaux grains sont s\u00e9lectionn\u00e9s pour leur taille et leur longueur en bouche incomparable.\",\"breadcrumb\":{\"@id\":\"https:\\\/\\\/caviar-de-neuvic.com\\\/p\\\/accueil\\\/caviar\\\/caviar-oscietre\\\/caviar-oscietre-reserve-2\\\/#breadcrumb\"},\"inLanguage\":\"nl-BE\",\"potentialAction\":[{\"@type\":\"ReadAction\",\"target\":[\"https:\\\/\\\/caviar-de-neuvic.com\\\/p\\\/accueil\\\/caviar\\\/caviar-oscietre\\\/caviar-oscietre-reserve-2\\\/\"]}]},{\"@type\":\"ImageObject\",\"inLanguage\":\"nl-BE\",\"@id\":\"https:\\\/\\\/caviar-de-neuvic.com\\\/p\\\/accueil\\\/caviar\\\/caviar-oscietre\\\/caviar-oscietre-reserve-2\\\/#primaryimage\",\"url\":\"https:\\\/\\\/caviar-de-neuvic.com\\\/wp-content\\\/uploads\\\/2019\\\/10\\\/2143-Caviar-Oscietre-Reserve.jpg\",\"contentUrl\":\"https:\\\/\\\/caviar-de-neuvic.com\\\/wp-content\\\/uploads\\\/2019\\\/10\\\/2143-Caviar-Oscietre-Reserve.jpg\",\"width\":1100,\"height\":1422,\"caption\":\"Caviar Osci\u00e8tre R\u00e9serve\"},{\"@type\":\"BreadcrumbList\",\"@id\":\"https:\\\/\\\/caviar-de-neuvic.com\\\/p\\\/accueil\\\/caviar\\\/caviar-oscietre\\\/caviar-oscietre-reserve-2\\\/#breadcrumb\",\"itemListElement\":[{\"@type\":\"ListItem\",\"position\":1,\"name\":\"Caviar de Neuvic\",\"item\":\"https:\\\/\\\/caviar-de-neuvic.com\\\/\"},{\"@type\":\"ListItem\",\"position\":2,\"name\":\"Shop\",\"item\":\"https:\\\/\\\/caviar-de-neuvic.com\\\/en\\\/shop\\\/\"},{\"@type\":\"ListItem\",\"position\":3,\"name\":\"Caviar Osci\u00e8tre R\u00e9serve\"}]},{\"@type\":\"WebSite\",\"@id\":\"http:\\\/\\\/caviar-de-neuvic.com\\\/fr\\\/#website\",\"url\":\"http:\\\/\\\/caviar-de-neuvic.com\\\/fr\\\/\",\"name\":\"Producteur Fran\u00e7ais De Caviar\",\"description\":\"\",\"publisher\":{\"@id\":\"http:\\\/\\\/caviar-de-neuvic.com\\\/fr\\\/#organization\"},\"potentialAction\":[{\"@type\":\"SearchAction\",\"target\":{\"@type\":\"EntryPoint\",\"urlTemplate\":\"http:\\\/\\\/caviar-de-neuvic.com\\\/fr\\\/?s={search_term_string}\"},\"query-input\":{\"@type\":\"PropertyValueSpecification\",\"valueRequired\":true,\"valueName\":\"search_term_string\"}}],\"inLanguage\":\"nl-BE\"},{\"@type\":\"Organization\",\"@id\":\"http:\\\/\\\/caviar-de-neuvic.com\\\/fr\\\/#organization\",\"name\":\"Producteur Fran\u00e7ais De Caviar\",\"url\":\"http:\\\/\\\/caviar-de-neuvic.com\\\/fr\\\/\",\"logo\":{\"@type\":\"ImageObject\",\"inLanguage\":\"nl-BE\",\"@id\":\"http:\\\/\\\/caviar-de-neuvic.com\\\/fr\\\/#\\\/schema\\\/logo\\\/image\\\/\",\"url\":\"\",\"contentUrl\":\"\",\"caption\":\"Producteur Fran\u00e7ais De Caviar\"},\"image\":{\"@id\":\"http:\\\/\\\/caviar-de-neuvic.com\\\/fr\\\/#\\\/schema\\\/logo\\\/image\\\/\"}}]}<\/script>\n<!-- \/ Yoast SEO plugin. -->","yoast_head_json":{"title":"Caviar Oscietre R\u00e9serve - Caviar de Neuvic","description":"Ce Caviar Osci\u00e8tre R\u00e9serve est issu de l'Acipenser Gueldenstaedtiii. Les plus beaux grains sont s\u00e9lectionn\u00e9s pour leur taille et leur longueur en bouche incomparable.","robots":{"index":"index","follow":"follow","max-snippet":"max-snippet:-1","max-image-preview":"max-image-preview:large","max-video-preview":"max-video-preview:-1"},"canonical":"https:\/\/caviar-de-neuvic.com\/nl_be\/p\/accueil\/caviar\/caviar-oscietre\/caviar-oscietre-reserve-2\/","og_locale":"nl_BE","og_type":"article","og_title":"Caviar Oscietre R\u00e9serve - Caviar de Neuvic","og_description":"Ce Caviar Osci\u00e8tre R\u00e9serve est issu de l'Acipenser Gueldenstaedtiii. Les plus beaux grains sont s\u00e9lectionn\u00e9s pour leur taille et leur longueur en bouche incomparable.","og_url":"https:\/\/caviar-de-neuvic.com\/nl_be\/p\/accueil\/caviar\/caviar-oscietre\/caviar-oscietre-reserve-2\/","og_site_name":"Producteur Fran\u00e7ais De Caviar","article_modified_time":"2026-04-22T17:41:51+00:00","og_image":[{"width":1100,"height":1422,"url":"https:\/\/caviar-de-neuvic.com\/wp-content\/uploads\/2019\/10\/2143-Caviar-Oscietre-Reserve.jpg","type":"image\/jpeg"}],"twitter_card":"summary_large_image","twitter_misc":{"Geschatte leestijd":"1 minuut"},"schema":{"@context":"https:\/\/schema.org","@graph":[{"@type":"WebPage","@id":"https:\/\/caviar-de-neuvic.com\/p\/accueil\/caviar\/caviar-oscietre\/caviar-oscietre-reserve-2\/","url":"https:\/\/caviar-de-neuvic.com\/p\/accueil\/caviar\/caviar-oscietre\/caviar-oscietre-reserve-2\/","name":"Caviar Oscietre R\u00e9serve - Caviar de Neuvic","isPartOf":{"@id":"http:\/\/caviar-de-neuvic.com\/fr\/#website"},"primaryImageOfPage":{"@id":"https:\/\/caviar-de-neuvic.com\/p\/accueil\/caviar\/caviar-oscietre\/caviar-oscietre-reserve-2\/#primaryimage"},"image":{"@id":"https:\/\/caviar-de-neuvic.com\/p\/accueil\/caviar\/caviar-oscietre\/caviar-oscietre-reserve-2\/#primaryimage"},"thumbnailUrl":"https:\/\/caviar-de-neuvic.com\/wp-content\/uploads\/2019\/10\/2143-Caviar-Oscietre-Reserve.jpg","datePublished":"2019-10-21T08:30:28+00:00","dateModified":"2026-04-22T17:41:51+00:00","description":"Ce Caviar Osci\u00e8tre R\u00e9serve est issu de l'Acipenser Gueldenstaedtiii. Les plus beaux grains sont s\u00e9lectionn\u00e9s pour leur taille et leur longueur en bouche incomparable.","breadcrumb":{"@id":"https:\/\/caviar-de-neuvic.com\/p\/accueil\/caviar\/caviar-oscietre\/caviar-oscietre-reserve-2\/#breadcrumb"},"inLanguage":"nl-BE","potentialAction":[{"@type":"ReadAction","target":["https:\/\/caviar-de-neuvic.com\/p\/accueil\/caviar\/caviar-oscietre\/caviar-oscietre-reserve-2\/"]}]},{"@type":"ImageObject","inLanguage":"nl-BE","@id":"https:\/\/caviar-de-neuvic.com\/p\/accueil\/caviar\/caviar-oscietre\/caviar-oscietre-reserve-2\/#primaryimage","url":"https:\/\/caviar-de-neuvic.com\/wp-content\/uploads\/2019\/10\/2143-Caviar-Oscietre-Reserve.jpg","contentUrl":"https:\/\/caviar-de-neuvic.com\/wp-content\/uploads\/2019\/10\/2143-Caviar-Oscietre-Reserve.jpg","width":1100,"height":1422,"caption":"Caviar Osci\u00e8tre R\u00e9serve"},{"@type":"BreadcrumbList","@id":"https:\/\/caviar-de-neuvic.com\/p\/accueil\/caviar\/caviar-oscietre\/caviar-oscietre-reserve-2\/#breadcrumb","itemListElement":[{"@type":"ListItem","position":1,"name":"Caviar de Neuvic","item":"https:\/\/caviar-de-neuvic.com\/"},{"@type":"ListItem","position":2,"name":"Shop","item":"https:\/\/caviar-de-neuvic.com\/en\/shop\/"},{"@type":"ListItem","position":3,"name":"Caviar Osci\u00e8tre R\u00e9serve"}]},{"@type":"WebSite","@id":"http:\/\/caviar-de-neuvic.com\/fr\/#website","url":"http:\/\/caviar-de-neuvic.com\/fr\/","name":"Producteur Fran\u00e7ais De Caviar","description":"","publisher":{"@id":"http:\/\/caviar-de-neuvic.com\/fr\/#organization"},"potentialAction":[{"@type":"SearchAction","target":{"@type":"EntryPoint","urlTemplate":"http:\/\/caviar-de-neuvic.com\/fr\/?s={search_term_string}"},"query-input":{"@type":"PropertyValueSpecification","valueRequired":true,"valueName":"search_term_string"}}],"inLanguage":"nl-BE"},{"@type":"Organization","@id":"http:\/\/caviar-de-neuvic.com\/fr\/#organization","name":"Producteur Fran\u00e7ais De Caviar","url":"http:\/\/caviar-de-neuvic.com\/fr\/","logo":{"@type":"ImageObject","inLanguage":"nl-BE","@id":"http:\/\/caviar-de-neuvic.com\/fr\/#\/schema\/logo\/image\/","url":"","contentUrl":"","caption":"Producteur Fran\u00e7ais De Caviar"},"image":{"@id":"http:\/\/caviar-de-neuvic.com\/fr\/#\/schema\/logo\/image\/"}}]}},"_links":{"self":[{"href":"https:\/\/caviar-de-neuvic.com\/nl_be\/wp-json\/wp\/v2\/product\/1087","targetHints":{"allow":["GET"]}}],"collection":[{"href":"https:\/\/caviar-de-neuvic.com\/nl_be\/wp-json\/wp\/v2\/product"}],"about":[{"href":"https:\/\/caviar-de-neuvic.com\/nl_be\/wp-json\/wp\/v2\/types\/product"}],"version-history":[{"count":8,"href":"https:\/\/caviar-de-neuvic.com\/nl_be\/wp-json\/wp\/v2\/product\/1087\/revisions"}],"predecessor-version":[{"id":25481,"href":"https:\/\/caviar-de-neuvic.com\/nl_be\/wp-json\/wp\/v2\/product\/1087\/revisions\/25481"}],"wp:featuredmedia":[{"embeddable":true,"href":"https:\/\/caviar-de-neuvic.com\/nl_be\/wp-json\/wp\/v2\/media\/1084"}],"wp:attachment":[{"href":"https:\/\/caviar-de-neuvic.com\/nl_be\/wp-json\/wp\/v2\/media?parent=1087"}],"wp:term":[{"taxonomy":"product_brand","embeddable":true,"href":"https:\/\/caviar-de-neuvic.com\/nl_be\/wp-json\/wp\/v2\/product_brand?post=1087"},{"taxonomy":"product_cat","embeddable":true,"href":"https:\/\/caviar-de-neuvic.com\/nl_be\/wp-json\/wp\/v2\/product_cat?post=1087"},{"taxonomy":"product_tag","embeddable":true,"href":"https:\/\/caviar-de-neuvic.com\/nl_be\/wp-json\/wp\/v2\/product_tag?post=1087"}],"curies":[{"name":"wp","href":"https:\/\/api.w.org\/{rel}","templated":true}]}}