{"id":2062,"date":"2022-12-02T11:07:43","date_gmt":"2022-12-02T11:07:43","guid":{"rendered":"https:\/\/caviar-de-neuvic.com\/produits\/offre-exclusive-wiseed-oscietre-100g\/"},"modified":"2026-03-12T12:37:49","modified_gmt":"2026-03-12T11:37:49","slug":"offre-exclusive-wiseed-oscietre-100g","status":"publish","type":"product","link":"https:\/\/caviar-de-neuvic.com\/nl_be\/p\/accueil\/les-offres-speciales-wiseed\/offre-exclusive-wiseed-oscietre-100g\/","title":{"rendered":"Offre exclusive WiSEED Osci\u00e8tre 100g"},"content":{"rendered":"<div class=\"col-md-3 titre\">Serveertip<\/div>\n<div class=\"col-md-9\">\n<p>Het is beter om uw doosje kaviaar 5 minuten voor het serveren uit de koelkast te halen.\u00a0<a href=\"https:\/\/caviar-de-neuvic.com\/nl_be\/accessoires\/16-caviar-on-the-rocks.html\/\">Leg het op een bedje van ijs,<\/a> zodat het tijdens het proeven vers blijft.\u00a0<a href=\"https:\/\/caviar-de-neuvic.com\/nl_be\/accessoires\/30-cuillere-en-nacre.html\/\">Gebruik bij voorkeur een parelmoeren lepeltje,<\/a> zodat de korrels niet breken en er geen risico op oxidatie bestaat.<\/p>\n<\/div>\n<div class=\"col-md-3 titre\">Te combineren met<\/div>\n<div class=\"col-md-9\">\n<p>De puurheid en kracht van een mooie wodka vormen een interessant contrast met de boterachtige en rijke tonen van de kaviaar en versterken tegelijkertijd een niet zo onschuldige frisheid.<\/p>\n<\/div>\n<div class=\"col-md-3 titre\">Recette : comme un oeuf au plat<\/div>\n<div class=\"col-md-9\">\n<p>Chanterelles et caviar. Recette propos\u00e9e par Cook N\u2019Tinem \u2013 Chef \u00e0 domicile (Bordeaux)<\/p>\n<p><img decoding=\"async\" src=\"https:\/\/www.caviar-de-neuvic.com\/img\/cms\/recette.jpg\" alt=\"\" width=\"30\" height=\"38\" \/>\u00a0<a href=\"https:\/\/caviar-de-neuvic.com\/nl_be\/recettes\/Fiche-recette-comme-un-oeuf-au-plat.pdf\/\">T\u00e9l\u00e9charger la recette<\/a> (PDF)<\/p>\n<\/div>\n<div class=\"col-md-3 titre\">Voedingswaarden<\/div>\n<div class=\"col-md-9\">\n<table class=\"table table-bordered valeurs\" border=\"1\">\n<thead>\n<tr>\n<th colspan=\"4\">Per 100 g<\/th>\n<\/tr>\n<\/thead>\n<tbody>\n<tr>\n<td>Voedingswaarde (Kcal)<\/td>\n<td>242<\/td>\n<td>Vetten (g) waarvan verzadigde vetzuren (g)<\/td>\n<td>14,3 (3)<\/td>\n<\/tr>\n<tr>\n<td>Energiewaarde (kj)<\/td>\n<td>1012<\/td>\n<td>Koolhydraten (g) waarvan suikers (g)<\/td>\n<td>7,2 (0,1)<\/td>\n<\/tr>\n<tr>\n<td>Eiwitten (g)<\/td>\n<td>21,2<\/td>\n<td>Zout (g)<\/td>\n<td>2,93<\/td>\n<\/tr>\n<\/tbody>\n<\/table>\n<\/div>","protected":false},"excerpt":{"rendered":"<p>Caviar de Neuvic s&rsquo;associe \u00e0 WiSEED\u00a0pour une vente exclusive.<\/p>\n<p>Ce caviar est issu de l\u2019esturgeon Gueldenstaedtii vers l\u2019\u00e2ge de 12 ans. Il est \u00e9labor\u00e9 au Domaine \u00e0 Neuvic avec tout le savoir-faire et l\u2019engagement qualit\u00e9 propre \u00e0 Caviar de Neuvic. Les esturgeons qui nous donnent le Caviar de Neuvic sont tous \u00e9lev\u00e9s dans les meilleures conditions. Une eau de qualit\u00e9 et renouvel\u00e9e, une alimentation Bio, une faible densit\u00e9 et peu de manipulations.<\/p>\n<h2>Un caviar\u00a0embl\u00e9matique<\/h2>\n<p>De osci\u00e8tre-steur is een bekende soort als het om kaviaar gaat. De smaak is krachtig en gestructureerd, waardoor hij door iedereen, zelfs door de meest ervaren fijnproevers, gewaardeerd wordt.<\/p>\n<p><strong>De edele en lichte parelmoeren<\/strong> sont comprises dans l&rsquo;offre pour appr\u00e9cier pleinement la finesse et la d\u00e9licatesse du caviar.<\/p>\n<p>Cette offre contient :<\/p>\n<ul>\n<li>1 bo\u00eete de 100g de Caviar\u00a0Osci\u00e8tre Signature<\/li>\n<li>2 cuill\u00e8res en nacre 9 cm<\/li>\n<\/ul>\n<p>Prix public :\u00a0292 \u20ac<\/p>\n<p><span style=\"text-decoration: underline;\">Les frais de port sont offerts.<\/span><\/p>\n<p>Cette offre est disponible uniquement pour les livraisons en France M\u00e9tropolitaine.<\/p>\n<p><strong>Commandez \u00e9galement par t\u00e9l\u00e9phone au 05 53 80 89 57<\/strong><\/p>","protected":false},"featured_media":2057,"template":"","meta":{"_acf_changed":false,"ocean_post_layout":"","ocean_both_sidebars_style":"","ocean_both_sidebars_content_width":0,"ocean_both_sidebars_sidebars_width":0,"ocean_sidebar":"0","ocean_second_sidebar":"0","ocean_disable_margins":"enable","ocean_add_body_class":"","ocean_shortcode_before_top_bar":"","ocean_shortcode_after_top_bar":"","ocean_shortcode_before_header":"","ocean_shortcode_after_header":"","ocean_has_shortcode":"","ocean_shortcode_after_title":"","ocean_shortcode_before_footer_widgets":"","ocean_shortcode_after_footer_widgets":"","ocean_shortcode_before_footer_bottom":"","ocean_shortcode_after_footer_bottom":"","ocean_display_top_bar":"default","ocean_display_header":"default","ocean_header_style":"","ocean_center_header_left_menu":"0","ocean_custom_header_template":"0","ocean_custom_logo":0,"ocean_custom_retina_logo":0,"ocean_custom_logo_max_width":0,"ocean_custom_logo_tablet_max_width":0,"ocean_custom_logo_mobile_max_width":0,"ocean_custom_logo_max_height":0,"ocean_custom_logo_tablet_max_height":0,"ocean_custom_logo_mobile_max_height":0,"ocean_header_custom_menu":"0","ocean_menu_typo_font_family":"0","ocean_menu_typo_font_subset":"","ocean_menu_typo_font_size":0,"ocean_menu_typo_font_size_tablet":0,"ocean_menu_typo_font_size_mobile":0,"ocean_menu_typo_font_size_unit":"px","ocean_menu_typo_font_weight":"","ocean_menu_typo_font_weight_tablet":"","ocean_menu_typo_font_weight_mobile":"","ocean_menu_typo_transform":"","ocean_menu_typo_transform_tablet":"","ocean_menu_typo_transform_mobile":"","ocean_menu_typo_line_height":0,"ocean_menu_typo_line_height_tablet":0,"ocean_menu_typo_line_height_mobile":0,"ocean_menu_typo_line_height_unit":"","ocean_menu_typo_spacing":0,"ocean_menu_typo_spacing_tablet":0,"ocean_menu_typo_spacing_mobile":0,"ocean_menu_typo_spacing_unit":"","ocean_menu_link_color":"","ocean_menu_link_color_hover":"","ocean_menu_link_color_active":"","ocean_menu_link_background":"","ocean_menu_link_hover_background":"","ocean_menu_link_active_background":"","ocean_menu_social_links_bg":"","ocean_menu_social_hover_links_bg":"","ocean_menu_social_links_color":"","ocean_menu_social_hover_links_color":"","ocean_disable_title":"default","ocean_disable_heading":"default","ocean_post_title":"","ocean_post_subheading":"","ocean_post_title_style":"","ocean_post_title_background_color":"","ocean_post_title_background":0,"ocean_post_title_bg_image_position":"","ocean_post_title_bg_image_attachment":"","ocean_post_title_bg_image_repeat":"","ocean_post_title_bg_image_size":"","ocean_post_title_height":0,"ocean_post_title_bg_overlay":0.5,"ocean_post_title_bg_overlay_color":"","ocean_disable_breadcrumbs":"default","ocean_breadcrumbs_color":"","ocean_breadcrumbs_separator_color":"","ocean_breadcrumbs_links_color":"","ocean_breadcrumbs_links_hover_color":"","ocean_display_footer_widgets":"default","ocean_display_footer_bottom":"default","ocean_custom_footer_template":"0","omw_enable_modal_window":"enable"},"product_brand":[],"product_cat":[33],"product_tag":[],"class_list":{"0":"post-2062","1":"product","2":"type-product","3":"status-publish","4":"has-post-thumbnail","6":"product_cat-les-offres-speciales-wiseed","7":"pa_conservation-bb-aurefrigerateurentre0et4c","8":"pa_packdeproduits-oui","10":"entry","11":"has-media","13":"first","14":"outofstock","15":"sale","16":"taxable","17":"shipping-taxable","18":"purchasable","19":"product-type-simple","20":"col","21":"span_1_of_3","22":"owp-content-center","23":"item-entry","24":"owp-thumbs-layout-vertical","25":"owp-btn-normal","26":"owp-tabs-layout-horizontal"},"acf":[],"yoast_head":"<!-- This site is optimized with the Yoast SEO plugin v27.4 - https:\/\/yoast.com\/product\/yoast-seo-wordpress\/ -->\n<title>Offre exclusive WiSEED Osci\u00e8tre 100g - Caviar de Neuvic<\/title>\n<meta name=\"description\" content=\"noindex\" \/>\n<meta name=\"robots\" content=\"noindex, nofollow\" \/>\n<meta property=\"og:locale\" content=\"nl_BE\" \/>\n<meta property=\"og:type\" content=\"article\" \/>\n<meta property=\"og:title\" content=\"Offre exclusive WiSEED Osci\u00e8tre 100g - Caviar de Neuvic\" \/>\n<meta property=\"og:description\" content=\"noindex\" \/>\n<meta property=\"og:url\" content=\"https:\/\/caviar-de-neuvic.com\/nl_be\/p\/accueil\/les-offres-speciales-wiseed\/offre-exclusive-wiseed-oscietre-100g\/\" \/>\n<meta property=\"og:site_name\" content=\"Producteur Fran\u00e7ais De Caviar\" \/>\n<meta property=\"article:modified_time\" content=\"2026-03-12T11:37:49+00:00\" \/>\n<meta property=\"og:image\" content=\"https:\/\/caviar-de-neuvic.com\/wp-content\/uploads\/2022\/12\/2449-Offre-exclusive-WiSEED-Oscietre-100g.jpg\" \/>\n\t<meta property=\"og:image:width\" content=\"1100\" \/>\n\t<meta property=\"og:image:height\" content=\"1422\" \/>\n\t<meta property=\"og:image:type\" content=\"image\/jpeg\" \/>\n<meta name=\"twitter:card\" content=\"summary_large_image\" \/>\n<meta name=\"twitter:label1\" content=\"Geschatte leestijd\" \/>\n\t<meta name=\"twitter:data1\" content=\"2 minuten\" \/>\n<script type=\"application\/ld+json\" class=\"yoast-schema-graph\">{\"@context\":\"https:\\\/\\\/schema.org\",\"@graph\":[{\"@type\":\"WebPage\",\"@id\":\"https:\\\/\\\/caviar-de-neuvic.com\\\/p\\\/accueil\\\/les-offres-speciales-wiseed\\\/offre-exclusive-wiseed-oscietre-100g\\\/\",\"url\":\"https:\\\/\\\/caviar-de-neuvic.com\\\/p\\\/accueil\\\/les-offres-speciales-wiseed\\\/offre-exclusive-wiseed-oscietre-100g\\\/\",\"name\":\"Offre exclusive WiSEED Osci\u00e8tre 100g - Caviar de Neuvic\",\"isPartOf\":{\"@id\":\"http:\\\/\\\/caviar-de-neuvic.com\\\/fr\\\/#website\"},\"primaryImageOfPage\":{\"@id\":\"https:\\\/\\\/caviar-de-neuvic.com\\\/p\\\/accueil\\\/les-offres-speciales-wiseed\\\/offre-exclusive-wiseed-oscietre-100g\\\/#primaryimage\"},\"image\":{\"@id\":\"https:\\\/\\\/caviar-de-neuvic.com\\\/p\\\/accueil\\\/les-offres-speciales-wiseed\\\/offre-exclusive-wiseed-oscietre-100g\\\/#primaryimage\"},\"thumbnailUrl\":\"https:\\\/\\\/caviar-de-neuvic.com\\\/wp-content\\\/uploads\\\/2022\\\/12\\\/2449-Offre-exclusive-WiSEED-Oscietre-100g.jpg\",\"datePublished\":\"2022-12-02T11:07:43+00:00\",\"dateModified\":\"2026-03-12T11:37:49+00:00\",\"description\":\"noindex\",\"breadcrumb\":{\"@id\":\"https:\\\/\\\/caviar-de-neuvic.com\\\/p\\\/accueil\\\/les-offres-speciales-wiseed\\\/offre-exclusive-wiseed-oscietre-100g\\\/#breadcrumb\"},\"inLanguage\":\"nl-BE\",\"potentialAction\":[{\"@type\":\"ReadAction\",\"target\":[\"https:\\\/\\\/caviar-de-neuvic.com\\\/p\\\/accueil\\\/les-offres-speciales-wiseed\\\/offre-exclusive-wiseed-oscietre-100g\\\/\"]}]},{\"@type\":\"ImageObject\",\"inLanguage\":\"nl-BE\",\"@id\":\"https:\\\/\\\/caviar-de-neuvic.com\\\/p\\\/accueil\\\/les-offres-speciales-wiseed\\\/offre-exclusive-wiseed-oscietre-100g\\\/#primaryimage\",\"url\":\"https:\\\/\\\/caviar-de-neuvic.com\\\/wp-content\\\/uploads\\\/2022\\\/12\\\/2449-Offre-exclusive-WiSEED-Oscietre-100g.jpg\",\"contentUrl\":\"https:\\\/\\\/caviar-de-neuvic.com\\\/wp-content\\\/uploads\\\/2022\\\/12\\\/2449-Offre-exclusive-WiSEED-Oscietre-100g.jpg\",\"width\":1100,\"height\":1422,\"caption\":\"Offre exclusive WiSEED Osci\u00e8tre 100g\"},{\"@type\":\"BreadcrumbList\",\"@id\":\"https:\\\/\\\/caviar-de-neuvic.com\\\/p\\\/accueil\\\/les-offres-speciales-wiseed\\\/offre-exclusive-wiseed-oscietre-100g\\\/#breadcrumb\",\"itemListElement\":[{\"@type\":\"ListItem\",\"position\":1,\"name\":\"Caviar de Neuvic\",\"item\":\"https:\\\/\\\/caviar-de-neuvic.com\\\/\"},{\"@type\":\"ListItem\",\"position\":2,\"name\":\"Shop\",\"item\":\"https:\\\/\\\/caviar-de-neuvic.com\\\/en\\\/shop\\\/\"},{\"@type\":\"ListItem\",\"position\":3,\"name\":\"Offre exclusive WiSEED Osci\u00e8tre 100g\"}]},{\"@type\":\"WebSite\",\"@id\":\"http:\\\/\\\/caviar-de-neuvic.com\\\/fr\\\/#website\",\"url\":\"http:\\\/\\\/caviar-de-neuvic.com\\\/fr\\\/\",\"name\":\"Producteur Fran\u00e7ais De Caviar\",\"description\":\"\",\"publisher\":{\"@id\":\"http:\\\/\\\/caviar-de-neuvic.com\\\/fr\\\/#organization\"},\"potentialAction\":[{\"@type\":\"SearchAction\",\"target\":{\"@type\":\"EntryPoint\",\"urlTemplate\":\"http:\\\/\\\/caviar-de-neuvic.com\\\/fr\\\/?s={search_term_string}\"},\"query-input\":{\"@type\":\"PropertyValueSpecification\",\"valueRequired\":true,\"valueName\":\"search_term_string\"}}],\"inLanguage\":\"nl-BE\"},{\"@type\":\"Organization\",\"@id\":\"http:\\\/\\\/caviar-de-neuvic.com\\\/fr\\\/#organization\",\"name\":\"Producteur Fran\u00e7ais De Caviar\",\"url\":\"http:\\\/\\\/caviar-de-neuvic.com\\\/fr\\\/\",\"logo\":{\"@type\":\"ImageObject\",\"inLanguage\":\"nl-BE\",\"@id\":\"http:\\\/\\\/caviar-de-neuvic.com\\\/fr\\\/#\\\/schema\\\/logo\\\/image\\\/\",\"url\":\"\",\"contentUrl\":\"\",\"caption\":\"Producteur Fran\u00e7ais De Caviar\"},\"image\":{\"@id\":\"http:\\\/\\\/caviar-de-neuvic.com\\\/fr\\\/#\\\/schema\\\/logo\\\/image\\\/\"}}]}<\/script>\n<!-- \/ Yoast SEO plugin. -->","yoast_head_json":{"title":"Offre exclusive WiSEED Osci\u00e8tre 100g - Caviar de Neuvic","description":"noindex","robots":{"index":"noindex","follow":"nofollow"},"og_locale":"nl_BE","og_type":"article","og_title":"Offre exclusive WiSEED Osci\u00e8tre 100g - Caviar de Neuvic","og_description":"noindex","og_url":"https:\/\/caviar-de-neuvic.com\/nl_be\/p\/accueil\/les-offres-speciales-wiseed\/offre-exclusive-wiseed-oscietre-100g\/","og_site_name":"Producteur Fran\u00e7ais De Caviar","article_modified_time":"2026-03-12T11:37:49+00:00","og_image":[{"width":1100,"height":1422,"url":"https:\/\/caviar-de-neuvic.com\/wp-content\/uploads\/2022\/12\/2449-Offre-exclusive-WiSEED-Oscietre-100g.jpg","type":"image\/jpeg"}],"twitter_card":"summary_large_image","twitter_misc":{"Geschatte leestijd":"2 minuten"},"schema":{"@context":"https:\/\/schema.org","@graph":[{"@type":"WebPage","@id":"https:\/\/caviar-de-neuvic.com\/p\/accueil\/les-offres-speciales-wiseed\/offre-exclusive-wiseed-oscietre-100g\/","url":"https:\/\/caviar-de-neuvic.com\/p\/accueil\/les-offres-speciales-wiseed\/offre-exclusive-wiseed-oscietre-100g\/","name":"Offre exclusive WiSEED Osci\u00e8tre 100g - Caviar de Neuvic","isPartOf":{"@id":"http:\/\/caviar-de-neuvic.com\/fr\/#website"},"primaryImageOfPage":{"@id":"https:\/\/caviar-de-neuvic.com\/p\/accueil\/les-offres-speciales-wiseed\/offre-exclusive-wiseed-oscietre-100g\/#primaryimage"},"image":{"@id":"https:\/\/caviar-de-neuvic.com\/p\/accueil\/les-offres-speciales-wiseed\/offre-exclusive-wiseed-oscietre-100g\/#primaryimage"},"thumbnailUrl":"https:\/\/caviar-de-neuvic.com\/wp-content\/uploads\/2022\/12\/2449-Offre-exclusive-WiSEED-Oscietre-100g.jpg","datePublished":"2022-12-02T11:07:43+00:00","dateModified":"2026-03-12T11:37:49+00:00","description":"noindex","breadcrumb":{"@id":"https:\/\/caviar-de-neuvic.com\/p\/accueil\/les-offres-speciales-wiseed\/offre-exclusive-wiseed-oscietre-100g\/#breadcrumb"},"inLanguage":"nl-BE","potentialAction":[{"@type":"ReadAction","target":["https:\/\/caviar-de-neuvic.com\/p\/accueil\/les-offres-speciales-wiseed\/offre-exclusive-wiseed-oscietre-100g\/"]}]},{"@type":"ImageObject","inLanguage":"nl-BE","@id":"https:\/\/caviar-de-neuvic.com\/p\/accueil\/les-offres-speciales-wiseed\/offre-exclusive-wiseed-oscietre-100g\/#primaryimage","url":"https:\/\/caviar-de-neuvic.com\/wp-content\/uploads\/2022\/12\/2449-Offre-exclusive-WiSEED-Oscietre-100g.jpg","contentUrl":"https:\/\/caviar-de-neuvic.com\/wp-content\/uploads\/2022\/12\/2449-Offre-exclusive-WiSEED-Oscietre-100g.jpg","width":1100,"height":1422,"caption":"Offre exclusive WiSEED Osci\u00e8tre 100g"},{"@type":"BreadcrumbList","@id":"https:\/\/caviar-de-neuvic.com\/p\/accueil\/les-offres-speciales-wiseed\/offre-exclusive-wiseed-oscietre-100g\/#breadcrumb","itemListElement":[{"@type":"ListItem","position":1,"name":"Caviar de Neuvic","item":"https:\/\/caviar-de-neuvic.com\/"},{"@type":"ListItem","position":2,"name":"Shop","item":"https:\/\/caviar-de-neuvic.com\/en\/shop\/"},{"@type":"ListItem","position":3,"name":"Offre exclusive WiSEED Osci\u00e8tre 100g"}]},{"@type":"WebSite","@id":"http:\/\/caviar-de-neuvic.com\/fr\/#website","url":"http:\/\/caviar-de-neuvic.com\/fr\/","name":"Producteur Fran\u00e7ais De Caviar","description":"","publisher":{"@id":"http:\/\/caviar-de-neuvic.com\/fr\/#organization"},"potentialAction":[{"@type":"SearchAction","target":{"@type":"EntryPoint","urlTemplate":"http:\/\/caviar-de-neuvic.com\/fr\/?s={search_term_string}"},"query-input":{"@type":"PropertyValueSpecification","valueRequired":true,"valueName":"search_term_string"}}],"inLanguage":"nl-BE"},{"@type":"Organization","@id":"http:\/\/caviar-de-neuvic.com\/fr\/#organization","name":"Producteur Fran\u00e7ais De Caviar","url":"http:\/\/caviar-de-neuvic.com\/fr\/","logo":{"@type":"ImageObject","inLanguage":"nl-BE","@id":"http:\/\/caviar-de-neuvic.com\/fr\/#\/schema\/logo\/image\/","url":"","contentUrl":"","caption":"Producteur Fran\u00e7ais De Caviar"},"image":{"@id":"http:\/\/caviar-de-neuvic.com\/fr\/#\/schema\/logo\/image\/"}}]}},"_links":{"self":[{"href":"https:\/\/caviar-de-neuvic.com\/nl_be\/wp-json\/wp\/v2\/product\/2062","targetHints":{"allow":["GET"]}}],"collection":[{"href":"https:\/\/caviar-de-neuvic.com\/nl_be\/wp-json\/wp\/v2\/product"}],"about":[{"href":"https:\/\/caviar-de-neuvic.com\/nl_be\/wp-json\/wp\/v2\/types\/product"}],"version-history":[{"count":2,"href":"https:\/\/caviar-de-neuvic.com\/nl_be\/wp-json\/wp\/v2\/product\/2062\/revisions"}],"predecessor-version":[{"id":30029,"href":"https:\/\/caviar-de-neuvic.com\/nl_be\/wp-json\/wp\/v2\/product\/2062\/revisions\/30029"}],"wp:featuredmedia":[{"embeddable":true,"href":"https:\/\/caviar-de-neuvic.com\/nl_be\/wp-json\/wp\/v2\/media\/2057"}],"wp:attachment":[{"href":"https:\/\/caviar-de-neuvic.com\/nl_be\/wp-json\/wp\/v2\/media?parent=2062"}],"wp:term":[{"taxonomy":"product_brand","embeddable":true,"href":"https:\/\/caviar-de-neuvic.com\/nl_be\/wp-json\/wp\/v2\/product_brand?post=2062"},{"taxonomy":"product_cat","embeddable":true,"href":"https:\/\/caviar-de-neuvic.com\/nl_be\/wp-json\/wp\/v2\/product_cat?post=2062"},{"taxonomy":"product_tag","embeddable":true,"href":"https:\/\/caviar-de-neuvic.com\/nl_be\/wp-json\/wp\/v2\/product_tag?post=2062"}],"curies":[{"name":"wp","href":"https:\/\/api.w.org\/{rel}","templated":true}]}}