{"id":2274,"date":"2024-07-21T20:03:38","date_gmt":"2024-07-21T20:03:38","guid":{"rendered":"https:\/\/caviar-de-neuvic.com\/produits\/degustation-masterclass-a-paris\/"},"modified":"2026-03-22T17:52:35","modified_gmt":"2026-03-22T16:52:35","slug":"degustation-masterclass-a-paris","status":"publish","type":"product","link":"https:\/\/caviar-de-neuvic.com\/nl_be\/p\/accueil\/degustations-a-paris\/degustation-masterclass-a-paris\/","title":{"rendered":"D\u00e9gustation Masterclass \u00e0 Paris"},"content":{"rendered":"","protected":false},"excerpt":{"rendered":"<p>Au coeur du 6\u00e8me arrondissement de Paris, le comptoir Caviar de Neuvic vous ouvre ses portes pour vous faire d\u00e9couvrir\u00a0le\u00a0savoir-faire d&rsquo;un producteur fran\u00e7ais de caviar. Au cours d&rsquo;une d\u00e9gustation comment\u00e9e, nous vous d\u00e9voilerons la passion qui nous anime quand nous\u00a0\u00e9levons\u00a0les esturgeons et \u00e9laborons le caviar. Pas \u00e0 pas. nous vous expliquerons comment nos m\u00e9thodes d&rsquo;\u00e9levage modernes respectent le poisson et la nature, puis comment nous fabriquons le fameux caviar.<\/p>\n<h2>D\u00e9gustation de caviar comment\u00e9e<\/h2>\n<p>Cette d\u00e9gustation d\u00e9couverte est compos\u00e9e de :<\/p>\n<ul style=\"list-style-type: circle;\">\n<li>1 toast de Beurre de Caviar<\/li>\n<li>1 toast de Rillettes d&rsquo;esturgeon<\/li>\n<li>4 degustations de caviars<\/li>\n<li>1 coupe de Champagne *<\/li>\n<li>1 verre de vodka Neuvik *<\/li>\n<\/ul>\n<p>Suite \u00e0 votre commande, notre manager boutique prendra contact avec vous pour fixer une date de d\u00e9gustation.<\/p>\n<p>Dur\u00e9e : 1 heure<\/p>\n<p>*L&rsquo;abus d&rsquo;alcool est dangereux pour la sant\u00e9. A consommer avec mod\u00e9ration.<\/p>","protected":false},"featured_media":2273,"template":"","meta":{"_acf_changed":false,"ocean_post_layout":"","ocean_both_sidebars_style":"","ocean_both_sidebars_content_width":0,"ocean_both_sidebars_sidebars_width":0,"ocean_sidebar":"0","ocean_second_sidebar":"0","ocean_disable_margins":"enable","ocean_add_body_class":"","ocean_shortcode_before_top_bar":"","ocean_shortcode_after_top_bar":"","ocean_shortcode_before_header":"","ocean_shortcode_after_header":"","ocean_has_shortcode":"","ocean_shortcode_after_title":"","ocean_shortcode_before_footer_widgets":"","ocean_shortcode_after_footer_widgets":"","ocean_shortcode_before_footer_bottom":"","ocean_shortcode_after_footer_bottom":"","ocean_display_top_bar":"default","ocean_display_header":"default","ocean_header_style":"","ocean_center_header_left_menu":"0","ocean_custom_header_template":"0","ocean_custom_logo":0,"ocean_custom_retina_logo":0,"ocean_custom_logo_max_width":0,"ocean_custom_logo_tablet_max_width":0,"ocean_custom_logo_mobile_max_width":0,"ocean_custom_logo_max_height":0,"ocean_custom_logo_tablet_max_height":0,"ocean_custom_logo_mobile_max_height":0,"ocean_header_custom_menu":"0","ocean_menu_typo_font_family":"0","ocean_menu_typo_font_subset":"","ocean_menu_typo_font_size":0,"ocean_menu_typo_font_size_tablet":0,"ocean_menu_typo_font_size_mobile":0,"ocean_menu_typo_font_size_unit":"px","ocean_menu_typo_font_weight":"","ocean_menu_typo_font_weight_tablet":"","ocean_menu_typo_font_weight_mobile":"","ocean_menu_typo_transform":"","ocean_menu_typo_transform_tablet":"","ocean_menu_typo_transform_mobile":"","ocean_menu_typo_line_height":0,"ocean_menu_typo_line_height_tablet":0,"ocean_menu_typo_line_height_mobile":0,"ocean_menu_typo_line_height_unit":"","ocean_menu_typo_spacing":0,"ocean_menu_typo_spacing_tablet":0,"ocean_menu_typo_spacing_mobile":0,"ocean_menu_typo_spacing_unit":"","ocean_menu_link_color":"","ocean_menu_link_color_hover":"","ocean_menu_link_color_active":"","ocean_menu_link_background":"","ocean_menu_link_hover_background":"","ocean_menu_link_active_background":"","ocean_menu_social_links_bg":"","ocean_menu_social_hover_links_bg":"","ocean_menu_social_links_color":"","ocean_menu_social_hover_links_color":"","ocean_disable_title":"default","ocean_disable_heading":"default","ocean_post_title":"","ocean_post_subheading":"","ocean_post_title_style":"","ocean_post_title_background_color":"","ocean_post_title_background":0,"ocean_post_title_bg_image_position":"","ocean_post_title_bg_image_attachment":"","ocean_post_title_bg_image_repeat":"","ocean_post_title_bg_image_size":"","ocean_post_title_height":0,"ocean_post_title_bg_overlay":0.5,"ocean_post_title_bg_overlay_color":"","ocean_disable_breadcrumbs":"default","ocean_breadcrumbs_color":"","ocean_breadcrumbs_separator_color":"","ocean_breadcrumbs_links_color":"","ocean_breadcrumbs_links_hover_color":"","ocean_display_footer_widgets":"default","ocean_display_footer_bottom":"default","ocean_custom_footer_template":"0","omw_enable_modal_window":"enable"},"product_brand":[],"product_cat":[39],"product_tag":[],"class_list":{"0":"post-2274","1":"product","2":"type-product","3":"status-publish","4":"has-post-thumbnail","6":"product_cat-degustations-a-paris","8":"entry","9":"has-media","11":"first","12":"outofstock","13":"taxable","14":"shipping-taxable","15":"purchasable","16":"product-type-simple","17":"col","18":"span_1_of_3","19":"owp-content-center","20":"item-entry","21":"owp-thumbs-layout-vertical","22":"owp-btn-normal","23":"owp-tabs-layout-horizontal"},"acf":[],"yoast_head":"<!-- This site is optimized with the Yoast SEO plugin v27.4 - https:\/\/yoast.com\/product\/yoast-seo-wordpress\/ -->\n<title>D\u00e9gustation Masterclass \u00e0 Paris - Caviar de Neuvic<\/title>\n<meta name=\"description\" content=\"Au coeur du 6\u00e8me arrondissement de Paris, le comptoir Caviar de Neuvic vous ouvre ses portes pour vous faire d\u00e9couvrir le savoir-faire d&#039;un producteur fran\u00e7ais de caviar au cours d&#039;une d\u00e9gustation masterclass\" \/>\n<meta name=\"robots\" content=\"index, follow, max-snippet:-1, max-image-preview:large, max-video-preview:-1\" \/>\n<link rel=\"canonical\" href=\"https:\/\/caviar-de-neuvic.com\/nl_be\/p\/accueil\/degustations-a-paris\/degustation-masterclass-a-paris\/\" \/>\n<meta property=\"og:locale\" content=\"nl_BE\" \/>\n<meta property=\"og:type\" content=\"article\" \/>\n<meta property=\"og:title\" content=\"D\u00e9gustation Masterclass \u00e0 Paris - Caviar de Neuvic\" \/>\n<meta property=\"og:description\" content=\"Au coeur du 6\u00e8me arrondissement de Paris, le comptoir Caviar de Neuvic vous ouvre ses portes pour vous faire d\u00e9couvrir le savoir-faire d&#039;un producteur fran\u00e7ais de caviar au cours d&#039;une d\u00e9gustation masterclass\" \/>\n<meta property=\"og:url\" content=\"https:\/\/caviar-de-neuvic.com\/nl_be\/p\/accueil\/degustations-a-paris\/degustation-masterclass-a-paris\/\" \/>\n<meta property=\"og:site_name\" content=\"Producteur Fran\u00e7ais De Caviar\" \/>\n<meta property=\"article:modified_time\" content=\"2026-03-22T16:52:35+00:00\" \/>\n<meta property=\"og:image\" content=\"https:\/\/caviar-de-neuvic.com\/wp-content\/uploads\/2024\/07\/2727-Degustation-Masterclass-a-Paris.jpg\" \/>\n\t<meta property=\"og:image:width\" content=\"500\" \/>\n\t<meta property=\"og:image:height\" content=\"500\" \/>\n\t<meta property=\"og:image:type\" content=\"image\/jpeg\" \/>\n<meta name=\"twitter:card\" content=\"summary_large_image\" \/>\n<meta name=\"twitter:label1\" content=\"Geschatte leestijd\" \/>\n\t<meta name=\"twitter:data1\" content=\"1 minuut\" \/>\n<script type=\"application\/ld+json\" class=\"yoast-schema-graph\">{\"@context\":\"https:\\\/\\\/schema.org\",\"@graph\":[{\"@type\":\"WebPage\",\"@id\":\"https:\\\/\\\/caviar-de-neuvic.com\\\/p\\\/accueil\\\/degustations-a-paris\\\/degustation-masterclass-a-paris\\\/\",\"url\":\"https:\\\/\\\/caviar-de-neuvic.com\\\/p\\\/accueil\\\/degustations-a-paris\\\/degustation-masterclass-a-paris\\\/\",\"name\":\"D\u00e9gustation Masterclass \u00e0 Paris - Caviar de Neuvic\",\"isPartOf\":{\"@id\":\"http:\\\/\\\/caviar-de-neuvic.com\\\/fr\\\/#website\"},\"primaryImageOfPage\":{\"@id\":\"https:\\\/\\\/caviar-de-neuvic.com\\\/p\\\/accueil\\\/degustations-a-paris\\\/degustation-masterclass-a-paris\\\/#primaryimage\"},\"image\":{\"@id\":\"https:\\\/\\\/caviar-de-neuvic.com\\\/p\\\/accueil\\\/degustations-a-paris\\\/degustation-masterclass-a-paris\\\/#primaryimage\"},\"thumbnailUrl\":\"https:\\\/\\\/caviar-de-neuvic.com\\\/wp-content\\\/uploads\\\/2024\\\/07\\\/2727-Degustation-Masterclass-a-Paris.jpg\",\"datePublished\":\"2024-07-21T20:03:38+00:00\",\"dateModified\":\"2026-03-22T16:52:35+00:00\",\"description\":\"Au coeur du 6\u00e8me arrondissement de Paris, le comptoir Caviar de Neuvic vous ouvre ses portes pour vous faire d\u00e9couvrir le savoir-faire d'un producteur fran\u00e7ais de caviar au cours d'une d\u00e9gustation masterclass\",\"breadcrumb\":{\"@id\":\"https:\\\/\\\/caviar-de-neuvic.com\\\/p\\\/accueil\\\/degustations-a-paris\\\/degustation-masterclass-a-paris\\\/#breadcrumb\"},\"inLanguage\":\"nl-BE\",\"potentialAction\":[{\"@type\":\"ReadAction\",\"target\":[\"https:\\\/\\\/caviar-de-neuvic.com\\\/p\\\/accueil\\\/degustations-a-paris\\\/degustation-masterclass-a-paris\\\/\"]}]},{\"@type\":\"ImageObject\",\"inLanguage\":\"nl-BE\",\"@id\":\"https:\\\/\\\/caviar-de-neuvic.com\\\/p\\\/accueil\\\/degustations-a-paris\\\/degustation-masterclass-a-paris\\\/#primaryimage\",\"url\":\"https:\\\/\\\/caviar-de-neuvic.com\\\/wp-content\\\/uploads\\\/2024\\\/07\\\/2727-Degustation-Masterclass-a-Paris.jpg\",\"contentUrl\":\"https:\\\/\\\/caviar-de-neuvic.com\\\/wp-content\\\/uploads\\\/2024\\\/07\\\/2727-Degustation-Masterclass-a-Paris.jpg\",\"width\":500,\"height\":500,\"caption\":\"D\u00e9gustation Masterclass \u00e0 Paris\"},{\"@type\":\"BreadcrumbList\",\"@id\":\"https:\\\/\\\/caviar-de-neuvic.com\\\/p\\\/accueil\\\/degustations-a-paris\\\/degustation-masterclass-a-paris\\\/#breadcrumb\",\"itemListElement\":[{\"@type\":\"ListItem\",\"position\":1,\"name\":\"Caviar de Neuvic\",\"item\":\"https:\\\/\\\/caviar-de-neuvic.com\\\/\"},{\"@type\":\"ListItem\",\"position\":2,\"name\":\"Shop\",\"item\":\"https:\\\/\\\/caviar-de-neuvic.com\\\/en\\\/shop\\\/\"},{\"@type\":\"ListItem\",\"position\":3,\"name\":\"D\u00e9gustation Masterclass \u00e0 Paris\"}]},{\"@type\":\"WebSite\",\"@id\":\"http:\\\/\\\/caviar-de-neuvic.com\\\/fr\\\/#website\",\"url\":\"http:\\\/\\\/caviar-de-neuvic.com\\\/fr\\\/\",\"name\":\"Producteur Fran\u00e7ais De Caviar\",\"description\":\"\",\"publisher\":{\"@id\":\"http:\\\/\\\/caviar-de-neuvic.com\\\/fr\\\/#organization\"},\"potentialAction\":[{\"@type\":\"SearchAction\",\"target\":{\"@type\":\"EntryPoint\",\"urlTemplate\":\"http:\\\/\\\/caviar-de-neuvic.com\\\/fr\\\/?s={search_term_string}\"},\"query-input\":{\"@type\":\"PropertyValueSpecification\",\"valueRequired\":true,\"valueName\":\"search_term_string\"}}],\"inLanguage\":\"nl-BE\"},{\"@type\":\"Organization\",\"@id\":\"http:\\\/\\\/caviar-de-neuvic.com\\\/fr\\\/#organization\",\"name\":\"Producteur Fran\u00e7ais De Caviar\",\"url\":\"http:\\\/\\\/caviar-de-neuvic.com\\\/fr\\\/\",\"logo\":{\"@type\":\"ImageObject\",\"inLanguage\":\"nl-BE\",\"@id\":\"http:\\\/\\\/caviar-de-neuvic.com\\\/fr\\\/#\\\/schema\\\/logo\\\/image\\\/\",\"url\":\"\",\"contentUrl\":\"\",\"caption\":\"Producteur Fran\u00e7ais De Caviar\"},\"image\":{\"@id\":\"http:\\\/\\\/caviar-de-neuvic.com\\\/fr\\\/#\\\/schema\\\/logo\\\/image\\\/\"}}]}<\/script>\n<!-- \/ Yoast SEO plugin. -->","yoast_head_json":{"title":"D\u00e9gustation Masterclass \u00e0 Paris - Caviar de Neuvic","description":"Au coeur du 6\u00e8me arrondissement de Paris, le comptoir Caviar de Neuvic vous ouvre ses portes pour vous faire d\u00e9couvrir le savoir-faire d'un producteur fran\u00e7ais de caviar au cours d'une d\u00e9gustation masterclass","robots":{"index":"index","follow":"follow","max-snippet":"max-snippet:-1","max-image-preview":"max-image-preview:large","max-video-preview":"max-video-preview:-1"},"canonical":"https:\/\/caviar-de-neuvic.com\/nl_be\/p\/accueil\/degustations-a-paris\/degustation-masterclass-a-paris\/","og_locale":"nl_BE","og_type":"article","og_title":"D\u00e9gustation Masterclass \u00e0 Paris - Caviar de Neuvic","og_description":"Au coeur du 6\u00e8me arrondissement de Paris, le comptoir Caviar de Neuvic vous ouvre ses portes pour vous faire d\u00e9couvrir le savoir-faire d'un producteur fran\u00e7ais de caviar au cours d'une d\u00e9gustation masterclass","og_url":"https:\/\/caviar-de-neuvic.com\/nl_be\/p\/accueil\/degustations-a-paris\/degustation-masterclass-a-paris\/","og_site_name":"Producteur Fran\u00e7ais De Caviar","article_modified_time":"2026-03-22T16:52:35+00:00","og_image":[{"width":500,"height":500,"url":"https:\/\/caviar-de-neuvic.com\/wp-content\/uploads\/2024\/07\/2727-Degustation-Masterclass-a-Paris.jpg","type":"image\/jpeg"}],"twitter_card":"summary_large_image","twitter_misc":{"Geschatte leestijd":"1 minuut"},"schema":{"@context":"https:\/\/schema.org","@graph":[{"@type":"WebPage","@id":"https:\/\/caviar-de-neuvic.com\/p\/accueil\/degustations-a-paris\/degustation-masterclass-a-paris\/","url":"https:\/\/caviar-de-neuvic.com\/p\/accueil\/degustations-a-paris\/degustation-masterclass-a-paris\/","name":"D\u00e9gustation Masterclass \u00e0 Paris - Caviar de Neuvic","isPartOf":{"@id":"http:\/\/caviar-de-neuvic.com\/fr\/#website"},"primaryImageOfPage":{"@id":"https:\/\/caviar-de-neuvic.com\/p\/accueil\/degustations-a-paris\/degustation-masterclass-a-paris\/#primaryimage"},"image":{"@id":"https:\/\/caviar-de-neuvic.com\/p\/accueil\/degustations-a-paris\/degustation-masterclass-a-paris\/#primaryimage"},"thumbnailUrl":"https:\/\/caviar-de-neuvic.com\/wp-content\/uploads\/2024\/07\/2727-Degustation-Masterclass-a-Paris.jpg","datePublished":"2024-07-21T20:03:38+00:00","dateModified":"2026-03-22T16:52:35+00:00","description":"Au coeur du 6\u00e8me arrondissement de Paris, le comptoir Caviar de Neuvic vous ouvre ses portes pour vous faire d\u00e9couvrir le savoir-faire d'un producteur fran\u00e7ais de caviar au cours d'une d\u00e9gustation masterclass","breadcrumb":{"@id":"https:\/\/caviar-de-neuvic.com\/p\/accueil\/degustations-a-paris\/degustation-masterclass-a-paris\/#breadcrumb"},"inLanguage":"nl-BE","potentialAction":[{"@type":"ReadAction","target":["https:\/\/caviar-de-neuvic.com\/p\/accueil\/degustations-a-paris\/degustation-masterclass-a-paris\/"]}]},{"@type":"ImageObject","inLanguage":"nl-BE","@id":"https:\/\/caviar-de-neuvic.com\/p\/accueil\/degustations-a-paris\/degustation-masterclass-a-paris\/#primaryimage","url":"https:\/\/caviar-de-neuvic.com\/wp-content\/uploads\/2024\/07\/2727-Degustation-Masterclass-a-Paris.jpg","contentUrl":"https:\/\/caviar-de-neuvic.com\/wp-content\/uploads\/2024\/07\/2727-Degustation-Masterclass-a-Paris.jpg","width":500,"height":500,"caption":"D\u00e9gustation Masterclass \u00e0 Paris"},{"@type":"BreadcrumbList","@id":"https:\/\/caviar-de-neuvic.com\/p\/accueil\/degustations-a-paris\/degustation-masterclass-a-paris\/#breadcrumb","itemListElement":[{"@type":"ListItem","position":1,"name":"Caviar de Neuvic","item":"https:\/\/caviar-de-neuvic.com\/"},{"@type":"ListItem","position":2,"name":"Shop","item":"https:\/\/caviar-de-neuvic.com\/en\/shop\/"},{"@type":"ListItem","position":3,"name":"D\u00e9gustation Masterclass \u00e0 Paris"}]},{"@type":"WebSite","@id":"http:\/\/caviar-de-neuvic.com\/fr\/#website","url":"http:\/\/caviar-de-neuvic.com\/fr\/","name":"Producteur Fran\u00e7ais De Caviar","description":"","publisher":{"@id":"http:\/\/caviar-de-neuvic.com\/fr\/#organization"},"potentialAction":[{"@type":"SearchAction","target":{"@type":"EntryPoint","urlTemplate":"http:\/\/caviar-de-neuvic.com\/fr\/?s={search_term_string}"},"query-input":{"@type":"PropertyValueSpecification","valueRequired":true,"valueName":"search_term_string"}}],"inLanguage":"nl-BE"},{"@type":"Organization","@id":"http:\/\/caviar-de-neuvic.com\/fr\/#organization","name":"Producteur Fran\u00e7ais De Caviar","url":"http:\/\/caviar-de-neuvic.com\/fr\/","logo":{"@type":"ImageObject","inLanguage":"nl-BE","@id":"http:\/\/caviar-de-neuvic.com\/fr\/#\/schema\/logo\/image\/","url":"","contentUrl":"","caption":"Producteur Fran\u00e7ais De Caviar"},"image":{"@id":"http:\/\/caviar-de-neuvic.com\/fr\/#\/schema\/logo\/image\/"}}]}},"_links":{"self":[{"href":"https:\/\/caviar-de-neuvic.com\/nl_be\/wp-json\/wp\/v2\/product\/2274","targetHints":{"allow":["GET"]}}],"collection":[{"href":"https:\/\/caviar-de-neuvic.com\/nl_be\/wp-json\/wp\/v2\/product"}],"about":[{"href":"https:\/\/caviar-de-neuvic.com\/nl_be\/wp-json\/wp\/v2\/types\/product"}],"version-history":[{"count":3,"href":"https:\/\/caviar-de-neuvic.com\/nl_be\/wp-json\/wp\/v2\/product\/2274\/revisions"}],"predecessor-version":[{"id":30102,"href":"https:\/\/caviar-de-neuvic.com\/nl_be\/wp-json\/wp\/v2\/product\/2274\/revisions\/30102"}],"wp:featuredmedia":[{"embeddable":true,"href":"https:\/\/caviar-de-neuvic.com\/nl_be\/wp-json\/wp\/v2\/media\/2273"}],"wp:attachment":[{"href":"https:\/\/caviar-de-neuvic.com\/nl_be\/wp-json\/wp\/v2\/media?parent=2274"}],"wp:term":[{"taxonomy":"product_brand","embeddable":true,"href":"https:\/\/caviar-de-neuvic.com\/nl_be\/wp-json\/wp\/v2\/product_brand?post=2274"},{"taxonomy":"product_cat","embeddable":true,"href":"https:\/\/caviar-de-neuvic.com\/nl_be\/wp-json\/wp\/v2\/product_cat?post=2274"},{"taxonomy":"product_tag","embeddable":true,"href":"https:\/\/caviar-de-neuvic.com\/nl_be\/wp-json\/wp\/v2\/product_tag?post=2274"}],"curies":[{"name":"wp","href":"https:\/\/api.w.org\/{rel}","templated":true}]}}