{"id":255,"date":"2015-12-13T22:29:02","date_gmt":"2015-12-13T22:29:02","guid":{"rendered":"https:\/\/caviar-de-neuvic.com\/produits\/cuillere-en-nacre\/"},"modified":"2026-04-21T16:25:21","modified_gmt":"2026-04-21T14:25:21","slug":"cuillere-en-nacre","status":"publish","type":"product","link":"https:\/\/caviar-de-neuvic.com\/nl_be\/p\/accueil\/accompagner-le-caviar\/cuillere-en-nacre\/","title":{"rendered":"Parelmoeren lepel"},"content":{"rendered":"","protected":false},"excerpt":{"rendered":"<p>Het parelmoeren kaviaarlepeltje is een verfijnd en delicaat accessoire, ontworpen om de ervaring van het proeven van kaviaar te sublimeren.<\/p>\n<p>Gebruik het parelmoeren lepeltje om de kaviaarkorrels voorzichtig te scheppen en ze nauwkeurig op uw blini, toast of een andere drager naar keuze te leggen. Geniet van elke hap met de verfijning die dit uitzonderlijke gerecht verdient. Voeg een vleugje elegantie toe aan uw culinaire ervaring met het parelmoeren kaviaarlepeltje.<\/p>\n<p>Het onmisbare accessoire voor liefhebbers van gastronomisch genot.<\/p>\n<p>Respect voor het product combineren met de elegantie van het gebaar. Parelmoer behoudt alle smaakkwaliteiten van de kaviaarkorrels zonder ze te breken.*<\/p>","protected":false},"featured_media":252,"template":"","meta":{"_acf_changed":false,"ocean_post_layout":"","ocean_both_sidebars_style":"","ocean_both_sidebars_content_width":0,"ocean_both_sidebars_sidebars_width":0,"ocean_sidebar":"0","ocean_second_sidebar":"0","ocean_disable_margins":"enable","ocean_add_body_class":"","ocean_shortcode_before_top_bar":"","ocean_shortcode_after_top_bar":"","ocean_shortcode_before_header":"","ocean_shortcode_after_header":"","ocean_has_shortcode":"","ocean_shortcode_after_title":"","ocean_shortcode_before_footer_widgets":"","ocean_shortcode_after_footer_widgets":"","ocean_shortcode_before_footer_bottom":"","ocean_shortcode_after_footer_bottom":"","ocean_display_top_bar":"default","ocean_display_header":"default","ocean_header_style":"","ocean_center_header_left_menu":"0","ocean_custom_header_template":"0","ocean_custom_logo":0,"ocean_custom_retina_logo":0,"ocean_custom_logo_max_width":0,"ocean_custom_logo_tablet_max_width":0,"ocean_custom_logo_mobile_max_width":0,"ocean_custom_logo_max_height":0,"ocean_custom_logo_tablet_max_height":0,"ocean_custom_logo_mobile_max_height":0,"ocean_header_custom_menu":"0","ocean_menu_typo_font_family":"0","ocean_menu_typo_font_subset":"","ocean_menu_typo_font_size":0,"ocean_menu_typo_font_size_tablet":0,"ocean_menu_typo_font_size_mobile":0,"ocean_menu_typo_font_size_unit":"px","ocean_menu_typo_font_weight":"","ocean_menu_typo_font_weight_tablet":"","ocean_menu_typo_font_weight_mobile":"","ocean_menu_typo_transform":"","ocean_menu_typo_transform_tablet":"","ocean_menu_typo_transform_mobile":"","ocean_menu_typo_line_height":0,"ocean_menu_typo_line_height_tablet":0,"ocean_menu_typo_line_height_mobile":0,"ocean_menu_typo_line_height_unit":"","ocean_menu_typo_spacing":0,"ocean_menu_typo_spacing_tablet":0,"ocean_menu_typo_spacing_mobile":0,"ocean_menu_typo_spacing_unit":"","ocean_menu_link_color":"","ocean_menu_link_color_hover":"","ocean_menu_link_color_active":"","ocean_menu_link_background":"","ocean_menu_link_hover_background":"","ocean_menu_link_active_background":"","ocean_menu_social_links_bg":"","ocean_menu_social_hover_links_bg":"","ocean_menu_social_links_color":"","ocean_menu_social_hover_links_color":"","ocean_disable_title":"default","ocean_disable_heading":"default","ocean_post_title":"","ocean_post_subheading":"","ocean_post_title_style":"","ocean_post_title_background_color":"","ocean_post_title_background":0,"ocean_post_title_bg_image_position":"","ocean_post_title_bg_image_attachment":"","ocean_post_title_bg_image_repeat":"","ocean_post_title_bg_image_size":"","ocean_post_title_height":0,"ocean_post_title_bg_overlay":0.5,"ocean_post_title_bg_overlay_color":"","ocean_disable_breadcrumbs":"default","ocean_breadcrumbs_color":"","ocean_breadcrumbs_separator_color":"","ocean_breadcrumbs_links_color":"","ocean_breadcrumbs_links_hover_color":"","ocean_display_footer_widgets":"default","ocean_display_footer_bottom":"default","ocean_custom_footer_template":"0","omw_enable_modal_window":"enable"},"product_brand":[],"product_cat":[21],"product_tag":[],"class_list":{"0":"post-255","1":"product","2":"type-product","3":"status-publish","4":"has-post-thumbnail","6":"product_cat-accompagner-le-caviar","7":"product_shipping_class-sec","8":"pa_livraison-sec","9":"pa_taille-12cm","10":"pa_taille-5cm","11":"pa_taille-7cm","12":"pa_taille-9cm","14":"entry","15":"has-media","17":"first","18":"instock","19":"taxable","20":"shipping-taxable","21":"purchasable","22":"product-type-variable","23":"col","24":"span_1_of_3","25":"owp-content-center","26":"item-entry","27":"owp-thumbs-layout-vertical","28":"owp-btn-normal","29":"owp-tabs-layout-horizontal"},"acf":[],"yoast_head":"<!-- This site is optimized with the Yoast SEO plugin v27.4 - https:\/\/yoast.com\/product\/yoast-seo-wordpress\/ -->\n<title>Cuill\u00e8re en Nacre pour Caviar - Caviar de Neuvic<\/title>\n<meta name=\"description\" content=\"Joindre le respect du produit \u00e0 l&#039;\u00e9l\u00e9gance du geste. La nacre permet de conserver toutes les qualit\u00e9s gustatives des grains de caviar sans les briser.\" \/>\n<meta name=\"robots\" content=\"index, follow, max-snippet:-1, max-image-preview:large, max-video-preview:-1\" \/>\n<link rel=\"canonical\" href=\"https:\/\/caviar-de-neuvic.com\/nl_be\/p\/accueil\/accompagner-le-caviar\/cuillere-en-nacre\/\" \/>\n<meta property=\"og:locale\" content=\"nl_BE\" \/>\n<meta property=\"og:type\" content=\"article\" \/>\n<meta property=\"og:title\" content=\"Cuill\u00e8re en Nacre pour Caviar - Caviar de Neuvic\" \/>\n<meta property=\"og:description\" content=\"Joindre le respect du produit \u00e0 l&#039;\u00e9l\u00e9gance du geste. La nacre permet de conserver toutes les qualit\u00e9s gustatives des grains de caviar sans les briser.\" \/>\n<meta property=\"og:url\" content=\"https:\/\/caviar-de-neuvic.com\/nl_be\/p\/accueil\/accompagner-le-caviar\/cuillere-en-nacre\/\" \/>\n<meta property=\"og:site_name\" content=\"Producteur Fran\u00e7ais De Caviar\" \/>\n<meta property=\"article:modified_time\" content=\"2026-04-21T14:25:21+00:00\" \/>\n<meta property=\"og:image\" content=\"https:\/\/caviar-de-neuvic.com\/wp-content\/uploads\/2015\/12\/138-Cuillere-en-Nacre.jpg\" \/>\n\t<meta property=\"og:image:width\" content=\"1000\" \/>\n\t<meta property=\"og:image:height\" content=\"1000\" \/>\n\t<meta property=\"og:image:type\" content=\"image\/jpeg\" \/>\n<meta name=\"twitter:card\" content=\"summary_large_image\" \/>\n<meta name=\"twitter:label1\" content=\"Geschatte leestijd\" \/>\n\t<meta name=\"twitter:data1\" content=\"1 minuut\" \/>\n<script type=\"application\/ld+json\" class=\"yoast-schema-graph\">{\"@context\":\"https:\\\/\\\/schema.org\",\"@graph\":[{\"@type\":\"WebPage\",\"@id\":\"https:\\\/\\\/caviar-de-neuvic.com\\\/p\\\/accueil\\\/accompagner-le-caviar\\\/cuillere-en-nacre\\\/\",\"url\":\"https:\\\/\\\/caviar-de-neuvic.com\\\/p\\\/accueil\\\/accompagner-le-caviar\\\/cuillere-en-nacre\\\/\",\"name\":\"Cuill\u00e8re en Nacre pour Caviar - Caviar de Neuvic\",\"isPartOf\":{\"@id\":\"http:\\\/\\\/caviar-de-neuvic.com\\\/fr\\\/#website\"},\"primaryImageOfPage\":{\"@id\":\"https:\\\/\\\/caviar-de-neuvic.com\\\/p\\\/accueil\\\/accompagner-le-caviar\\\/cuillere-en-nacre\\\/#primaryimage\"},\"image\":{\"@id\":\"https:\\\/\\\/caviar-de-neuvic.com\\\/p\\\/accueil\\\/accompagner-le-caviar\\\/cuillere-en-nacre\\\/#primaryimage\"},\"thumbnailUrl\":\"https:\\\/\\\/caviar-de-neuvic.com\\\/wp-content\\\/uploads\\\/2015\\\/12\\\/138-Cuillere-en-Nacre.jpg\",\"datePublished\":\"2015-12-13T22:29:02+00:00\",\"dateModified\":\"2026-04-21T14:25:21+00:00\",\"description\":\"Joindre le respect du produit \u00e0 l'\u00e9l\u00e9gance du geste. La nacre permet de conserver toutes les qualit\u00e9s gustatives des grains de caviar sans les briser.\",\"breadcrumb\":{\"@id\":\"https:\\\/\\\/caviar-de-neuvic.com\\\/p\\\/accueil\\\/accompagner-le-caviar\\\/cuillere-en-nacre\\\/#breadcrumb\"},\"inLanguage\":\"nl-BE\",\"potentialAction\":[{\"@type\":\"ReadAction\",\"target\":[\"https:\\\/\\\/caviar-de-neuvic.com\\\/p\\\/accueil\\\/accompagner-le-caviar\\\/cuillere-en-nacre\\\/\"]}]},{\"@type\":\"ImageObject\",\"inLanguage\":\"nl-BE\",\"@id\":\"https:\\\/\\\/caviar-de-neuvic.com\\\/p\\\/accueil\\\/accompagner-le-caviar\\\/cuillere-en-nacre\\\/#primaryimage\",\"url\":\"https:\\\/\\\/caviar-de-neuvic.com\\\/wp-content\\\/uploads\\\/2015\\\/12\\\/138-Cuillere-en-Nacre.jpg\",\"contentUrl\":\"https:\\\/\\\/caviar-de-neuvic.com\\\/wp-content\\\/uploads\\\/2015\\\/12\\\/138-Cuillere-en-Nacre.jpg\",\"width\":1000,\"height\":1000,\"caption\":\"Cuill\u00e8re en Nacre\"},{\"@type\":\"BreadcrumbList\",\"@id\":\"https:\\\/\\\/caviar-de-neuvic.com\\\/p\\\/accueil\\\/accompagner-le-caviar\\\/cuillere-en-nacre\\\/#breadcrumb\",\"itemListElement\":[{\"@type\":\"ListItem\",\"position\":1,\"name\":\"Caviar de Neuvic\",\"item\":\"https:\\\/\\\/caviar-de-neuvic.com\\\/\"},{\"@type\":\"ListItem\",\"position\":2,\"name\":\"Shop\",\"item\":\"https:\\\/\\\/caviar-de-neuvic.com\\\/en\\\/shop\\\/\"},{\"@type\":\"ListItem\",\"position\":3,\"name\":\"Cuill\u00e8re en Nacre\"}]},{\"@type\":\"WebSite\",\"@id\":\"http:\\\/\\\/caviar-de-neuvic.com\\\/fr\\\/#website\",\"url\":\"http:\\\/\\\/caviar-de-neuvic.com\\\/fr\\\/\",\"name\":\"Producteur Fran\u00e7ais De Caviar\",\"description\":\"\",\"publisher\":{\"@id\":\"http:\\\/\\\/caviar-de-neuvic.com\\\/fr\\\/#organization\"},\"potentialAction\":[{\"@type\":\"SearchAction\",\"target\":{\"@type\":\"EntryPoint\",\"urlTemplate\":\"http:\\\/\\\/caviar-de-neuvic.com\\\/fr\\\/?s={search_term_string}\"},\"query-input\":{\"@type\":\"PropertyValueSpecification\",\"valueRequired\":true,\"valueName\":\"search_term_string\"}}],\"inLanguage\":\"nl-BE\"},{\"@type\":\"Organization\",\"@id\":\"http:\\\/\\\/caviar-de-neuvic.com\\\/fr\\\/#organization\",\"name\":\"Producteur Fran\u00e7ais De Caviar\",\"url\":\"http:\\\/\\\/caviar-de-neuvic.com\\\/fr\\\/\",\"logo\":{\"@type\":\"ImageObject\",\"inLanguage\":\"nl-BE\",\"@id\":\"http:\\\/\\\/caviar-de-neuvic.com\\\/fr\\\/#\\\/schema\\\/logo\\\/image\\\/\",\"url\":\"\",\"contentUrl\":\"\",\"caption\":\"Producteur Fran\u00e7ais De Caviar\"},\"image\":{\"@id\":\"http:\\\/\\\/caviar-de-neuvic.com\\\/fr\\\/#\\\/schema\\\/logo\\\/image\\\/\"}}]}<\/script>\n<!-- \/ Yoast SEO plugin. -->","yoast_head_json":{"title":"Cuill\u00e8re en Nacre pour Caviar - Caviar de Neuvic","description":"Joindre le respect du produit \u00e0 l'\u00e9l\u00e9gance du geste. La nacre permet de conserver toutes les qualit\u00e9s gustatives des grains de caviar sans les briser.","robots":{"index":"index","follow":"follow","max-snippet":"max-snippet:-1","max-image-preview":"max-image-preview:large","max-video-preview":"max-video-preview:-1"},"canonical":"https:\/\/caviar-de-neuvic.com\/nl_be\/p\/accueil\/accompagner-le-caviar\/cuillere-en-nacre\/","og_locale":"nl_BE","og_type":"article","og_title":"Cuill\u00e8re en Nacre pour Caviar - Caviar de Neuvic","og_description":"Joindre le respect du produit \u00e0 l'\u00e9l\u00e9gance du geste. La nacre permet de conserver toutes les qualit\u00e9s gustatives des grains de caviar sans les briser.","og_url":"https:\/\/caviar-de-neuvic.com\/nl_be\/p\/accueil\/accompagner-le-caviar\/cuillere-en-nacre\/","og_site_name":"Producteur Fran\u00e7ais De Caviar","article_modified_time":"2026-04-21T14:25:21+00:00","og_image":[{"width":1000,"height":1000,"url":"https:\/\/caviar-de-neuvic.com\/wp-content\/uploads\/2015\/12\/138-Cuillere-en-Nacre.jpg","type":"image\/jpeg"}],"twitter_card":"summary_large_image","twitter_misc":{"Geschatte leestijd":"1 minuut"},"schema":{"@context":"https:\/\/schema.org","@graph":[{"@type":"WebPage","@id":"https:\/\/caviar-de-neuvic.com\/p\/accueil\/accompagner-le-caviar\/cuillere-en-nacre\/","url":"https:\/\/caviar-de-neuvic.com\/p\/accueil\/accompagner-le-caviar\/cuillere-en-nacre\/","name":"Cuill\u00e8re en Nacre pour Caviar - Caviar de Neuvic","isPartOf":{"@id":"http:\/\/caviar-de-neuvic.com\/fr\/#website"},"primaryImageOfPage":{"@id":"https:\/\/caviar-de-neuvic.com\/p\/accueil\/accompagner-le-caviar\/cuillere-en-nacre\/#primaryimage"},"image":{"@id":"https:\/\/caviar-de-neuvic.com\/p\/accueil\/accompagner-le-caviar\/cuillere-en-nacre\/#primaryimage"},"thumbnailUrl":"https:\/\/caviar-de-neuvic.com\/wp-content\/uploads\/2015\/12\/138-Cuillere-en-Nacre.jpg","datePublished":"2015-12-13T22:29:02+00:00","dateModified":"2026-04-21T14:25:21+00:00","description":"Joindre le respect du produit \u00e0 l'\u00e9l\u00e9gance du geste. La nacre permet de conserver toutes les qualit\u00e9s gustatives des grains de caviar sans les briser.","breadcrumb":{"@id":"https:\/\/caviar-de-neuvic.com\/p\/accueil\/accompagner-le-caviar\/cuillere-en-nacre\/#breadcrumb"},"inLanguage":"nl-BE","potentialAction":[{"@type":"ReadAction","target":["https:\/\/caviar-de-neuvic.com\/p\/accueil\/accompagner-le-caviar\/cuillere-en-nacre\/"]}]},{"@type":"ImageObject","inLanguage":"nl-BE","@id":"https:\/\/caviar-de-neuvic.com\/p\/accueil\/accompagner-le-caviar\/cuillere-en-nacre\/#primaryimage","url":"https:\/\/caviar-de-neuvic.com\/wp-content\/uploads\/2015\/12\/138-Cuillere-en-Nacre.jpg","contentUrl":"https:\/\/caviar-de-neuvic.com\/wp-content\/uploads\/2015\/12\/138-Cuillere-en-Nacre.jpg","width":1000,"height":1000,"caption":"Cuill\u00e8re en Nacre"},{"@type":"BreadcrumbList","@id":"https:\/\/caviar-de-neuvic.com\/p\/accueil\/accompagner-le-caviar\/cuillere-en-nacre\/#breadcrumb","itemListElement":[{"@type":"ListItem","position":1,"name":"Caviar de Neuvic","item":"https:\/\/caviar-de-neuvic.com\/"},{"@type":"ListItem","position":2,"name":"Shop","item":"https:\/\/caviar-de-neuvic.com\/en\/shop\/"},{"@type":"ListItem","position":3,"name":"Cuill\u00e8re en Nacre"}]},{"@type":"WebSite","@id":"http:\/\/caviar-de-neuvic.com\/fr\/#website","url":"http:\/\/caviar-de-neuvic.com\/fr\/","name":"Producteur Fran\u00e7ais De Caviar","description":"","publisher":{"@id":"http:\/\/caviar-de-neuvic.com\/fr\/#organization"},"potentialAction":[{"@type":"SearchAction","target":{"@type":"EntryPoint","urlTemplate":"http:\/\/caviar-de-neuvic.com\/fr\/?s={search_term_string}"},"query-input":{"@type":"PropertyValueSpecification","valueRequired":true,"valueName":"search_term_string"}}],"inLanguage":"nl-BE"},{"@type":"Organization","@id":"http:\/\/caviar-de-neuvic.com\/fr\/#organization","name":"Producteur Fran\u00e7ais De Caviar","url":"http:\/\/caviar-de-neuvic.com\/fr\/","logo":{"@type":"ImageObject","inLanguage":"nl-BE","@id":"http:\/\/caviar-de-neuvic.com\/fr\/#\/schema\/logo\/image\/","url":"","contentUrl":"","caption":"Producteur Fran\u00e7ais De Caviar"},"image":{"@id":"http:\/\/caviar-de-neuvic.com\/fr\/#\/schema\/logo\/image\/"}}]}},"_links":{"self":[{"href":"https:\/\/caviar-de-neuvic.com\/nl_be\/wp-json\/wp\/v2\/product\/255","targetHints":{"allow":["GET"]}}],"collection":[{"href":"https:\/\/caviar-de-neuvic.com\/nl_be\/wp-json\/wp\/v2\/product"}],"about":[{"href":"https:\/\/caviar-de-neuvic.com\/nl_be\/wp-json\/wp\/v2\/types\/product"}],"version-history":[{"count":2,"href":"https:\/\/caviar-de-neuvic.com\/nl_be\/wp-json\/wp\/v2\/product\/255\/revisions"}],"predecessor-version":[{"id":30254,"href":"https:\/\/caviar-de-neuvic.com\/nl_be\/wp-json\/wp\/v2\/product\/255\/revisions\/30254"}],"wp:featuredmedia":[{"embeddable":true,"href":"https:\/\/caviar-de-neuvic.com\/nl_be\/wp-json\/wp\/v2\/media\/252"}],"wp:attachment":[{"href":"https:\/\/caviar-de-neuvic.com\/nl_be\/wp-json\/wp\/v2\/media?parent=255"}],"wp:term":[{"taxonomy":"product_brand","embeddable":true,"href":"https:\/\/caviar-de-neuvic.com\/nl_be\/wp-json\/wp\/v2\/product_brand?post=255"},{"taxonomy":"product_cat","embeddable":true,"href":"https:\/\/caviar-de-neuvic.com\/nl_be\/wp-json\/wp\/v2\/product_cat?post=255"},{"taxonomy":"product_tag","embeddable":true,"href":"https:\/\/caviar-de-neuvic.com\/nl_be\/wp-json\/wp\/v2\/product_tag?post=255"}],"curies":[{"name":"wp","href":"https:\/\/api.w.org\/{rel}","templated":true}]}}