{"id":29754,"date":"2025-10-09T15:45:14","date_gmt":"2025-10-09T13:45:14","guid":{"rendered":"http:\/\/caviar-de-neuvic.com\/fr\/?post_type=product&#038;p=29754"},"modified":"2026-02-08T10:12:36","modified_gmt":"2026-02-08T09:12:36","slug":"foie-gras-entier-igp-perigord","status":"publish","type":"product","link":"https:\/\/caviar-de-neuvic.com\/nl_be\/p\/accueil\/l-epicerie-neuvic\/epicerie-perigord\/foie-gras-entier-igp-perigord\/","title":{"rendered":"Hele foie gras IGP P\u00e9rigord"},"content":{"rendered":"","protected":false},"excerpt":{"rendered":"<p>De Foie Gras de Canard Entier IGP P\u00e9rigord is afkomstig van eenden die worden gekweekt in boerderijen in het zuidwesten van Frankrijk. Deze foie gras wordt verwerkt in de buurt van Neuvic en weerspiegelt traditionele vakkennis en een constante hoge kwaliteit. Elke foie gras wordt zorgvuldig gekruid en vervolgens verpakt om zijn smeltende textuur en natuurlijke smaak te behouden.<\/p>\n<p>Dit product met het IGP P\u00e9rigord-keurmerk belichaamt het streven van Caviar de Neuvic naar lokale creaties die representatief zijn voor het terroir en de Franse gastronomie.<\/p>\n<p>Leg de foie gras voor het proeven in de koelkast en haal hem ongeveer een kwartier voor het serveren uit de koelkast, zodat hij op kamertemperatuur kan komen. Snijd de foie gras vervolgens met een lyre of een in warm water gedoopt mes in plakjes. Foie gras smaakt heerlijk op licht geroosterd boerenbrood, vergezeld van zoete wijnen zoals Monbazillac of Juran\u00e7on. Een fruitige, lichtvolle rode wijn past er ook subtiel bij. De hele foie gras IGP P\u00e9rigord, symbool van verfijning en gezelligheid, is een onmisbaar onderdeel van feestelijke maaltijden en speciale gelegenheden.<\/p>","protected":false},"featured_media":29751,"template":"","meta":{"_acf_changed":false,"ocean_post_layout":"","ocean_both_sidebars_style":"","ocean_both_sidebars_content_width":0,"ocean_both_sidebars_sidebars_width":0,"ocean_sidebar":"0","ocean_second_sidebar":"0","ocean_disable_margins":"enable","ocean_add_body_class":"","ocean_shortcode_before_top_bar":"","ocean_shortcode_after_top_bar":"","ocean_shortcode_before_header":"","ocean_shortcode_after_header":"","ocean_has_shortcode":"","ocean_shortcode_after_title":"","ocean_shortcode_before_footer_widgets":"","ocean_shortcode_after_footer_widgets":"","ocean_shortcode_before_footer_bottom":"","ocean_shortcode_after_footer_bottom":"","ocean_display_top_bar":"default","ocean_display_header":"default","ocean_header_style":"","ocean_center_header_left_menu":"0","ocean_custom_header_template":"0","ocean_custom_logo":0,"ocean_custom_retina_logo":0,"ocean_custom_logo_max_width":0,"ocean_custom_logo_tablet_max_width":0,"ocean_custom_logo_mobile_max_width":0,"ocean_custom_logo_max_height":0,"ocean_custom_logo_tablet_max_height":0,"ocean_custom_logo_mobile_max_height":0,"ocean_header_custom_menu":"0","ocean_menu_typo_font_family":"0","ocean_menu_typo_font_subset":"","ocean_menu_typo_font_size":0,"ocean_menu_typo_font_size_tablet":0,"ocean_menu_typo_font_size_mobile":0,"ocean_menu_typo_font_size_unit":"px","ocean_menu_typo_font_weight":"","ocean_menu_typo_font_weight_tablet":"","ocean_menu_typo_font_weight_mobile":"","ocean_menu_typo_transform":"","ocean_menu_typo_transform_tablet":"","ocean_menu_typo_transform_mobile":"","ocean_menu_typo_line_height":0,"ocean_menu_typo_line_height_tablet":0,"ocean_menu_typo_line_height_mobile":0,"ocean_menu_typo_line_height_unit":"","ocean_menu_typo_spacing":0,"ocean_menu_typo_spacing_tablet":0,"ocean_menu_typo_spacing_mobile":0,"ocean_menu_typo_spacing_unit":"","ocean_menu_link_color":"","ocean_menu_link_color_hover":"","ocean_menu_link_color_active":"","ocean_menu_link_background":"","ocean_menu_link_hover_background":"","ocean_menu_link_active_background":"","ocean_menu_social_links_bg":"","ocean_menu_social_hover_links_bg":"","ocean_menu_social_links_color":"","ocean_menu_social_hover_links_color":"","ocean_disable_title":"default","ocean_disable_heading":"default","ocean_post_title":"","ocean_post_subheading":"","ocean_post_title_style":"","ocean_post_title_background_color":"","ocean_post_title_background":0,"ocean_post_title_bg_image_position":"","ocean_post_title_bg_image_attachment":"","ocean_post_title_bg_image_repeat":"","ocean_post_title_bg_image_size":"","ocean_post_title_height":0,"ocean_post_title_bg_overlay":0.5,"ocean_post_title_bg_overlay_color":"","ocean_disable_breadcrumbs":"default","ocean_breadcrumbs_color":"","ocean_breadcrumbs_separator_color":"","ocean_breadcrumbs_links_color":"","ocean_breadcrumbs_links_hover_color":"","ocean_display_footer_widgets":"default","ocean_display_footer_bottom":"default","ocean_custom_footer_template":"0","omw_enable_modal_window":"enable"},"product_brand":[],"product_cat":[450],"product_tag":[],"class_list":{"0":"post-29754","1":"product","2":"type-product","3":"status-publish","4":"has-post-thumbnail","6":"product_cat-epicerie-perigord","7":"product_shipping_class-sec","8":"pa_conservation-6e-dansunendroitfraisetsec_a","9":"pa_livraison-sec","11":"entry","12":"has-media","14":"first","15":"outofstock","16":"taxable","17":"shipping-taxable","18":"purchasable","19":"product-type-simple","20":"has-product-nav","21":"col","22":"span_1_of_3","23":"owp-content-center","24":"item-entry","25":"owp-thumbs-layout-vertical","26":"owp-btn-normal","27":"owp-tabs-layout-horizontal"},"acf":[],"yoast_head":"<!-- This site is optimized with the Yoast SEO plugin v27.5 - https:\/\/yoast.com\/product\/yoast-seo-wordpress\/ -->\n<title>Foie gras entier IGP P\u00e9rigord - Caviar de Neuvic<\/title>\n<meta name=\"description\" content=\"Symbole de raffinement et de convivialit\u00e9, le foie gras entier IGP P\u00e9rigord s\u2019impose comme une pi\u00e8ce ma\u00eetresse des repas festifs et des grandes occasions.\" \/>\n<meta name=\"robots\" content=\"index, follow, max-snippet:-1, max-image-preview:large, max-video-preview:-1\" \/>\n<link rel=\"canonical\" href=\"https:\/\/caviar-de-neuvic.com\/nl_be\/p\/accueil\/l-epicerie-neuvic\/epicerie-perigord\/foie-gras-entier-igp-perigord\/\" \/>\n<meta property=\"og:locale\" content=\"nl_BE\" \/>\n<meta property=\"og:type\" content=\"article\" \/>\n<meta property=\"og:title\" content=\"Foie gras entier IGP P\u00e9rigord - Caviar de Neuvic\" \/>\n<meta property=\"og:description\" content=\"Symbole de raffinement et de convivialit\u00e9, le foie gras entier IGP P\u00e9rigord s\u2019impose comme une pi\u00e8ce ma\u00eetresse des repas festifs et des grandes occasions.\" \/>\n<meta property=\"og:url\" content=\"https:\/\/caviar-de-neuvic.com\/nl_be\/p\/accueil\/l-epicerie-neuvic\/epicerie-perigord\/foie-gras-entier-igp-perigord\/\" \/>\n<meta property=\"og:site_name\" content=\"Producteur Fran\u00e7ais De Caviar\" \/>\n<meta property=\"article:modified_time\" content=\"2026-02-08T09:12:36+00:00\" \/>\n<meta property=\"og:image\" content=\"https:\/\/caviar-de-neuvic.com\/wp-content\/uploads\/2025\/09\/3006-Foie-gras-entier-IGP-Perigord.jpg\" \/>\n\t<meta property=\"og:image:width\" content=\"1100\" \/>\n\t<meta property=\"og:image:height\" content=\"1422\" \/>\n\t<meta property=\"og:image:type\" content=\"image\/jpeg\" \/>\n<meta name=\"twitter:card\" content=\"summary_large_image\" \/>\n<meta name=\"twitter:label1\" content=\"Geschatte leestijd\" \/>\n\t<meta name=\"twitter:data1\" content=\"1 minuut\" \/>\n<script type=\"application\/ld+json\" class=\"yoast-schema-graph\">{\"@context\":\"https:\\\/\\\/schema.org\",\"@graph\":[{\"@type\":\"WebPage\",\"@id\":\"https:\\\/\\\/caviar-de-neuvic.com\\\/p\\\/accueil\\\/l-epicerie-neuvic\\\/epicerie-perigord\\\/foie-gras-entier-igp-perigord\\\/\",\"url\":\"https:\\\/\\\/caviar-de-neuvic.com\\\/p\\\/accueil\\\/l-epicerie-neuvic\\\/epicerie-perigord\\\/foie-gras-entier-igp-perigord\\\/\",\"name\":\"Foie gras entier IGP P\u00e9rigord - Caviar de Neuvic\",\"isPartOf\":{\"@id\":\"http:\\\/\\\/caviar-de-neuvic.com\\\/fr\\\/#website\"},\"primaryImageOfPage\":{\"@id\":\"https:\\\/\\\/caviar-de-neuvic.com\\\/p\\\/accueil\\\/l-epicerie-neuvic\\\/epicerie-perigord\\\/foie-gras-entier-igp-perigord\\\/#primaryimage\"},\"image\":{\"@id\":\"https:\\\/\\\/caviar-de-neuvic.com\\\/p\\\/accueil\\\/l-epicerie-neuvic\\\/epicerie-perigord\\\/foie-gras-entier-igp-perigord\\\/#primaryimage\"},\"thumbnailUrl\":\"https:\\\/\\\/caviar-de-neuvic.com\\\/wp-content\\\/uploads\\\/2025\\\/09\\\/3006-Foie-gras-entier-IGP-Perigord.jpg\",\"datePublished\":\"2025-10-09T13:45:14+00:00\",\"dateModified\":\"2026-02-08T09:12:36+00:00\",\"description\":\"Symbole de raffinement et de convivialit\u00e9, le foie gras entier IGP P\u00e9rigord s\u2019impose comme une pi\u00e8ce ma\u00eetresse des repas festifs et des grandes occasions.\",\"breadcrumb\":{\"@id\":\"https:\\\/\\\/caviar-de-neuvic.com\\\/p\\\/accueil\\\/l-epicerie-neuvic\\\/epicerie-perigord\\\/foie-gras-entier-igp-perigord\\\/#breadcrumb\"},\"inLanguage\":\"nl-BE\",\"potentialAction\":[{\"@type\":\"ReadAction\",\"target\":[\"https:\\\/\\\/caviar-de-neuvic.com\\\/p\\\/accueil\\\/l-epicerie-neuvic\\\/epicerie-perigord\\\/foie-gras-entier-igp-perigord\\\/\"]}]},{\"@type\":\"ImageObject\",\"inLanguage\":\"nl-BE\",\"@id\":\"https:\\\/\\\/caviar-de-neuvic.com\\\/p\\\/accueil\\\/l-epicerie-neuvic\\\/epicerie-perigord\\\/foie-gras-entier-igp-perigord\\\/#primaryimage\",\"url\":\"https:\\\/\\\/caviar-de-neuvic.com\\\/wp-content\\\/uploads\\\/2025\\\/09\\\/3006-Foie-gras-entier-IGP-Perigord.jpg\",\"contentUrl\":\"https:\\\/\\\/caviar-de-neuvic.com\\\/wp-content\\\/uploads\\\/2025\\\/09\\\/3006-Foie-gras-entier-IGP-Perigord.jpg\",\"width\":1100,\"height\":1422,\"caption\":\"Foie gras entier IGP P\u00e9rigord\"},{\"@type\":\"BreadcrumbList\",\"@id\":\"https:\\\/\\\/caviar-de-neuvic.com\\\/p\\\/accueil\\\/l-epicerie-neuvic\\\/epicerie-perigord\\\/foie-gras-entier-igp-perigord\\\/#breadcrumb\",\"itemListElement\":[{\"@type\":\"ListItem\",\"position\":1,\"name\":\"Caviar de Neuvic\",\"item\":\"https:\\\/\\\/caviar-de-neuvic.com\\\/\"},{\"@type\":\"ListItem\",\"position\":2,\"name\":\"Shop\",\"item\":\"https:\\\/\\\/caviar-de-neuvic.com\\\/en\\\/shop\\\/\"},{\"@type\":\"ListItem\",\"position\":3,\"name\":\"Foie gras entier IGP P\u00e9rigord\"}]},{\"@type\":\"WebSite\",\"@id\":\"http:\\\/\\\/caviar-de-neuvic.com\\\/fr\\\/#website\",\"url\":\"http:\\\/\\\/caviar-de-neuvic.com\\\/fr\\\/\",\"name\":\"Producteur Fran\u00e7ais De Caviar\",\"description\":\"\",\"publisher\":{\"@id\":\"http:\\\/\\\/caviar-de-neuvic.com\\\/fr\\\/#organization\"},\"potentialAction\":[{\"@type\":\"SearchAction\",\"target\":{\"@type\":\"EntryPoint\",\"urlTemplate\":\"http:\\\/\\\/caviar-de-neuvic.com\\\/fr\\\/?s={search_term_string}\"},\"query-input\":{\"@type\":\"PropertyValueSpecification\",\"valueRequired\":true,\"valueName\":\"search_term_string\"}}],\"inLanguage\":\"nl-BE\"},{\"@type\":\"Organization\",\"@id\":\"http:\\\/\\\/caviar-de-neuvic.com\\\/fr\\\/#organization\",\"name\":\"Producteur Fran\u00e7ais De Caviar\",\"url\":\"http:\\\/\\\/caviar-de-neuvic.com\\\/fr\\\/\",\"logo\":{\"@type\":\"ImageObject\",\"inLanguage\":\"nl-BE\",\"@id\":\"http:\\\/\\\/caviar-de-neuvic.com\\\/fr\\\/#\\\/schema\\\/logo\\\/image\\\/\",\"url\":\"\",\"contentUrl\":\"\",\"caption\":\"Producteur Fran\u00e7ais De Caviar\"},\"image\":{\"@id\":\"http:\\\/\\\/caviar-de-neuvic.com\\\/fr\\\/#\\\/schema\\\/logo\\\/image\\\/\"}}]}<\/script>\n<!-- \/ Yoast SEO plugin. -->","yoast_head_json":{"title":"Foie gras entier IGP P\u00e9rigord - Caviar de Neuvic","description":"Symbole de raffinement et de convivialit\u00e9, le foie gras entier IGP P\u00e9rigord s\u2019impose comme une pi\u00e8ce ma\u00eetresse des repas festifs et des grandes occasions.","robots":{"index":"index","follow":"follow","max-snippet":"max-snippet:-1","max-image-preview":"max-image-preview:large","max-video-preview":"max-video-preview:-1"},"canonical":"https:\/\/caviar-de-neuvic.com\/nl_be\/p\/accueil\/l-epicerie-neuvic\/epicerie-perigord\/foie-gras-entier-igp-perigord\/","og_locale":"nl_BE","og_type":"article","og_title":"Foie gras entier IGP P\u00e9rigord - Caviar de Neuvic","og_description":"Symbole de raffinement et de convivialit\u00e9, le foie gras entier IGP P\u00e9rigord s\u2019impose comme une pi\u00e8ce ma\u00eetresse des repas festifs et des grandes occasions.","og_url":"https:\/\/caviar-de-neuvic.com\/nl_be\/p\/accueil\/l-epicerie-neuvic\/epicerie-perigord\/foie-gras-entier-igp-perigord\/","og_site_name":"Producteur Fran\u00e7ais De Caviar","article_modified_time":"2026-02-08T09:12:36+00:00","og_image":[{"width":1100,"height":1422,"url":"https:\/\/caviar-de-neuvic.com\/wp-content\/uploads\/2025\/09\/3006-Foie-gras-entier-IGP-Perigord.jpg","type":"image\/jpeg"}],"twitter_card":"summary_large_image","twitter_misc":{"Geschatte leestijd":"1 minuut"},"schema":{"@context":"https:\/\/schema.org","@graph":[{"@type":"WebPage","@id":"https:\/\/caviar-de-neuvic.com\/p\/accueil\/l-epicerie-neuvic\/epicerie-perigord\/foie-gras-entier-igp-perigord\/","url":"https:\/\/caviar-de-neuvic.com\/p\/accueil\/l-epicerie-neuvic\/epicerie-perigord\/foie-gras-entier-igp-perigord\/","name":"Foie gras entier IGP P\u00e9rigord - Caviar de Neuvic","isPartOf":{"@id":"http:\/\/caviar-de-neuvic.com\/fr\/#website"},"primaryImageOfPage":{"@id":"https:\/\/caviar-de-neuvic.com\/p\/accueil\/l-epicerie-neuvic\/epicerie-perigord\/foie-gras-entier-igp-perigord\/#primaryimage"},"image":{"@id":"https:\/\/caviar-de-neuvic.com\/p\/accueil\/l-epicerie-neuvic\/epicerie-perigord\/foie-gras-entier-igp-perigord\/#primaryimage"},"thumbnailUrl":"https:\/\/caviar-de-neuvic.com\/wp-content\/uploads\/2025\/09\/3006-Foie-gras-entier-IGP-Perigord.jpg","datePublished":"2025-10-09T13:45:14+00:00","dateModified":"2026-02-08T09:12:36+00:00","description":"Symbole de raffinement et de convivialit\u00e9, le foie gras entier IGP P\u00e9rigord s\u2019impose comme une pi\u00e8ce ma\u00eetresse des repas festifs et des grandes occasions.","breadcrumb":{"@id":"https:\/\/caviar-de-neuvic.com\/p\/accueil\/l-epicerie-neuvic\/epicerie-perigord\/foie-gras-entier-igp-perigord\/#breadcrumb"},"inLanguage":"nl-BE","potentialAction":[{"@type":"ReadAction","target":["https:\/\/caviar-de-neuvic.com\/p\/accueil\/l-epicerie-neuvic\/epicerie-perigord\/foie-gras-entier-igp-perigord\/"]}]},{"@type":"ImageObject","inLanguage":"nl-BE","@id":"https:\/\/caviar-de-neuvic.com\/p\/accueil\/l-epicerie-neuvic\/epicerie-perigord\/foie-gras-entier-igp-perigord\/#primaryimage","url":"https:\/\/caviar-de-neuvic.com\/wp-content\/uploads\/2025\/09\/3006-Foie-gras-entier-IGP-Perigord.jpg","contentUrl":"https:\/\/caviar-de-neuvic.com\/wp-content\/uploads\/2025\/09\/3006-Foie-gras-entier-IGP-Perigord.jpg","width":1100,"height":1422,"caption":"Foie gras entier IGP P\u00e9rigord"},{"@type":"BreadcrumbList","@id":"https:\/\/caviar-de-neuvic.com\/p\/accueil\/l-epicerie-neuvic\/epicerie-perigord\/foie-gras-entier-igp-perigord\/#breadcrumb","itemListElement":[{"@type":"ListItem","position":1,"name":"Caviar de Neuvic","item":"https:\/\/caviar-de-neuvic.com\/"},{"@type":"ListItem","position":2,"name":"Shop","item":"https:\/\/caviar-de-neuvic.com\/en\/shop\/"},{"@type":"ListItem","position":3,"name":"Foie gras entier IGP P\u00e9rigord"}]},{"@type":"WebSite","@id":"http:\/\/caviar-de-neuvic.com\/fr\/#website","url":"http:\/\/caviar-de-neuvic.com\/fr\/","name":"Producteur Fran\u00e7ais De Caviar","description":"","publisher":{"@id":"http:\/\/caviar-de-neuvic.com\/fr\/#organization"},"potentialAction":[{"@type":"SearchAction","target":{"@type":"EntryPoint","urlTemplate":"http:\/\/caviar-de-neuvic.com\/fr\/?s={search_term_string}"},"query-input":{"@type":"PropertyValueSpecification","valueRequired":true,"valueName":"search_term_string"}}],"inLanguage":"nl-BE"},{"@type":"Organization","@id":"http:\/\/caviar-de-neuvic.com\/fr\/#organization","name":"Producteur Fran\u00e7ais De Caviar","url":"http:\/\/caviar-de-neuvic.com\/fr\/","logo":{"@type":"ImageObject","inLanguage":"nl-BE","@id":"http:\/\/caviar-de-neuvic.com\/fr\/#\/schema\/logo\/image\/","url":"","contentUrl":"","caption":"Producteur Fran\u00e7ais De Caviar"},"image":{"@id":"http:\/\/caviar-de-neuvic.com\/fr\/#\/schema\/logo\/image\/"}}]}},"_links":{"self":[{"href":"https:\/\/caviar-de-neuvic.com\/nl_be\/wp-json\/wp\/v2\/product\/29754","targetHints":{"allow":["GET"]}}],"collection":[{"href":"https:\/\/caviar-de-neuvic.com\/nl_be\/wp-json\/wp\/v2\/product"}],"about":[{"href":"https:\/\/caviar-de-neuvic.com\/nl_be\/wp-json\/wp\/v2\/types\/product"}],"version-history":[{"count":3,"href":"https:\/\/caviar-de-neuvic.com\/nl_be\/wp-json\/wp\/v2\/product\/29754\/revisions"}],"predecessor-version":[{"id":31975,"href":"https:\/\/caviar-de-neuvic.com\/nl_be\/wp-json\/wp\/v2\/product\/29754\/revisions\/31975"}],"wp:featuredmedia":[{"embeddable":true,"href":"https:\/\/caviar-de-neuvic.com\/nl_be\/wp-json\/wp\/v2\/media\/29751"}],"wp:attachment":[{"href":"https:\/\/caviar-de-neuvic.com\/nl_be\/wp-json\/wp\/v2\/media?parent=29754"}],"wp:term":[{"taxonomy":"product_brand","embeddable":true,"href":"https:\/\/caviar-de-neuvic.com\/nl_be\/wp-json\/wp\/v2\/product_brand?post=29754"},{"taxonomy":"product_cat","embeddable":true,"href":"https:\/\/caviar-de-neuvic.com\/nl_be\/wp-json\/wp\/v2\/product_cat?post=29754"},{"taxonomy":"product_tag","embeddable":true,"href":"https:\/\/caviar-de-neuvic.com\/nl_be\/wp-json\/wp\/v2\/product_tag?post=29754"}],"curies":[{"name":"wp","href":"https:\/\/api.w.org\/{rel}","templated":true}]}}