{"id":315,"date":"2016-10-06T15:56:01","date_gmt":"2016-10-06T15:56:01","guid":{"rendered":"https:\/\/caviar-de-neuvic.com\/produits\/coffret-decouverte\/"},"modified":"2026-01-20T15:06:20","modified_gmt":"2026-01-20T14:06:20","slug":"coffret-decouverte","status":"publish","type":"product","link":"https:\/\/caviar-de-neuvic.com\/nl_be\/p\/accueil\/coffrets\/coffret-decouverte\/","title":{"rendered":"Ontdekkingspakket"},"content":{"rendered":"<div class=\"col-md-3 titre\">Proeven<\/div>\n<div class=\"col-md-9\">\n<p>Het is het beste om uw blikje kaviaar 5 minuten voor het serveren uit de koelkast te halen. Plaats het op een bedje van ijs om de versheid tijdens de hele proeverij te bewaren. Gebruik bij voorkeur een klein lepeltje van parelmoer dat de eitjes niet beschadigt en oxidatie voorkomt.<\/p>\n<ul>\n<li><a style=\"color: #72a7a9;\" href=\"http:\/\/caviar-de-neuvic.com\/nl_be\/parlons-caviar\/comment-servir-du-caviar\/\">Onze tips voor het serveren van kaviaar<\/a><\/li>\n<li><a style=\"color: #72a7a9;\" href=\"http:\/\/caviar-de-neuvic.com\/nl_be\/parlons-caviar\/quantite-de-caviar-personne\/\">Hoeveel kaviaar per persoon?<\/a><\/li>\n<\/ul>\n<\/div>\n<div class=\"col-md-3 titre\">Te combineren met<\/div>\n<div class=\"col-md-9\">\n<p>De puurheid en kracht van een mooie wodka vormen een interessant contrast met de boterachtige en rijke tonen van de kaviaar en versterken tegelijkertijd een niet zo onschuldige frisheid.<\/p>\n<p>Retrouvez tous nos conseils sur notre blog :<\/p>\n<ul>\n<li><a style=\"color: #72a7a9;\" href=\"http:\/\/caviar-de-neuvic.com\/nl_be\/parlons-caviar\/comment-deguster-le-caviar\/\">Wat serveert u bij kaviaar?<\/a><\/li>\n<li><a style=\"color: #72a7a9;\" href=\"http:\/\/caviar-de-neuvic.com\/nl_be\/parlons-caviar\/comment-accompagner-le-caviar\/\">Wat kan ik bij kaviaar serveren?<\/a><\/li>\n<li><a style=\"color: #72a7a9;\" href=\"http:\/\/caviar-de-neuvic.com\/nl_be\/parlons-caviar\/que-boire-avec-le-caviar\/\">Wat drink je bij kaviaar?<\/a><\/li>\n<\/ul>\n<\/div>\n<div class=\"col-md-3 titre\">Eenvoudig recept: Ei met eitjes<\/div>\n<div class=\"col-md-9\">\n<p>Een perfect zachtgekookt scharrelei: verwijder voorzichtig het kapje, bedek het ei met een royale lepel kaviaar en plaats het kapje terug. Enkele dunne blini-soldaatjes erbij en genieten wordt in alle eenvoud vanzelfsprekend.<\/p>\n<p><a style=\"color: #72a7a9;\" href=\"http:\/\/caviar-de-neuvic.com\/nl_be\/parlons-caviar\/\">Al onze recepten op Parlons Caviar<\/a>, de blog van Caviar de Neuvic<\/p>\n<\/div>","protected":false},"excerpt":{"rendered":"<p>Ontdek de<strong>\u00a0Baeri Signature Kaviaar<\/strong>\u00a0met zijn subtiele boter- en hazelnoottonen,\u00a0<strong>de Kaviaarboter<\/strong>, alle smaken van kaviaar om te smeren of om mee te koken,\u00a0<strong>en de Rillettes d'esturgeon au Caviar et Baies roses,<\/strong>romig, smakelijk en verfijnd. Dit alles in een mythische verpakking, de Bo\u00eete Origine.<\/p>\n<p>Deze set bevat:<\/p>\n<ul>\n<li>1 doosje van 30 g Baeri Signature-kaviaar<\/li>\n<li>1 blikje (45g) Kaviaarboter<\/li>\n<li>1 potje van 90 g rillettes van steur met kaviaar<\/li>\n<\/ul>","protected":false},"featured_media":314,"template":"","meta":{"_acf_changed":false,"ocean_post_layout":"","ocean_both_sidebars_style":"","ocean_both_sidebars_content_width":0,"ocean_both_sidebars_sidebars_width":0,"ocean_sidebar":"0","ocean_second_sidebar":"0","ocean_disable_margins":"enable","ocean_add_body_class":"","ocean_shortcode_before_top_bar":"","ocean_shortcode_after_top_bar":"","ocean_shortcode_before_header":"","ocean_shortcode_after_header":"","ocean_has_shortcode":"","ocean_shortcode_after_title":"","ocean_shortcode_before_footer_widgets":"","ocean_shortcode_after_footer_widgets":"","ocean_shortcode_before_footer_bottom":"","ocean_shortcode_after_footer_bottom":"","ocean_display_top_bar":"default","ocean_display_header":"default","ocean_header_style":"","ocean_center_header_left_menu":"0","ocean_custom_header_template":"0","ocean_custom_logo":0,"ocean_custom_retina_logo":0,"ocean_custom_logo_max_width":0,"ocean_custom_logo_tablet_max_width":0,"ocean_custom_logo_mobile_max_width":0,"ocean_custom_logo_max_height":0,"ocean_custom_logo_tablet_max_height":0,"ocean_custom_logo_mobile_max_height":0,"ocean_header_custom_menu":"0","ocean_menu_typo_font_family":"0","ocean_menu_typo_font_subset":"","ocean_menu_typo_font_size":0,"ocean_menu_typo_font_size_tablet":0,"ocean_menu_typo_font_size_mobile":0,"ocean_menu_typo_font_size_unit":"px","ocean_menu_typo_font_weight":"","ocean_menu_typo_font_weight_tablet":"","ocean_menu_typo_font_weight_mobile":"","ocean_menu_typo_transform":"","ocean_menu_typo_transform_tablet":"","ocean_menu_typo_transform_mobile":"","ocean_menu_typo_line_height":0,"ocean_menu_typo_line_height_tablet":0,"ocean_menu_typo_line_height_mobile":0,"ocean_menu_typo_line_height_unit":"","ocean_menu_typo_spacing":0,"ocean_menu_typo_spacing_tablet":0,"ocean_menu_typo_spacing_mobile":0,"ocean_menu_typo_spacing_unit":"","ocean_menu_link_color":"","ocean_menu_link_color_hover":"","ocean_menu_link_color_active":"","ocean_menu_link_background":"","ocean_menu_link_hover_background":"","ocean_menu_link_active_background":"","ocean_menu_social_links_bg":"","ocean_menu_social_hover_links_bg":"","ocean_menu_social_links_color":"","ocean_menu_social_hover_links_color":"","ocean_disable_title":"default","ocean_disable_heading":"default","ocean_post_title":"","ocean_post_subheading":"","ocean_post_title_style":"","ocean_post_title_background_color":"","ocean_post_title_background":0,"ocean_post_title_bg_image_position":"","ocean_post_title_bg_image_attachment":"","ocean_post_title_bg_image_repeat":"","ocean_post_title_bg_image_size":"","ocean_post_title_height":0,"ocean_post_title_bg_overlay":0.5,"ocean_post_title_bg_overlay_color":"","ocean_disable_breadcrumbs":"default","ocean_breadcrumbs_color":"","ocean_breadcrumbs_separator_color":"","ocean_breadcrumbs_links_color":"","ocean_breadcrumbs_links_hover_color":"","ocean_display_footer_widgets":"default","ocean_display_footer_bottom":"default","ocean_custom_footer_template":"0","omw_enable_modal_window":"enable"},"product_brand":[],"product_cat":[28],"product_tag":[],"class_list":{"0":"post-315","1":"product","2":"type-product","3":"status-publish","4":"has-post-thumbnail","6":"product_cat-coffrets","7":"pa_conservation-aurefrigerateurentre0et4c_","8":"pa_origine-france","9":"pa_packdeproduits-oui","11":"entry","12":"has-media","14":"first","15":"outofstock","16":"taxable","17":"shipping-taxable","18":"purchasable","19":"product-type-simple","20":"has-product-nav","21":"col","22":"span_1_of_3","23":"owp-content-center","24":"item-entry","25":"owp-thumbs-layout-vertical","26":"owp-btn-normal","27":"owp-tabs-layout-horizontal"},"acf":[],"yoast_head":"<!-- This site is optimized with the Yoast SEO plugin v27.4 - https:\/\/yoast.com\/product\/yoast-seo-wordpress\/ -->\n<title>Coffret Origine D\u00e9couverte - Caviar de Neuvic<\/title>\n<meta name=\"description\" content=\"D\u00e9couvrez le Caviar Baeri Signature, le Beurre de Caviar et les Rillettes d&#039;esturgeon au Caviar et Baies roses. Un coffret raffin\u00e9 dans un \u00e9crin mythique, la Bo\u00eete Origine.\" \/>\n<meta name=\"robots\" content=\"index, follow, max-snippet:-1, max-image-preview:large, max-video-preview:-1\" \/>\n<link rel=\"canonical\" href=\"https:\/\/caviar-de-neuvic.com\/nl_be\/p\/accueil\/coffrets\/coffret-decouverte\/\" \/>\n<meta property=\"og:locale\" content=\"nl_BE\" \/>\n<meta property=\"og:type\" content=\"article\" \/>\n<meta property=\"og:title\" content=\"Coffret Origine D\u00e9couverte - Caviar de Neuvic\" \/>\n<meta property=\"og:description\" content=\"D\u00e9couvrez le Caviar Baeri Signature, le Beurre de Caviar et les Rillettes d&#039;esturgeon au Caviar et Baies roses. Un coffret raffin\u00e9 dans un \u00e9crin mythique, la Bo\u00eete Origine.\" \/>\n<meta property=\"og:url\" content=\"https:\/\/caviar-de-neuvic.com\/nl_be\/p\/accueil\/coffrets\/coffret-decouverte\/\" \/>\n<meta property=\"og:site_name\" content=\"Producteur Fran\u00e7ais De Caviar\" \/>\n<meta property=\"article:modified_time\" content=\"2026-01-20T14:06:20+00:00\" \/>\n<meta property=\"og:image\" content=\"https:\/\/caviar-de-neuvic.com\/wp-content\/uploads\/2016\/10\/2782-Coffret-Origine-Decouverte.jpg\" \/>\n\t<meta property=\"og:image:width\" content=\"1100\" \/>\n\t<meta property=\"og:image:height\" content=\"1422\" \/>\n\t<meta property=\"og:image:type\" content=\"image\/jpeg\" \/>\n<meta name=\"twitter:card\" content=\"summary_large_image\" \/>\n<meta name=\"twitter:label1\" content=\"Geschatte leestijd\" \/>\n\t<meta name=\"twitter:data1\" content=\"2 minuten\" \/>\n<script type=\"application\/ld+json\" class=\"yoast-schema-graph\">{\"@context\":\"https:\\\/\\\/schema.org\",\"@graph\":[{\"@type\":\"WebPage\",\"@id\":\"https:\\\/\\\/caviar-de-neuvic.com\\\/p\\\/accueil\\\/coffrets\\\/coffret-decouverte\\\/\",\"url\":\"https:\\\/\\\/caviar-de-neuvic.com\\\/p\\\/accueil\\\/coffrets\\\/coffret-decouverte\\\/\",\"name\":\"Coffret Origine D\u00e9couverte - Caviar de Neuvic\",\"isPartOf\":{\"@id\":\"http:\\\/\\\/caviar-de-neuvic.com\\\/fr\\\/#website\"},\"primaryImageOfPage\":{\"@id\":\"https:\\\/\\\/caviar-de-neuvic.com\\\/p\\\/accueil\\\/coffrets\\\/coffret-decouverte\\\/#primaryimage\"},\"image\":{\"@id\":\"https:\\\/\\\/caviar-de-neuvic.com\\\/p\\\/accueil\\\/coffrets\\\/coffret-decouverte\\\/#primaryimage\"},\"thumbnailUrl\":\"https:\\\/\\\/caviar-de-neuvic.com\\\/wp-content\\\/uploads\\\/2016\\\/10\\\/2782-Coffret-Origine-Decouverte.jpg\",\"datePublished\":\"2016-10-06T15:56:01+00:00\",\"dateModified\":\"2026-01-20T14:06:20+00:00\",\"description\":\"D\u00e9couvrez le Caviar Baeri Signature, le Beurre de Caviar et les Rillettes d'esturgeon au Caviar et Baies roses. Un coffret raffin\u00e9 dans un \u00e9crin mythique, la Bo\u00eete Origine.\",\"breadcrumb\":{\"@id\":\"https:\\\/\\\/caviar-de-neuvic.com\\\/p\\\/accueil\\\/coffrets\\\/coffret-decouverte\\\/#breadcrumb\"},\"inLanguage\":\"nl-BE\",\"potentialAction\":[{\"@type\":\"ReadAction\",\"target\":[\"https:\\\/\\\/caviar-de-neuvic.com\\\/p\\\/accueil\\\/coffrets\\\/coffret-decouverte\\\/\"]}]},{\"@type\":\"ImageObject\",\"inLanguage\":\"nl-BE\",\"@id\":\"https:\\\/\\\/caviar-de-neuvic.com\\\/p\\\/accueil\\\/coffrets\\\/coffret-decouverte\\\/#primaryimage\",\"url\":\"https:\\\/\\\/caviar-de-neuvic.com\\\/wp-content\\\/uploads\\\/2016\\\/10\\\/2782-Coffret-Origine-Decouverte.jpg\",\"contentUrl\":\"https:\\\/\\\/caviar-de-neuvic.com\\\/wp-content\\\/uploads\\\/2016\\\/10\\\/2782-Coffret-Origine-Decouverte.jpg\",\"width\":1100,\"height\":1422,\"caption\":\"Coffret Origine D\u00e9couverte\"},{\"@type\":\"BreadcrumbList\",\"@id\":\"https:\\\/\\\/caviar-de-neuvic.com\\\/p\\\/accueil\\\/coffrets\\\/coffret-decouverte\\\/#breadcrumb\",\"itemListElement\":[{\"@type\":\"ListItem\",\"position\":1,\"name\":\"Caviar de Neuvic\",\"item\":\"https:\\\/\\\/caviar-de-neuvic.com\\\/\"},{\"@type\":\"ListItem\",\"position\":2,\"name\":\"Shop\",\"item\":\"https:\\\/\\\/caviar-de-neuvic.com\\\/en\\\/shop\\\/\"},{\"@type\":\"ListItem\",\"position\":3,\"name\":\"Coffret \u00ab\u00a0D\u00e9couverte\u00a0\u00bb\"}]},{\"@type\":\"WebSite\",\"@id\":\"http:\\\/\\\/caviar-de-neuvic.com\\\/fr\\\/#website\",\"url\":\"http:\\\/\\\/caviar-de-neuvic.com\\\/fr\\\/\",\"name\":\"Producteur Fran\u00e7ais De Caviar\",\"description\":\"\",\"publisher\":{\"@id\":\"http:\\\/\\\/caviar-de-neuvic.com\\\/fr\\\/#organization\"},\"potentialAction\":[{\"@type\":\"SearchAction\",\"target\":{\"@type\":\"EntryPoint\",\"urlTemplate\":\"http:\\\/\\\/caviar-de-neuvic.com\\\/fr\\\/?s={search_term_string}\"},\"query-input\":{\"@type\":\"PropertyValueSpecification\",\"valueRequired\":true,\"valueName\":\"search_term_string\"}}],\"inLanguage\":\"nl-BE\"},{\"@type\":\"Organization\",\"@id\":\"http:\\\/\\\/caviar-de-neuvic.com\\\/fr\\\/#organization\",\"name\":\"Producteur Fran\u00e7ais De Caviar\",\"url\":\"http:\\\/\\\/caviar-de-neuvic.com\\\/fr\\\/\",\"logo\":{\"@type\":\"ImageObject\",\"inLanguage\":\"nl-BE\",\"@id\":\"http:\\\/\\\/caviar-de-neuvic.com\\\/fr\\\/#\\\/schema\\\/logo\\\/image\\\/\",\"url\":\"\",\"contentUrl\":\"\",\"caption\":\"Producteur Fran\u00e7ais De Caviar\"},\"image\":{\"@id\":\"http:\\\/\\\/caviar-de-neuvic.com\\\/fr\\\/#\\\/schema\\\/logo\\\/image\\\/\"}}]}<\/script>\n<!-- \/ Yoast SEO plugin. -->","yoast_head_json":{"title":"Coffret Origine D\u00e9couverte - Caviar de Neuvic","description":"D\u00e9couvrez le Caviar Baeri Signature, le Beurre de Caviar et les Rillettes d'esturgeon au Caviar et Baies roses. Un coffret raffin\u00e9 dans un \u00e9crin mythique, la Bo\u00eete Origine.","robots":{"index":"index","follow":"follow","max-snippet":"max-snippet:-1","max-image-preview":"max-image-preview:large","max-video-preview":"max-video-preview:-1"},"canonical":"https:\/\/caviar-de-neuvic.com\/nl_be\/p\/accueil\/coffrets\/coffret-decouverte\/","og_locale":"nl_BE","og_type":"article","og_title":"Coffret Origine D\u00e9couverte - Caviar de Neuvic","og_description":"D\u00e9couvrez le Caviar Baeri Signature, le Beurre de Caviar et les Rillettes d'esturgeon au Caviar et Baies roses. Un coffret raffin\u00e9 dans un \u00e9crin mythique, la Bo\u00eete Origine.","og_url":"https:\/\/caviar-de-neuvic.com\/nl_be\/p\/accueil\/coffrets\/coffret-decouverte\/","og_site_name":"Producteur Fran\u00e7ais De Caviar","article_modified_time":"2026-01-20T14:06:20+00:00","og_image":[{"width":1100,"height":1422,"url":"https:\/\/caviar-de-neuvic.com\/wp-content\/uploads\/2016\/10\/2782-Coffret-Origine-Decouverte.jpg","type":"image\/jpeg"}],"twitter_card":"summary_large_image","twitter_misc":{"Geschatte leestijd":"2 minuten"},"schema":{"@context":"https:\/\/schema.org","@graph":[{"@type":"WebPage","@id":"https:\/\/caviar-de-neuvic.com\/p\/accueil\/coffrets\/coffret-decouverte\/","url":"https:\/\/caviar-de-neuvic.com\/p\/accueil\/coffrets\/coffret-decouverte\/","name":"Coffret Origine D\u00e9couverte - Caviar de Neuvic","isPartOf":{"@id":"http:\/\/caviar-de-neuvic.com\/fr\/#website"},"primaryImageOfPage":{"@id":"https:\/\/caviar-de-neuvic.com\/p\/accueil\/coffrets\/coffret-decouverte\/#primaryimage"},"image":{"@id":"https:\/\/caviar-de-neuvic.com\/p\/accueil\/coffrets\/coffret-decouverte\/#primaryimage"},"thumbnailUrl":"https:\/\/caviar-de-neuvic.com\/wp-content\/uploads\/2016\/10\/2782-Coffret-Origine-Decouverte.jpg","datePublished":"2016-10-06T15:56:01+00:00","dateModified":"2026-01-20T14:06:20+00:00","description":"D\u00e9couvrez le Caviar Baeri Signature, le Beurre de Caviar et les Rillettes d'esturgeon au Caviar et Baies roses. Un coffret raffin\u00e9 dans un \u00e9crin mythique, la Bo\u00eete Origine.","breadcrumb":{"@id":"https:\/\/caviar-de-neuvic.com\/p\/accueil\/coffrets\/coffret-decouverte\/#breadcrumb"},"inLanguage":"nl-BE","potentialAction":[{"@type":"ReadAction","target":["https:\/\/caviar-de-neuvic.com\/p\/accueil\/coffrets\/coffret-decouverte\/"]}]},{"@type":"ImageObject","inLanguage":"nl-BE","@id":"https:\/\/caviar-de-neuvic.com\/p\/accueil\/coffrets\/coffret-decouverte\/#primaryimage","url":"https:\/\/caviar-de-neuvic.com\/wp-content\/uploads\/2016\/10\/2782-Coffret-Origine-Decouverte.jpg","contentUrl":"https:\/\/caviar-de-neuvic.com\/wp-content\/uploads\/2016\/10\/2782-Coffret-Origine-Decouverte.jpg","width":1100,"height":1422,"caption":"Coffret Origine D\u00e9couverte"},{"@type":"BreadcrumbList","@id":"https:\/\/caviar-de-neuvic.com\/p\/accueil\/coffrets\/coffret-decouverte\/#breadcrumb","itemListElement":[{"@type":"ListItem","position":1,"name":"Caviar de Neuvic","item":"https:\/\/caviar-de-neuvic.com\/"},{"@type":"ListItem","position":2,"name":"Shop","item":"https:\/\/caviar-de-neuvic.com\/en\/shop\/"},{"@type":"ListItem","position":3,"name":"Coffret \u00ab\u00a0D\u00e9couverte\u00a0\u00bb"}]},{"@type":"WebSite","@id":"http:\/\/caviar-de-neuvic.com\/fr\/#website","url":"http:\/\/caviar-de-neuvic.com\/fr\/","name":"Producteur Fran\u00e7ais De Caviar","description":"","publisher":{"@id":"http:\/\/caviar-de-neuvic.com\/fr\/#organization"},"potentialAction":[{"@type":"SearchAction","target":{"@type":"EntryPoint","urlTemplate":"http:\/\/caviar-de-neuvic.com\/fr\/?s={search_term_string}"},"query-input":{"@type":"PropertyValueSpecification","valueRequired":true,"valueName":"search_term_string"}}],"inLanguage":"nl-BE"},{"@type":"Organization","@id":"http:\/\/caviar-de-neuvic.com\/fr\/#organization","name":"Producteur Fran\u00e7ais De Caviar","url":"http:\/\/caviar-de-neuvic.com\/fr\/","logo":{"@type":"ImageObject","inLanguage":"nl-BE","@id":"http:\/\/caviar-de-neuvic.com\/fr\/#\/schema\/logo\/image\/","url":"","contentUrl":"","caption":"Producteur Fran\u00e7ais De Caviar"},"image":{"@id":"http:\/\/caviar-de-neuvic.com\/fr\/#\/schema\/logo\/image\/"}}]}},"_links":{"self":[{"href":"https:\/\/caviar-de-neuvic.com\/nl_be\/wp-json\/wp\/v2\/product\/315","targetHints":{"allow":["GET"]}}],"collection":[{"href":"https:\/\/caviar-de-neuvic.com\/nl_be\/wp-json\/wp\/v2\/product"}],"about":[{"href":"https:\/\/caviar-de-neuvic.com\/nl_be\/wp-json\/wp\/v2\/types\/product"}],"version-history":[{"count":2,"href":"https:\/\/caviar-de-neuvic.com\/nl_be\/wp-json\/wp\/v2\/product\/315\/revisions"}],"predecessor-version":[{"id":29877,"href":"https:\/\/caviar-de-neuvic.com\/nl_be\/wp-json\/wp\/v2\/product\/315\/revisions\/29877"}],"wp:featuredmedia":[{"embeddable":true,"href":"https:\/\/caviar-de-neuvic.com\/nl_be\/wp-json\/wp\/v2\/media\/314"}],"wp:attachment":[{"href":"https:\/\/caviar-de-neuvic.com\/nl_be\/wp-json\/wp\/v2\/media?parent=315"}],"wp:term":[{"taxonomy":"product_brand","embeddable":true,"href":"https:\/\/caviar-de-neuvic.com\/nl_be\/wp-json\/wp\/v2\/product_brand?post=315"},{"taxonomy":"product_cat","embeddable":true,"href":"https:\/\/caviar-de-neuvic.com\/nl_be\/wp-json\/wp\/v2\/product_cat?post=315"},{"taxonomy":"product_tag","embeddable":true,"href":"https:\/\/caviar-de-neuvic.com\/nl_be\/wp-json\/wp\/v2\/product_tag?post=315"}],"curies":[{"name":"wp","href":"https:\/\/api.w.org\/{rel}","templated":true}]}}